{"id":39897,"date":"2026-04-24T20:21:00","date_gmt":"2026-04-25T00:21:00","guid":{"rendered":"https:\/\/thirteenstrings.ca\/?post_type=product&#038;p=39897"},"modified":"2026-04-24T22:51:57","modified_gmt":"2026-04-25T02:51:57","slug":"fundraising-reception-for-thirteen-strings","status":"publish","type":"product","link":"https:\/\/thirteenstrings.ca\/fr\/product\/fundraising-reception-for-thirteen-strings\/","title":{"rendered":"R\u00e9ception-b\u00e9n\u00e9fice pour Thirteen Strings"},"content":{"rendered":"","protected":false},"excerpt":{"rendered":"<p class=\"p1\"><span class=\"s1\"><b>Jeudi 11 juin 2026 | 18 h \u2013 20 h<\/b><br \/>\n<b>\u00c0 l\u2019Ambassade de France, Ottawa<\/b><b><\/b><\/span><\/p>\n<p class=\"p1\"><span class=\"s1\">42 promenade Sussex, Ottawa<br \/>\nOntario K1M 2C9<\/span><\/p>\n<p class=\"p2\"><span class=\"s1\">\u00a0<\/span><\/p>\n<p class=\"p1\"><span class=\"s1\"><b>Billets :<\/b><b><\/b><\/span><\/p>\n<p class=\"p1\"><span class=\"s1\">&#8211; 150 $ par personne, incluant un re\u00e7u pour fins d&rsquo;imp\u00f4t de 85 $<\/span><\/p>\n<p class=\"p1\"><span class=\"s1\">&#8211; 2 billets pour 275 $, incluant un re\u00e7u pour fins d&rsquo;imp\u00f4t de 145 $<\/span><\/p>\n<p class=\"p1\"><span class=\"s1\">&#8211; 85 $ pour les adultes de moins de 30 ans, incluant un re\u00e7u pour fins d&rsquo;imp\u00f4t de 20 $ (nombre limit\u00e9 de billets disponibles)<\/span><\/p>\n<p class=\"p1\"><span class=\"s1\"><b>Avec une courte prestation de Thirteen Strings<\/b><b><\/b><\/span><\/p>\n<p class=\"p1\"><span class=\"s1\"><i>Vous ne pouvez pas venir \u00e0 cet \u00e9v\u00e9nement ?<\/i><i><\/i><\/span><\/p>\n<p class=\"p1\"><span class=\"s1\">Veuillez consid\u00e9rer un <strong><a href=\"https:\/\/thirteenstrings.ca\/fr\/faire-un-don\/\" target=\"_blank\" rel=\"noopener\">don<\/a><\/strong> \u00e0 Thirteen Strings pour soutenir nos activit\u00e9s.<\/span><\/p>\n","protected":false},"author":2,"featured_media":39852,"template":"","meta":[],"product_brand":[],"product_cat":[119],"product_tag":[],"class_list":{"0":"post-39897","1":"product","2":"type-product","3":"status-publish","4":"has-post-thumbnail","6":"product_cat-saison-2025-26","8":"first","9":"instock","10":"purchasable","11":"product-type-variable"},"_links":{"self":[{"href":"https:\/\/thirteenstrings.ca\/fr\/wp-json\/wp\/v2\/product\/39897","targetHints":{"allow":["GET"]}}],"collection":[{"href":"https:\/\/thirteenstrings.ca\/fr\/wp-json\/wp\/v2\/product"}],"about":[{"href":"https:\/\/thirteenstrings.ca\/fr\/wp-json\/wp\/v2\/types\/product"}],"author":[{"embeddable":true,"href":"https:\/\/thirteenstrings.ca\/fr\/wp-json\/wp\/v2\/users\/2"}],"wp:featuredmedia":[{"embeddable":true,"href":"https:\/\/thirteenstrings.ca\/fr\/wp-json\/wp\/v2\/media\/39852"}],"wp:attachment":[{"href":"https:\/\/thirteenstrings.ca\/fr\/wp-json\/wp\/v2\/media?parent=39897"}],"wp:term":[{"taxonomy":"product_brand","embeddable":true,"href":"https:\/\/thirteenstrings.ca\/fr\/wp-json\/wp\/v2\/product_brand?post=39897"},{"taxonomy":"product_cat","embeddable":true,"href":"https:\/\/thirteenstrings.ca\/fr\/wp-json\/wp\/v2\/product_cat?post=39897"},{"taxonomy":"product_tag","embeddable":true,"href":"https:\/\/thirteenstrings.ca\/fr\/wp-json\/wp\/v2\/product_tag?post=39897"}],"curies":[{"name":"wp","href":"https:\/\/api.w.org\/{rel}","templated":true}]}}