{"id":37311,"date":"2025-09-15T19:27:57","date_gmt":"2025-09-15T23:27:57","guid":{"rendered":"https:\/\/thirteenstrings.ca\/?post_type=product&#038;p=37311"},"modified":"2026-04-10T21:20:38","modified_gmt":"2026-04-11T01:20:38","slug":"vivaldi-rencontre-piazzolla","status":"publish","type":"product","link":"https:\/\/thirteenstrings.ca\/fr\/product\/vivaldi-rencontre-piazzolla\/","title":{"rendered":"Vivaldi rencontre Piazzolla"},"content":{"rendered":"<div class=\"wpb-content-wrapper\"><p>[vc_row css_animation=&#8221;&#8221; row_type=&#8221;row&#8221; use_row_as_full_screen_section=&#8221;no&#8221; type=&#8221;full_width&#8221; angled_section=&#8221;no&#8221; text_align=&#8221;left&#8221; background_image_as_pattern=&#8221;without_pattern&#8221;][vc_column][vc_row_inner row_type=&#8221;row&#8221; type=&#8221;full_width&#8221; text_align=&#8221;left&#8221; css_animation=&#8221;&#8221;][vc_column_inner][vc_column_text css=&#8221;&#8221;]<\/p>\n<h3>Informations sur le concert<\/h3>\n<p>[\/vc_column_text][\/vc_column_inner][\/vc_row_inner][vc_separator type=&#8221;normal&#8221; color=&#8221;#ECB247&#8243; thickness=&#8221;2&#8243; down=&#8221;25&#8243;][vc_column_text css=&#8221;&#8221;]<strong>Mercredi le 13 mai 2026 | 19 h 30<\/strong><br \/>\nCentre Carleton Dominion-Chalmers<br \/>\n<em>355 rue Cooper, Ottawa <small>(entr\u00e9e sur la rue Lisgar)<\/small><\/em><\/p>\n<h3><em>Vivaldi rencontre Piazzolla<\/em><\/h3>\n<p><strong>Kerson Leong<\/strong> \u2013 violon et direction<br \/>\n<strong>Thirteen Strings<\/strong><\/p>\n<p>&nbsp;<\/p>\n<p>Programme :<\/p>\n<p><strong>Kelly-Marie Murphy &#8211; <\/strong>Nouvelle \u0153uvre: \u00a050e anniversaire \u00ab Fanfare pour cordes \u00bb<\/p>\n<p><strong>Antonio Vivaldi<\/strong> &#8211; <em>Les Quatre Saisons<\/em><\/p>\n<p><strong>Astor Piazzolla<\/strong>.- <em>Les Quatre Saisons de Buenos Aires<\/em>[\/vc_column_text][\/vc_column][\/vc_row]<\/p>\n<\/div>","protected":false},"excerpt":{"rendered":"<h4><strong>Mercredi le 13 mai 2026 | 19 h 30<\/strong><\/h4>\n<h4><small>Carleton Dominion-Chalmers Centre<br \/>\n355 rue Cooper, Ottawa (entr\u00e9e sur la rue Lisgar)<\/small><\/h4>\n<div class=\"separator small left qode-sp-separator\"><\/div>\n<p><strong>Une finale palpitante pour la saison du 50e anniversaire de Thirteen Strings !<\/strong><\/p>\n<p>C\u00e9l\u00e9brez la fin de notre saison historique avec une soir\u00e9e inoubliable plac\u00e9e sous le signe de la musique, de la passion et de la virtuosit\u00e9. <strong>Kerson Leong<\/strong>, la sensation internationale originaire d&#8217;Ottawa, revient sur la sc\u00e8ne de Thirteen Strings pour un double programme puissant : les c\u00e9l\u00e8bres <strong><em>Quatre Saisons<\/em> de Vivaldi<\/strong> et <strong>les \u00e9lectrisantes<em> Quatre Saisons de Buenos Aires <\/em>de Piazzolla<\/strong>.<\/p>\n<p>Largement salu\u00e9 comme l&#8217;un des violonistes les plus dou\u00e9s de sa g\u00e9n\u00e9ration, Leong donnera vie \u00e0 la splendeur baroque de Vivaldi avec un talent artistique \u00e9poustouflant, puis changera de registre pour capturer l&#8217;esprit fougueux de l&#8217;Argentine dans l&#8217;hommage impr\u00e9gn\u00e9 de tango de Piazzolla aux humeurs changeantes de la nature.<\/p>\n<p>Ne manquez pas cette finale de saison exaltante qui promet d&#8217;\u00e9mouvoir l&#8217;\u00e2me et d&#8217;\u00e9blouir les sens.<\/p>\n","protected":false},"author":2,"featured_media":37331,"template":"","meta":[],"product_brand":[],"product_cat":[119],"product_tag":[],"class_list":{"0":"post-37311","1":"product","2":"type-product","3":"status-publish","4":"has-post-thumbnail","6":"product_cat-saison-2025-26","8":"first","9":"instock","10":"purchasable","11":"product-type-variable"},"_links":{"self":[{"href":"https:\/\/thirteenstrings.ca\/fr\/wp-json\/wp\/v2\/product\/37311","targetHints":{"allow":["GET"]}}],"collection":[{"href":"https:\/\/thirteenstrings.ca\/fr\/wp-json\/wp\/v2\/product"}],"about":[{"href":"https:\/\/thirteenstrings.ca\/fr\/wp-json\/wp\/v2\/types\/product"}],"author":[{"embeddable":true,"href":"https:\/\/thirteenstrings.ca\/fr\/wp-json\/wp\/v2\/users\/2"}],"wp:featuredmedia":[{"embeddable":true,"href":"https:\/\/thirteenstrings.ca\/fr\/wp-json\/wp\/v2\/media\/37331"}],"wp:attachment":[{"href":"https:\/\/thirteenstrings.ca\/fr\/wp-json\/wp\/v2\/media?parent=37311"}],"wp:term":[{"taxonomy":"product_brand","embeddable":true,"href":"https:\/\/thirteenstrings.ca\/fr\/wp-json\/wp\/v2\/product_brand?post=37311"},{"taxonomy":"product_cat","embeddable":true,"href":"https:\/\/thirteenstrings.ca\/fr\/wp-json\/wp\/v2\/product_cat?post=37311"},{"taxonomy":"product_tag","embeddable":true,"href":"https:\/\/thirteenstrings.ca\/fr\/wp-json\/wp\/v2\/product_tag?post=37311"}],"curies":[{"name":"wp","href":"https:\/\/api.w.org\/{rel}","templated":true}]}}