{"id":37305,"date":"2025-09-15T18:39:14","date_gmt":"2025-09-15T22:39:14","guid":{"rendered":"https:\/\/thirteenstrings.ca\/?post_type=product&#038;p=37305"},"modified":"2026-04-02T14:26:56","modified_gmt":"2026-04-02T18:26:56","slug":"metamorphosis","status":"publish","type":"product","link":"https:\/\/thirteenstrings.ca\/fr\/product\/metamorphosis\/","title":{"rendered":"M\u00e9tamorphoses"},"content":{"rendered":"<div class=\"wpb-content-wrapper\"><p>[vc_row css_animation=&#8221;&#8221; row_type=&#8221;row&#8221; use_row_as_full_screen_section=&#8221;no&#8221; type=&#8221;full_width&#8221; angled_section=&#8221;no&#8221; text_align=&#8221;left&#8221; background_image_as_pattern=&#8221;without_pattern&#8221;][vc_column][vc_row_inner row_type=&#8221;row&#8221; type=&#8221;full_width&#8221; text_align=&#8221;left&#8221; css_animation=&#8221;&#8221;][vc_column_inner][vc_column_text css=&#8221;&#8221;]<\/p>\n<h3>Informations sur le concert<\/h3>\n<p>[\/vc_column_text][\/vc_column_inner][\/vc_row_inner][vc_separator type=&#8221;normal&#8221; color=&#8221;#ECB247&#8243; thickness=&#8221;2&#8243; down=&#8221;25&#8243;][vc_row_inner row_type=&#8221;row&#8221; type=&#8221;full_width&#8221; text_align=&#8221;left&#8221; css_animation=&#8221;&#8221;][vc_column_inner width=&#8221;1\/2&#8243;][vc_column_text css=&#8221;&#8221;]<strong>Vendredi le 3 avril 2026 | 19 h 30<\/strong><br \/>\nCentre Carleton Dominion-Chalmers<br \/>\n<em>355 rue Cooper, Ottawa (entr\u00e9e sur la rue Lisgar)<\/em><\/p>\n<h3><em>M\u00e9tamorphoses<\/em><\/h3>\n<p><strong>Jean-Marie Zeitouni<\/strong>, chef d&#8217;orchestre<br \/>\n<strong>Mireille Asselin<\/strong> \u2013 soprano<br \/>\n<strong>Mireille Lebel<\/strong> \u2013 mezzo-soprano<br \/>\n<strong>Thirteen Strings<\/strong><\/p>\n<p><u>Program <\/u><\/p>\n<div><b>Julien Bilodeau<\/b> <b>\u2013<\/b> <em>Volta Breve<\/em><b> \u2013 <\/b> \u00ab Fanfare pour cordes \u00bb pour le 50e anniversaire<\/div>\n<p><strong>Richard Strauss &#8211;<\/strong><em> Metamorphosen<\/em><\/p>\n<p><strong>Giovanni Battista Pergolesi &#8211; <\/strong><em>Stabat Mater<\/em>[\/vc_column_text][\/vc_column_inner][vc_column_inner width=&#8221;1\/2&#8243;][vc_single_image image=&#8221;38835&#8243; img_size=&#8221;full&#8221; css=&#8221;&#8221; qode_css_animation=&#8221;&#8221;][\/vc_column_inner][\/vc_row_inner][\/vc_column][\/vc_row]<\/p>\n<\/div>","protected":false},"excerpt":{"rendered":"<h3><strong>Vendredi le 3 avril 2026 | 19 h 30<\/strong><\/h3>\n<h4><small>Carleton Dominion-Chalmers Centre<br \/>\n355 rue Cooper, Ottawa <em>(entr\u00e9e sur la rue Lisgar)<\/em><\/small><\/h4>\n<div class=\"separator small left qode-sp-separator\"><\/div>\n<p>Joignez-vous \u00e0 nous et assistez \u00e0 un concert d&#8217;une rare r\u00e9sonance \u00e9motionnelle et d&#8217;une profondeur spirituelle. Au c\u0153ur de ce concert se trouve <em>Metamorphosen <\/em>de Richard Strauss, une \u00e9l\u00e9gie \u00e9mouvante pour 23 cordes solo et l&#8217;une des \u0153uvres les plus profondes du r\u00e9pertoire pour orchestre \u00e0 cordes. Intime et expressive, elle aborde les th\u00e8mes de la beaut\u00e9, de l&#8217;humanit\u00e9 et de la perte irr\u00e9vocable.<\/p>\n<p>En contrepoint poignant, le radieux <em>Stabat Mater<\/em> de Pergolesi offre une r\u00e9flexion intemporelle sur la douleur et le r\u00e9confort, \u00e9crit pour deux voix, cordes et continuo. Ensemble, ces deux chefs-d&#8217;\u0153uvre cr\u00e9ent un arc inoubliable, allant de la d\u00e9vastation \u00e0 l&#8217;espoir, du chagrin \u00e0 la gr\u00e2ce.<\/p>\n<p>Dirig\u00e9 par le c\u00e9l\u00e8bre chef d\u2019orchestre canadien <strong>Jean-Marie Zeitouni<\/strong>, connu pour sa clart\u00e9 \u00e9motionnelle et sa finesse stylistique \u00e0 travers des si\u00e8cles de r\u00e9pertoire, ce programme met en vedette <strong>Thirteen Strings <\/strong>dans un ensemble \u00e9largi de superbes instrumentistes \u00e0 cordes et de collaborateurs de longue date.<\/p>\n","protected":false},"author":2,"featured_media":37329,"template":"","meta":[],"product_brand":[],"product_cat":[119],"product_tag":[],"class_list":{"0":"post-37305","1":"product","2":"type-product","3":"status-publish","4":"has-post-thumbnail","6":"product_cat-saison-2025-26","8":"first","9":"instock","10":"purchasable","11":"product-type-variable"},"_links":{"self":[{"href":"https:\/\/thirteenstrings.ca\/fr\/wp-json\/wp\/v2\/product\/37305","targetHints":{"allow":["GET"]}}],"collection":[{"href":"https:\/\/thirteenstrings.ca\/fr\/wp-json\/wp\/v2\/product"}],"about":[{"href":"https:\/\/thirteenstrings.ca\/fr\/wp-json\/wp\/v2\/types\/product"}],"author":[{"embeddable":true,"href":"https:\/\/thirteenstrings.ca\/fr\/wp-json\/wp\/v2\/users\/2"}],"wp:featuredmedia":[{"embeddable":true,"href":"https:\/\/thirteenstrings.ca\/fr\/wp-json\/wp\/v2\/media\/37329"}],"wp:attachment":[{"href":"https:\/\/thirteenstrings.ca\/fr\/wp-json\/wp\/v2\/media?parent=37305"}],"wp:term":[{"taxonomy":"product_brand","embeddable":true,"href":"https:\/\/thirteenstrings.ca\/fr\/wp-json\/wp\/v2\/product_brand?post=37305"},{"taxonomy":"product_cat","embeddable":true,"href":"https:\/\/thirteenstrings.ca\/fr\/wp-json\/wp\/v2\/product_cat?post=37305"},{"taxonomy":"product_tag","embeddable":true,"href":"https:\/\/thirteenstrings.ca\/fr\/wp-json\/wp\/v2\/product_tag?post=37305"}],"curies":[{"name":"wp","href":"https:\/\/api.w.org\/{rel}","templated":true}]}}