{"id":37283,"date":"2025-09-13T16:29:16","date_gmt":"2025-09-13T20:29:16","guid":{"rendered":"https:\/\/thirteenstrings.ca\/?post_type=product&#038;p=37283"},"modified":"2026-03-06T16:24:54","modified_gmt":"2026-03-06T21:24:54","slug":"exuberance","status":"publish","type":"product","link":"https:\/\/thirteenstrings.ca\/fr\/product\/exuberance\/","title":{"rendered":"Exub\u00e9rance"},"content":{"rendered":"<div class=\"wpb-content-wrapper\"><p>[vc_row css_animation=&#8221;&#8221; row_type=&#8221;row&#8221; use_row_as_full_screen_section=&#8221;no&#8221; type=&#8221;full_width&#8221; angled_section=&#8221;no&#8221; text_align=&#8221;left&#8221; background_image_as_pattern=&#8221;without_pattern&#8221;][vc_column][vc_row_inner row_type=&#8221;row&#8221; type=&#8221;full_width&#8221; text_align=&#8221;left&#8221; css_animation=&#8221;&#8221;][vc_column_inner][vc_column_text css=&#8221;&#8221;]<\/p>\n<h3>Informations sur le concert<\/h3>\n<p>[\/vc_column_text][\/vc_column_inner][\/vc_row_inner][vc_separator type=&#8221;normal&#8221; color=&#8221;#ECB247&#8243; thickness=&#8221;2&#8243; down=&#8221;25&#8243;][vc_column_text css=&#8221;&#8221;]<strong>Vendredi le 6 mars 2026 | 19 h 30<\/strong><\/p>\n<p>allsaints event space<br \/>\n<em>330 avenue Laurier Est, Ottawa<\/em><\/p>\n<h3><em>Exub\u00e9rance<\/em><\/h3>\n<p><strong>Andrei Feher<\/strong>, chef d&#8217;orchestre<br \/>\n<strong>Elisabeth St-Gelais<\/strong>, soprano<br \/>\n<strong>Thirteen Strings<\/strong><\/p>\n<p><u>Programme :<\/u><\/p>\n<p>Nouvelle \u0153uvre: 50e anniversaire \u00ab Fanfare pour cordes \u00bb (<strong>Kevin Lau<\/strong>, compositeur)<\/p>\n<p><strong>Felix Mendelssohn<\/strong> &#8211; Symphonie n\u00b0 1<\/p>\n<p><strong>Richard Wagner<\/strong> &#8211; <em>Wesendonck Lieder\u2002\u2002<\/em><\/p>\n<p><strong>Florence Price<\/strong> &#8211; <em>Adoration\u2002\u2002\u2002\u2002\u2002\u2002\u2002\u2002\u2002\u2002\u2002\u2002\u2002\u2002\u2002<\/em><\/p>\n<p><strong>Benjamin Britten <\/strong>&#8211; <em>Simple Symphony<\/em><\/p>\n<p>&nbsp;<\/p>\n<p><strong><a href=\"https:\/\/thirteenstrings.ca\/wp-content\/uploads\/2026\/03\/Exuberance-March-6-5.5x8.5-web.pdf\" target=\"_blank\" rel=\"noopener\">T\u00e9l\u00e9charger le programme du concert<\/a><\/strong>[\/vc_column_text][\/vc_column][\/vc_row]<\/p>\n<\/div>","protected":false},"excerpt":{"rendered":"<h3><strong>Vendredi le 6 mars 2026 | 19 h 30<\/strong><\/h3>\n<h4><small>allsaints event space<br \/>\n330 avenue Laurier Est, Ottawa<\/small><\/h4>\n<p><strong><a href=\"https:\/\/thirteenstrings.ca\/wp-content\/uploads\/2026\/03\/Exuberance-March-6-5.5x8.5-web.pdf\" target=\"_blank\" rel=\"noopener\">T\u00e9l\u00e9charger le programme du concert<\/a><\/strong><\/p>\n<div class=\"separator small left qode-sp-separator\"><\/div>\n<p>Vivez une soir\u00e9e inoubliable avec le c\u00e9l\u00e8bre chef d&#8217;orchestre canado-roumain Andrei Feher, qui dirige Thirteen Strings dans un programme puissant et \u00e9mouvant qui traverse les si\u00e8cles et les styles. Reconnu pour son int\u00e9grit\u00e9 musicale et sa programmation imaginative, Feher apporte une perspective nouvelle \u00e0 chaque repr\u00e9sentation.<\/p>\n<p>Andrei Feher et Thirteen Strings seront accompagn\u00e9s de la soprano Elisabeth St-Gelais, R\u00e9v\u00e9lation Radio-Canada Classique 2023-2024 et \u00e9toile montante de la sc\u00e8ne lyrique canadienne. Artiste innue originaire de Pessamit, Elisabeth est c\u00e9l\u00e9br\u00e9e pour sa voix riche et expressive et son d\u00e9vouement au partage culturel et \u00e0 la r\u00e9conciliation par la musique. Laur\u00e9ate du prestigieux prix Wirth Vocal Prize et nomm\u00e9e dans le classement #30under30 de la CBC, elle repr\u00e9sente une nouvelle g\u00e9n\u00e9ration dynamique d&#8217;artistes autochtones.<\/p>\n<p>La soir\u00e9e propose un programme magnifiquement con\u00e7u : la Sinfonia n\u00b0 1 de Mendelssohn, la dynamique <em>Stride<\/em> d&#8217;Anna Clyne, les \u00e9mouvants <em>Wesendonck Lieder<\/em> de Wagner, \u00a0la tr\u00e8s belle <em>Adoration<\/em> de Florence Price et la <em>Simple Symphony<\/em> enjou\u00e9e de Britten.<\/p>\n<p>Ne manquez pas cette collaboration inspirante entre des talents exceptionnels et une narration puissante \u00e0 travers la musique. Une soir\u00e9e de r\u00e9flexion, de passion et de connexion vous attend.<\/p>\n","protected":false},"author":2,"featured_media":37295,"template":"","meta":[],"product_brand":[],"product_cat":[119],"product_tag":[],"class_list":{"0":"post-37283","1":"product","2":"type-product","3":"status-publish","4":"has-post-thumbnail","6":"product_cat-saison-2025-26","8":"first","9":"instock","10":"purchasable","11":"product-type-variable"},"_links":{"self":[{"href":"https:\/\/thirteenstrings.ca\/fr\/wp-json\/wp\/v2\/product\/37283","targetHints":{"allow":["GET"]}}],"collection":[{"href":"https:\/\/thirteenstrings.ca\/fr\/wp-json\/wp\/v2\/product"}],"about":[{"href":"https:\/\/thirteenstrings.ca\/fr\/wp-json\/wp\/v2\/types\/product"}],"author":[{"embeddable":true,"href":"https:\/\/thirteenstrings.ca\/fr\/wp-json\/wp\/v2\/users\/2"}],"wp:featuredmedia":[{"embeddable":true,"href":"https:\/\/thirteenstrings.ca\/fr\/wp-json\/wp\/v2\/media\/37295"}],"wp:attachment":[{"href":"https:\/\/thirteenstrings.ca\/fr\/wp-json\/wp\/v2\/media?parent=37283"}],"wp:term":[{"taxonomy":"product_brand","embeddable":true,"href":"https:\/\/thirteenstrings.ca\/fr\/wp-json\/wp\/v2\/product_brand?post=37283"},{"taxonomy":"product_cat","embeddable":true,"href":"https:\/\/thirteenstrings.ca\/fr\/wp-json\/wp\/v2\/product_cat?post=37283"},{"taxonomy":"product_tag","embeddable":true,"href":"https:\/\/thirteenstrings.ca\/fr\/wp-json\/wp\/v2\/product_tag?post=37283"}],"curies":[{"name":"wp","href":"https:\/\/api.w.org\/{rel}","templated":true}]}}