{"id":37252,"date":"2025-09-13T10:30:26","date_gmt":"2025-09-13T14:30:26","guid":{"rendered":"https:\/\/thirteenstrings.ca\/?post_type=product&#038;p=37252"},"modified":"2025-11-08T14:23:29","modified_gmt":"2025-11-08T19:23:29","slug":"gerald-finley","status":"publish","type":"product","link":"https:\/\/thirteenstrings.ca\/fr\/product\/gerald-finley\/","title":{"rendered":"Gerald Finley &#038; Thirteen Strings"},"content":{"rendered":"<div class=\"wpb-content-wrapper\"><p>[vc_row css_animation=&#8221;&#8221; row_type=&#8221;row&#8221; use_row_as_full_screen_section=&#8221;no&#8221; type=&#8221;full_width&#8221; angled_section=&#8221;no&#8221; text_align=&#8221;left&#8221; background_image_as_pattern=&#8221;without_pattern&#8221;][vc_column][vc_row_inner row_type=&#8221;row&#8221; type=&#8221;full_width&#8221; text_align=&#8221;left&#8221; css_animation=&#8221;&#8221;][vc_column_inner][vc_column_text css=&#8221;&#8221;]<\/p>\n<h3>Informations sur le concert<\/h3>\n<p>[\/vc_column_text][\/vc_column_inner][\/vc_row_inner][vc_separator type=&#8221;normal&#8221; color=&#8221;#ECB247&#8243; thickness=&#8221;2&#8243; down=&#8221;25&#8243;][vc_column_text css=&#8221;&#8221;]<strong>Dimanche, le 14 d\u00e9cembre 2025 \u00e0 19 h 30<\/strong><\/p>\n<p>\u00c9glise St. Matthew\u2019s dans le quartier Glebe<br \/>\n<em>217 First Avenue, Ottawa<\/em><\/p>\n<h3><em>Gerald Finley &amp; Thirteen Strings<\/em><\/h3>\n<p class=\"m_-1823645059581035622MsoListParagraph\"><b>Gerald Finley &#8211;<\/b>\u00a0baryton<br \/>\n<u><\/u><u><\/u><b>Thirteen Strings<br \/>\n<u><\/u><u><\/u><\/b><b>Matthew Larkin \u2013\u00a0<\/b>chef d\u2019orchestre<\/p>\n<p><u>Programme<\/u> :<\/p>\n<p style=\"font-weight: 400;\"><strong>Hooshyar Khayam<\/strong><em>\u00a0<\/em>: 50e anniversaire \u00ab Fanfare pour cordes \u00bb<\/p>\n<p style=\"font-weight: 400;\"><strong>Arcangelo Corelli:\u00a0<\/strong>Concerto grosso en sol mineur\u00a0<em>Fatto per la Notte di Natale<\/em>, Op.6 No.8<strong>\u00a0<\/strong><\/p>\n<p style=\"font-weight: 400;\"><strong>Johann Sebastian Bach<\/strong>\u00a0\u2013\u00a0Cantate\u00a0<em>Ich habe genug,\u00a0<\/em>BWV\u00a082<\/p>\n<p style=\"font-weight: 400;\"><strong>Derek Holman<\/strong>\u00a0\u2013\u00a0<em>Four Shakespeare songs\u00a0<\/em>pour baryton et orchestre \u00e0 cordes<em>\u00a0<\/em>(\u00e9crites pour Gerald Finley et Thirteen Strings)<\/p>\n<p style=\"font-weight: 400;\"><strong>George Frideric Haendel \u2013\u00a0<\/strong><em>Le Messie (extraits)<\/em><\/p>\n<p style=\"font-weight: 400;\"><em>Sinfonia\u00a0<\/em><\/p>\n<p style=\"font-weight: 400;\"><em>\u2018Thus said the Lord\u2019 (r\u00e9citatif)<\/em><\/p>\n<p style=\"font-weight: 400;\"><em>\u2018But who may abide\u2019 (aria)<\/em><\/p>\n<p style=\"font-weight: 400;\">+ Chants de No\u00ebl avec le public<\/p>\n<p>[\/vc_column_text][\/vc_column][\/vc_row]<\/p>\n<\/div>","protected":false},"excerpt":{"rendered":"<h3><strong>Dimanche, le 14 d\u00e9cembre 2025 \u00e0 19 h 30<\/strong><\/h3>\n<h4><small>\u00c9glise St. Matthew\u2019s dans le quartier Glebe<br \/>\n217 First Avenue, Ottawa<\/small><\/h4>\n<div class=\"separator small left qode-sp-separator\"><\/div>\n<p>Joignez-vous \u00e0 nous pour une soir\u00e9e inoubliable o\u00f9 <strong>le baryton-basse canadien Gerald Finley, laur\u00e9at d&#8217;un Grammy Award<\/strong>, honorera de sa pr\u00e9sence la sc\u00e8ne lors d&#8217;un concert sp\u00e9cial marquant <strong>le 50e anniversaire de Thirteen Strings et la p\u00e9riode des f\u00eates.<\/strong> Consid\u00e9r\u00e9 comme l&#8217;un des plus grands interpr\u00e8tes dramatiques de notre \u00e9poque, Gerald Finley a captiv\u00e9 le public du monde entier par sa pr\u00e9sence imposante, sa voix riche et sa profonde musicalit\u00e9. Des plus grands op\u00e9ras du monde aux enregistrements acclam\u00e9s, son art s&#8217;\u00e9tend \u00e0 l&#8217;op\u00e9ra, au chant et au r\u00e9pertoire orchestral.<\/p>\n<p>Ayant fait ses d\u00e9buts comme choriste \u00e0 Ottawa et ensuite form\u00e9 au Royaume-Uni, Gerald Finley apporte toute une vie d&#8217;excellence musicale \u00e0 ce spectacle festif. Commandeur de l&#8217;Ordre de l&#8217;Empire britannique et Officier de l&#8217;Ordre du Canada, il continue d&#8217;inspirer en tant qu&#8217;interpr\u00e8te et \u00e9ducateur.<\/p>\n<p>C\u00e9l\u00e9brez cinq d\u00e9cennies d&#8217;excellence de l&#8217;orchestre de chambre et l&#8217;esprit du temps des f\u00eates avec une soir\u00e9e de musique magnifique.<\/p>\n<p><strong>Une seule soir\u00e9e \u2013 ne la manquez pas !<\/strong><\/p>\n<p><strong><a href=\"https:\/\/thirteenstrings.ca\/fr\/product\/abonnements-2025-2026\/\">Achetez vos abonnements de saison maintenant<\/a><\/strong><\/p>\n","protected":false},"author":2,"featured_media":37388,"template":"","meta":[],"product_brand":[],"product_cat":[119],"product_tag":[],"class_list":{"0":"post-37252","1":"product","2":"type-product","3":"status-publish","4":"has-post-thumbnail","6":"product_cat-saison-2025-26","8":"first","9":"instock","10":"purchasable","11":"product-type-variable"},"_links":{"self":[{"href":"https:\/\/thirteenstrings.ca\/fr\/wp-json\/wp\/v2\/product\/37252","targetHints":{"allow":["GET"]}}],"collection":[{"href":"https:\/\/thirteenstrings.ca\/fr\/wp-json\/wp\/v2\/product"}],"about":[{"href":"https:\/\/thirteenstrings.ca\/fr\/wp-json\/wp\/v2\/types\/product"}],"author":[{"embeddable":true,"href":"https:\/\/thirteenstrings.ca\/fr\/wp-json\/wp\/v2\/users\/2"}],"wp:featuredmedia":[{"embeddable":true,"href":"https:\/\/thirteenstrings.ca\/fr\/wp-json\/wp\/v2\/media\/37388"}],"wp:attachment":[{"href":"https:\/\/thirteenstrings.ca\/fr\/wp-json\/wp\/v2\/media?parent=37252"}],"wp:term":[{"taxonomy":"product_brand","embeddable":true,"href":"https:\/\/thirteenstrings.ca\/fr\/wp-json\/wp\/v2\/product_brand?post=37252"},{"taxonomy":"product_cat","embeddable":true,"href":"https:\/\/thirteenstrings.ca\/fr\/wp-json\/wp\/v2\/product_cat?post=37252"},{"taxonomy":"product_tag","embeddable":true,"href":"https:\/\/thirteenstrings.ca\/fr\/wp-json\/wp\/v2\/product_tag?post=37252"}],"curies":[{"name":"wp","href":"https:\/\/api.w.org\/{rel}","templated":true}]}}