{"id":37233,"date":"2025-09-12T17:55:43","date_gmt":"2025-09-12T21:55:43","guid":{"rendered":"https:\/\/thirteenstrings.ca\/?post_type=product&#038;p=37233"},"modified":"2025-11-02T13:42:25","modified_gmt":"2025-11-02T18:42:25","slug":"les-passions-humaines-reprise","status":"publish","type":"product","link":"https:\/\/thirteenstrings.ca\/fr\/product\/les-passions-humaines-reprise\/","title":{"rendered":"Les passions humaines (Gatineau)"},"content":{"rendered":"<div class=\"wpb-content-wrapper\"><p>[vc_row css_animation=&#8221;&#8221; row_type=&#8221;row&#8221; use_row_as_full_screen_section=&#8221;no&#8221; type=&#8221;full_width&#8221; angled_section=&#8221;no&#8221; text_align=&#8221;left&#8221; background_image_as_pattern=&#8221;without_pattern&#8221;][vc_column][vc_row_inner row_type=&#8221;row&#8221; type=&#8221;full_width&#8221; text_align=&#8221;left&#8221; css_animation=&#8221;&#8221;][vc_column_inner][vc_column_text css=&#8221;&#8221;]<\/p>\n<h3>Informations sur le concert<\/h3>\n<p>[\/vc_column_text][\/vc_column_inner][\/vc_row_inner][vc_separator type=&#8221;normal&#8221; color=&#8221;#ECB247&#8243; thickness=&#8221;2&#8243; down=&#8221;25&#8243;][vc_column_text css=&#8221;&#8221;]<strong>Dimanche le 2 novembre 2025 | 15 h<\/strong><\/p>\n<p>Mission Catholique Portugaise de l&#8217;Esprit Saint (MCPSE)<br \/>\n<em>13 Sainte-Bernadette, Gatineau (Qu\u00e9bec) J8X 2C3<\/em><\/p>\n<h3><em>Les passions humaines<\/em><\/h3>\n<p><strong>Elisa Citterio,<\/strong> violon et direction<br \/>\nAvec les cordes du Conservatoire de Gatineau<\/p>\n<p><u>Au programme :<\/u><\/p>\n<p><b>Marie-Claire Saindon<\/b> \u2013 50e anniversaire \u00ab Fanfare pour cordes \u00bb<\/p>\n<p><strong>Evaristo Felice Dall&#8217;Abaco<\/strong> &#8211; Concerto grosso en r\u00e9 majeur (joie)<\/p>\n<p><strong>Pietro Locatelli<\/strong> &#8211; <em>Il Pianto di Arianna<\/em> &#8211; Concerto grosso (lutte)<\/p>\n<p><strong>Giuseppe Valentini<\/strong> &#8211; Concerto pour 4 violons, alto et basse continue (excitation)<\/p>\n<p><strong>Tomaso Albinoni<\/strong> &#8211; <em>Sonate a cinque <\/em>pour deux violons, deux altos, et basse continue en do majeur, opus. 2 no. 2<\/p>\n<p><strong>Antonio Vivaldi<\/strong> \u00ab Amato bene \u00bb concerto pour violon, cordes et basse continue (torts amoureux)<\/p>\n<p><strong>Arcangelo Corelli<\/strong> &#8211; Concerto grosso opus 6 n\u00b0 4[\/vc_column_text][\/vc_column][\/vc_row]<\/p>\n<\/div>","protected":false},"excerpt":{"rendered":"<p>(reprise \u00e0 Gatineau)<\/p>\n<div class=\"separator small left qode-sp-separator\"><\/div>\n<h4>Dimanche le 2 novembre 2025 | 15 h<br \/>\n<small>Mission Catholique Portugaise de l&#8217;Esprit Saint (MCPSE)<br \/>\n<em>13 Sainte-Bernadette, Gatineau (Qu\u00e9bec) J8X 2C3<\/em><br \/>\n<\/small><\/h4>\n<div class=\"separator small left qode-sp-separator\"><\/div>\n<p>Le samedi 1er novembre \u00e0 Ottawa, nous accueillons la brillante violoniste italienne\u00a0<b>Elisa Citterio<\/b>, ancienne directrice musicale de Tafelmusik et aujourd&#8217;hui professeure \u00e9m\u00e9rite de violon et d&#8217;alto baroques \u00e0 l&#8217;Universit\u00e9 Mozarteum de Salzbourg. Apr\u00e8s avoir fait ses d\u00e9buts sur sc\u00e8ne avec\u00a0<b>Thirteen Strings<\/b>, elle dirigera les jeunes et talentueux instrumentistes \u00e0 cordes du\u00a0<b>Conservatoire de musique de Gatineau<\/b>\u00a0dans ce concert du 2 novembre. Les jeunes musiciens se joindront \u00e0\u00a0<b>Thirteen Strings\u00a0<\/b>pour interpr\u00e9ter une pi\u00e8ce dans le cadre de ce programme dynamique de musique baroque italienne qui explore toute la gamme des passions humaines.<\/p>\n<hr style=\"solid 1px #ccc; margin-top: 25px; margin-bottom: 25px;\" \/>\n<p>\u00ab Le but de la musique n&#8217;est pas seulement de plaire \u00e0 l&#8217;oreille, mais aussi d&#8217;exprimer des sentiments, de frapper l&#8217;imagination, d&#8217;influencer l&#8217;esprit et de commander les passions. \u00bb<\/p>\n<p>Rien n&#8217;a chang\u00e9 depuis que Francesco Geminiani a \u00e9crit ces mots dans la pr\u00e9face de \u00ab L&#8217;art de jouer du violon \u00bb en 1751.<\/p>\n<p>Aujourd&#8217;hui plus que jamais, l&#8217;\u00e2me humaine a soif de passions et d&#8217;\u00e9motions, elle a besoin d&#8217;\u00eatre touch\u00e9e par un art qui, malgr\u00e9 la course \u00e0 la num\u00e9risation du monde actuel, exprime le meilleur de lui-m\u00eame dans l\u2019art vivant comme un moment unique et irrempla\u00e7able.<\/p>\n<p>Chaque pi\u00e8ce musicale na\u00eet d&#8217;un moment d&#8217;inspiration dict\u00e9 par un mouvement de l&#8217;\u00e2me et, dans ce programme, j&#8217;ai essay\u00e9 d&#8217;associer des pages musicales au message expressif fort, parfois immortalis\u00e9 par un titre choisi par le compositeur lui-m\u00eame.<\/p>\n<p>Le d\u00e9sir ultime de tout interpr\u00e8te est que l&#8217;auditeur quitte la salle de concert un peu enrichi dans son \u00e2me, tout comme cela arrive au musicien lui-m\u00eame.<\/p>\n<p>Bonne \u00e9coute !<\/p>\n<p>Elisa Citterio<\/p>\n<p>&nbsp;<\/p>\n<p><strong><a href=\"https:\/\/thirteenstrings.ca\/wp-content\/uploads\/2025\/09\/Human-Passions-Nov-2-web.pdf\">T\u00e9l\u00e9charger le programme<\/a><\/strong><\/p>\n","protected":false},"author":2,"featured_media":37195,"template":"","meta":[],"product_brand":[],"product_cat":[119],"product_tag":[],"class_list":{"0":"post-37233","1":"product","2":"type-product","3":"status-publish","4":"has-post-thumbnail","6":"product_cat-saison-2025-26","8":"first","9":"instock","10":"purchasable","11":"product-type-variable"},"_links":{"self":[{"href":"https:\/\/thirteenstrings.ca\/fr\/wp-json\/wp\/v2\/product\/37233","targetHints":{"allow":["GET"]}}],"collection":[{"href":"https:\/\/thirteenstrings.ca\/fr\/wp-json\/wp\/v2\/product"}],"about":[{"href":"https:\/\/thirteenstrings.ca\/fr\/wp-json\/wp\/v2\/types\/product"}],"author":[{"embeddable":true,"href":"https:\/\/thirteenstrings.ca\/fr\/wp-json\/wp\/v2\/users\/2"}],"wp:featuredmedia":[{"embeddable":true,"href":"https:\/\/thirteenstrings.ca\/fr\/wp-json\/wp\/v2\/media\/37195"}],"wp:attachment":[{"href":"https:\/\/thirteenstrings.ca\/fr\/wp-json\/wp\/v2\/media?parent=37233"}],"wp:term":[{"taxonomy":"product_brand","embeddable":true,"href":"https:\/\/thirteenstrings.ca\/fr\/wp-json\/wp\/v2\/product_brand?post=37233"},{"taxonomy":"product_cat","embeddable":true,"href":"https:\/\/thirteenstrings.ca\/fr\/wp-json\/wp\/v2\/product_cat?post=37233"},{"taxonomy":"product_tag","embeddable":true,"href":"https:\/\/thirteenstrings.ca\/fr\/wp-json\/wp\/v2\/product_tag?post=37233"}],"curies":[{"name":"wp","href":"https:\/\/api.w.org\/{rel}","templated":true}]}}