{"id":37210,"date":"2025-09-12T14:18:34","date_gmt":"2025-09-12T18:18:34","guid":{"rendered":"https:\/\/thirteenstrings.ca\/?post_type=product&#038;p=37210"},"modified":"2025-11-01T12:49:08","modified_gmt":"2025-11-01T16:49:08","slug":"human-passions","status":"publish","type":"product","link":"https:\/\/thirteenstrings.ca\/fr\/product\/human-passions\/","title":{"rendered":"Les passions humaines"},"content":{"rendered":"<div class=\"wpb-content-wrapper\"><p>[vc_row css_animation=&#8221;&#8221; row_type=&#8221;row&#8221; use_row_as_full_screen_section=&#8221;no&#8221; type=&#8221;full_width&#8221; angled_section=&#8221;no&#8221; text_align=&#8221;left&#8221; background_image_as_pattern=&#8221;without_pattern&#8221;][vc_column][vc_row_inner row_type=&#8221;row&#8221; type=&#8221;full_width&#8221; text_align=&#8221;left&#8221; css_animation=&#8221;&#8221;][vc_column_inner][vc_column_text css=&#8221;&#8221;]<\/p>\n<h3>Informations sur le concert<\/h3>\n<p>[\/vc_column_text][\/vc_column_inner][\/vc_row_inner][vc_separator type=&#8221;normal&#8221; color=&#8221;#ECB247&#8243; thickness=&#8221;2&#8243; down=&#8221;25&#8243;][vc_column_text css=&#8221;&#8221;]<strong>Samedi le 1<sup>er<\/sup> novembre 2025 | 19 h 30<\/strong><\/p>\n<p>Centre Carleton Dominion-Chalmers<br \/>\n<em>355 rue Cooper, Ottawa (entr\u00e9e sur la rue Lisgar)<\/em><\/p>\n<h3><em>Les passions humaines<\/em><\/h3>\n<p><strong>Elisa Citterio,<\/strong> violon et direction<br \/>\n<strong>Thirteen Strings<\/strong><\/p>\n<p><u>Au programme<\/u> :<\/p>\n<p><b>Marie-Claire Saindon<\/b> \u2013 50e anniversaire \u00ab Fanfare pour cordes \u00bb<\/p>\n<p><strong>Evaristo Felice Dall&#8217;Abaco<\/strong> &#8211; Concerto grosso en r\u00e9 majeur (joie)<\/p>\n<p><strong>Pietro Locatelli<\/strong> &#8211; <em>Il Pianto di Arianna<\/em> &#8211; Concerto grosso (lutte)<\/p>\n<p><strong>Giuseppe Valentini<\/strong> &#8211; Concerto pour 4 violons, alto et basse continue (excitation)<\/p>\n<p><strong>Tomaso Albinoni<\/strong> &#8211; <em>Sonate a cinque <\/em>pour deux violons, deux altos, et basse continue en do majeur, opus. 2 no. 2<\/p>\n<p><strong>Antonio Vivaldi<\/strong> \u00ab Amato bene \u00bb concerto pour violon, cordes et basse continue (torts amoureux)<\/p>\n<p><strong>Arcangelo Corelli<\/strong> &#8211; Concerto grosso opus 6 n\u00b0 4[\/vc_column_text][\/vc_column][\/vc_row]<\/p>\n<\/div>","protected":false},"excerpt":{"rendered":"<h3>Samedi le 1<sup>er<\/sup> novembre 2025 | 19 h 30<\/h3>\n<h4><small>Centre Carleton Dominion-Chalmers<br \/>\n355 rue Cooper, Ottawa <em>(entr\u00e9e sur la rue Lisgar)<\/em><\/small><\/h4>\n<div class=\"separator small left qode-sp-separator\"><\/div>\n<blockquote><p><em>\u00ab Son jeu splendide enchante toujours. Mais c&#8217;est gr\u00e2ce \u00e0 son style de direction engageant qu&#8217;elle am\u00e8ne l&#8217;orchestre \u00e0 jouer avec pr\u00e9cision, joie et une musicalit\u00e9 \u00e9tincelante. \u00bb David Richards<\/em><\/p><\/blockquote>\n<p>Rejoignez-nous pour un concert vraiment sp\u00e9cial o\u00f9 nous accueillerons la brillante violoniste italienne <strong>Elisa Citterio<\/strong>, ancienne directrice musicale de Tafelmusik et aujourd&#8217;hui professeure \u00e9m\u00e9rite de violon baroque et d&#8217;alto \u00e0 l&#8217;universit\u00e9 Mozarteum de Salzbourg.<\/p>\n<p>Pour la premi\u00e8re fois, elle se produit avec <strong>Thirteen Strings<\/strong>, apportant son talent artistique et sa profondeur caract\u00e9ristiques \u00e0 un programme vibrant de <strong>musique baroque italienne<\/strong> qui explore toute la gamme des passions humaines.<\/p>\n<p>Ne manquez pas ce concert inoubliable, o\u00f9 la virtuosit\u00e9 rencontre l&#8217;\u00e9motion.<\/p>\n<hr style=\"solid 1px #ccc; margin-top: 25px; margin-bottom: 25px;\" \/>\n<p>\u00ab Le but de la musique n&#8217;est pas seulement de plaire \u00e0 l&#8217;oreille, mais aussi d&#8217;exprimer des sentiments, de frapper l&#8217;imagination, d&#8217;influencer l&#8217;esprit et de commander les passions. \u00bb<\/p>\n<p>Rien n&#8217;a chang\u00e9 depuis que Francesco Geminiani a \u00e9crit ces mots dans la pr\u00e9face de \u00ab L&#8217;art de jouer du violon \u00bb en 1751.<\/p>\n<p>Aujourd&#8217;hui plus que jamais, l&#8217;\u00e2me humaine a soif de passions et d&#8217;\u00e9motions, elle a besoin d&#8217;\u00eatre touch\u00e9e par un art qui, malgr\u00e9 la course \u00e0 la num\u00e9risation du monde actuel, exprime le meilleur de lui-m\u00eame dans l\u2019art vivant comme un moment unique et irrempla\u00e7able.<\/p>\n<p>Chaque pi\u00e8ce musicale na\u00eet d&#8217;un moment d&#8217;inspiration dict\u00e9 par un mouvement de l&#8217;\u00e2me et, dans ce programme, j&#8217;ai essay\u00e9 d&#8217;associer des pages musicales au message expressif fort, parfois immortalis\u00e9 par un titre choisi par le compositeur lui-m\u00eame.<\/p>\n<p>Le d\u00e9sir ultime de tout interpr\u00e8te est que l&#8217;auditeur quitte la salle de concert un peu enrichi dans son \u00e2me, tout comme cela arrive au musicien lui-m\u00eame.<\/p>\n<p>Bonne \u00e9coute !<\/p>\n<p>Elisa Citterio<\/p>\n<p>&nbsp;<\/p>\n<p><strong><a href=\"https:\/\/thirteenstrings.ca\/wp-content\/uploads\/2025\/09\/Human-Passions-Nov-1-web.pdf\">T\u00e9l\u00e9charger le programme<\/a><\/strong><\/p>\n","protected":false},"author":2,"featured_media":37195,"template":"","meta":[],"product_brand":[],"product_cat":[119],"product_tag":[],"class_list":{"0":"post-37210","1":"product","2":"type-product","3":"status-publish","4":"has-post-thumbnail","6":"product_cat-saison-2025-26","8":"first","9":"instock","10":"purchasable","11":"product-type-variable"},"_links":{"self":[{"href":"https:\/\/thirteenstrings.ca\/fr\/wp-json\/wp\/v2\/product\/37210","targetHints":{"allow":["GET"]}}],"collection":[{"href":"https:\/\/thirteenstrings.ca\/fr\/wp-json\/wp\/v2\/product"}],"about":[{"href":"https:\/\/thirteenstrings.ca\/fr\/wp-json\/wp\/v2\/types\/product"}],"author":[{"embeddable":true,"href":"https:\/\/thirteenstrings.ca\/fr\/wp-json\/wp\/v2\/users\/2"}],"wp:featuredmedia":[{"embeddable":true,"href":"https:\/\/thirteenstrings.ca\/fr\/wp-json\/wp\/v2\/media\/37195"}],"wp:attachment":[{"href":"https:\/\/thirteenstrings.ca\/fr\/wp-json\/wp\/v2\/media?parent=37210"}],"wp:term":[{"taxonomy":"product_brand","embeddable":true,"href":"https:\/\/thirteenstrings.ca\/fr\/wp-json\/wp\/v2\/product_brand?post=37210"},{"taxonomy":"product_cat","embeddable":true,"href":"https:\/\/thirteenstrings.ca\/fr\/wp-json\/wp\/v2\/product_cat?post=37210"},{"taxonomy":"product_tag","embeddable":true,"href":"https:\/\/thirteenstrings.ca\/fr\/wp-json\/wp\/v2\/product_tag?post=37210"}],"curies":[{"name":"wp","href":"https:\/\/api.w.org\/{rel}","templated":true}]}}