{"id":36850,"date":"2025-05-08T16:09:22","date_gmt":"2025-05-08T20:16:54","guid":{"rendered":"https:\/\/thirteenstrings.ca\/?post_type=product&#038;p=36850"},"modified":"2025-06-18T21:30:30","modified_gmt":"2025-06-19T01:30:30","slug":"reception-benefice","status":"publish","type":"product","link":"https:\/\/thirteenstrings.ca\/fr\/product\/reception-benefice\/","title":{"rendered":"R\u00e9ception"},"content":{"rendered":"","protected":false},"excerpt":{"rendered":"<p><strong>R\u00e9ception pour Thirteen Strings, vendredi le 20 juin 2025, de 18 h a\u00cc 20 h<\/strong><\/p>\n<p>Nos h\u00f4tes: <strong><em>Tjorven Bellmann et Matthias L\u00fcttenberg<\/em><\/strong>, Ambassadeurs d\u2019Allemagne au Canada<\/p>\n<p>R\u00e9sidence de l\u2019Allemagne<br \/>\n290 Coltrin Rd, Ottawa, ON K1M 0A5<\/p>\n<p>Pour soutenir nos activit\u00e9s et pour c\u00e9l\u00e9brer notre 50<sup>e<\/sup> anniversaire en 2025-2026.<\/p>\n<p>Veuillez <a href=\"https:\/\/thirteenstrings.ca\/contact\/\">nous contacter<\/a> si vous \u00eates int\u00e9ress\u00e9s \u00e0 assister \u00e0 cet \u00e9v\u00e8nement.<\/p>\n","protected":false},"author":2,"featured_media":36965,"template":"","meta":[],"product_brand":[],"product_cat":[87],"product_tag":[],"class_list":{"0":"post-36850","1":"product","2":"type-product","3":"status-publish","4":"has-post-thumbnail","6":"product_cat-reception-benefice","8":"first","9":"outofstock","10":"product-type-simple"},"_links":{"self":[{"href":"https:\/\/thirteenstrings.ca\/fr\/wp-json\/wp\/v2\/product\/36850","targetHints":{"allow":["GET"]}}],"collection":[{"href":"https:\/\/thirteenstrings.ca\/fr\/wp-json\/wp\/v2\/product"}],"about":[{"href":"https:\/\/thirteenstrings.ca\/fr\/wp-json\/wp\/v2\/types\/product"}],"author":[{"embeddable":true,"href":"https:\/\/thirteenstrings.ca\/fr\/wp-json\/wp\/v2\/users\/2"}],"wp:featuredmedia":[{"embeddable":true,"href":"https:\/\/thirteenstrings.ca\/fr\/wp-json\/wp\/v2\/media\/36965"}],"wp:attachment":[{"href":"https:\/\/thirteenstrings.ca\/fr\/wp-json\/wp\/v2\/media?parent=36850"}],"wp:term":[{"taxonomy":"product_brand","embeddable":true,"href":"https:\/\/thirteenstrings.ca\/fr\/wp-json\/wp\/v2\/product_brand?post=36850"},{"taxonomy":"product_cat","embeddable":true,"href":"https:\/\/thirteenstrings.ca\/fr\/wp-json\/wp\/v2\/product_cat?post=36850"},{"taxonomy":"product_tag","embeddable":true,"href":"https:\/\/thirteenstrings.ca\/fr\/wp-json\/wp\/v2\/product_tag?post=36850"}],"curies":[{"name":"wp","href":"https:\/\/api.w.org\/{rel}","templated":true}]}}