{"id":34037,"date":"2024-06-26T21:22:39","date_gmt":"2024-07-04T22:37:01","guid":{"rendered":"https:\/\/thirteenstrings.ca\/?post_type=product&#038;p=34037"},"modified":"2025-05-08T12:10:47","modified_gmt":"2025-05-08T16:10:47","slug":"les-forces-de-la-nature","status":"publish","type":"product","link":"https:\/\/thirteenstrings.ca\/fr\/product\/les-forces-de-la-nature\/","title":{"rendered":"Les forces de la nature!"},"content":{"rendered":"<div class=\"wpb-content-wrapper\"><p>[vc_row css_animation=\u00a0\u00bb\u00a0\u00bb row_type=\u00a0\u00bbrow\u00a0\u00bb use_row_as_full_screen_section=\u00a0\u00bbno\u00a0\u00bb type=\u00a0\u00bbfull_width\u00a0\u00bb angled_section=\u00a0\u00bbno\u00a0\u00bb text_align=\u00a0\u00bbleft\u00a0\u00bb background_image_as_pattern=\u00a0\u00bbwithout_pattern\u00a0\u00bb][vc_column][ultimate_heading main_heading=\u00a0\u00bbProgramme\u00a0\u00bb alignment=\u00a0\u00bbleft\u00a0\u00bb spacer=\u00a0\u00bbline_only\u00a0\u00bb spacer_position=\u00a0\u00bbbottom\u00a0\u00bb line_height=\u00a0\u00bb3&Prime; line_color=\u00a0\u00bb#f04e55&Prime; line_width=\u00a0\u00bb250&Prime; spacer_margin=\u00a0\u00bbmargin-top:20px;margin-bottom:20px;\u00a0\u00bb][\/ultimate_heading][vc_column_text css=\u00a0\u00bb\u00a0\u00bb]<\/p>\n<h3>Les forces de la nature!<\/h3>\n<p><strong>Alexander Weimann &#8211;<\/strong> chef d\u2019orchestre et clavecin<\/p>\n<p><strong>Magali Simard-Gald\u00e8s \u2013<\/strong> soprano<\/p>\n<p>&nbsp;<\/p>\n<p><strong>JF Rebel &#8211;<\/strong> <em>Les El\u00e9ments<\/em><\/p>\n<p><strong>HIF Biber &#8211;<\/strong> <em>Battalia<\/em><\/p>\n<p><strong>JB Lully &#8211; <\/strong>Suite (<em>Le Bourgeois\u00a0Gentilhomme)<\/em><\/p>\n<p><strong>J.S. Bach &#8211;<\/strong> Concerto pour clavecin en r\u00e9 majeur<\/p>\n<p><strong>G.F.Handel<\/strong>\u00a0 &#8211; <em>Da tempeste<\/em> (Giulio Cesare)<\/p>\n<p><strong>G.F.Handel<\/strong>\u00a0 &#8211; <em>Heart the seat of soft delight<\/em> (<em>Acis and Galatea<\/em>)<\/p>\n<p>[\/vc_column_text][\/vc_column][\/vc_row][vc_row css_animation=\u00a0\u00bb\u00a0\u00bb row_type=\u00a0\u00bbrow\u00a0\u00bb use_row_as_full_screen_section=\u00a0\u00bbno\u00a0\u00bb type=\u00a0\u00bbfull_width\u00a0\u00bb angled_section=\u00a0\u00bbno\u00a0\u00bb text_align=\u00a0\u00bbleft\u00a0\u00bb background_image_as_pattern=\u00a0\u00bbwithout_pattern\u00a0\u00bb z_index=\u00a0\u00bb\u00a0\u00bb][vc_column][vc_empty_space height=\u00a0\u00bb24px\u00a0\u00bb][vc_empty_space]<div class=\"qode-advanced-image-gallery  qode-aig-carousel-type qode-tiny-space qode-has-shadow qode-image-behavior-lightbox \">\n\t<div class=\"qode-aig-slider qode-owl-slider\" data-number-of-items=\"4\" data-enable-loop=\"yes\" data-enable-autoplay=\"yes\" data-slider-speed=\"5000\" data-slider-speed-animation=\"600\" data-slider-padding=\"no\" data-enable-navigation=\"yes\" data-enable-pagination=\"no\">\n\t\t\t\t\t<div class=\"qode-aig-image\">\n\t\t\t\t\t\t\t\t\t<a itemprop=\"image\" class=\"qode-aig-lightbox qode-block-drag-link\" href=\"https:\/\/thirteenstrings.ca\/wp-content\/uploads\/2024\/07\/AKR0395.jpg\" data-rel=\"prettyPhoto[image_gallery_pretty_photo-166]\" title=\"_AKR0395\">\n\t\t\t\t\t\t\t\t\t<img loading=\"lazy\" decoding=\"async\" width=\"150\" height=\"150\" src=\"https:\/\/thirteenstrings.ca\/wp-content\/uploads\/2024\/07\/AKR0395-150x150.jpg\" class=\"attachment-thumbnail size-thumbnail\" alt=\"\" srcset=\"https:\/\/thirteenstrings.ca\/wp-content\/uploads\/2024\/07\/AKR0395-150x150.jpg 150w, https:\/\/thirteenstrings.ca\/wp-content\/uploads\/2024\/07\/AKR0395-570x570.jpg 570w, https:\/\/thirteenstrings.ca\/wp-content\/uploads\/2024\/07\/AKR0395-500x500.jpg 500w, https:\/\/thirteenstrings.ca\/wp-content\/uploads\/2024\/07\/AKR0395-1000x1000.jpg 1000w, https:\/\/thirteenstrings.ca\/wp-content\/uploads\/2024\/07\/AKR0395-100x100.jpg 100w\" sizes=\"auto, (max-width: 150px) 100vw, 150px\" \/>\t\t\t\t\t<span class=\"aig-gallery-hover\">\n\t\t\t\t\t\t\t\t\t\t\t<\/span>\n\t\t\t\t\t\t\t\t\t<\/a>\n\t\t\t\t\t\t\t<\/div>\n\t\t\t\t\t\t\t\t<div class=\"qode-aig-image\">\n\t\t\t\t\t\t\t\t\t<a itemprop=\"image\" class=\"qode-aig-lightbox qode-block-drag-link\" href=\"https:\/\/thirteenstrings.ca\/wp-content\/uploads\/2024\/07\/AKR1127-Enhanced-NR.jpg\" data-rel=\"prettyPhoto[image_gallery_pretty_photo-166]\" title=\"_AKR1127-Enhanced-NR\">\n\t\t\t\t\t\t\t\t\t<img loading=\"lazy\" decoding=\"async\" width=\"150\" height=\"150\" src=\"https:\/\/thirteenstrings.ca\/wp-content\/uploads\/2024\/07\/AKR1127-Enhanced-NR-150x150.jpg\" class=\"attachment-thumbnail size-thumbnail\" alt=\"\" srcset=\"https:\/\/thirteenstrings.ca\/wp-content\/uploads\/2024\/07\/AKR1127-Enhanced-NR-150x150.jpg 150w, https:\/\/thirteenstrings.ca\/wp-content\/uploads\/2024\/07\/AKR1127-Enhanced-NR-570x570.jpg 570w, https:\/\/thirteenstrings.ca\/wp-content\/uploads\/2024\/07\/AKR1127-Enhanced-NR-500x500.jpg 500w, https:\/\/thirteenstrings.ca\/wp-content\/uploads\/2024\/07\/AKR1127-Enhanced-NR-1000x1000.jpg 1000w, https:\/\/thirteenstrings.ca\/wp-content\/uploads\/2024\/07\/AKR1127-Enhanced-NR-100x100.jpg 100w\" sizes=\"auto, (max-width: 150px) 100vw, 150px\" \/>\t\t\t\t\t<span class=\"aig-gallery-hover\">\n\t\t\t\t\t\t\t\t\t\t\t<\/span>\n\t\t\t\t\t\t\t\t\t<\/a>\n\t\t\t\t\t\t\t<\/div>\n\t\t\t\t\t\t\t\t<div class=\"qode-aig-image\">\n\t\t\t\t\t\t\t\t\t<a itemprop=\"image\" class=\"qode-aig-lightbox qode-block-drag-link\" href=\"https:\/\/thirteenstrings.ca\/wp-content\/uploads\/2024\/07\/AKR1161-Enhanced-NR.jpg\" data-rel=\"prettyPhoto[image_gallery_pretty_photo-166]\" title=\"_AKR1161-Enhanced-NR\">\n\t\t\t\t\t\t\t\t\t<img loading=\"lazy\" decoding=\"async\" width=\"150\" height=\"150\" src=\"https:\/\/thirteenstrings.ca\/wp-content\/uploads\/2024\/07\/AKR1161-Enhanced-NR-150x150.jpg\" class=\"attachment-thumbnail size-thumbnail\" alt=\"\" srcset=\"https:\/\/thirteenstrings.ca\/wp-content\/uploads\/2024\/07\/AKR1161-Enhanced-NR-150x150.jpg 150w, https:\/\/thirteenstrings.ca\/wp-content\/uploads\/2024\/07\/AKR1161-Enhanced-NR-570x570.jpg 570w, https:\/\/thirteenstrings.ca\/wp-content\/uploads\/2024\/07\/AKR1161-Enhanced-NR-500x500.jpg 500w, https:\/\/thirteenstrings.ca\/wp-content\/uploads\/2024\/07\/AKR1161-Enhanced-NR-1000x1000.jpg 1000w, https:\/\/thirteenstrings.ca\/wp-content\/uploads\/2024\/07\/AKR1161-Enhanced-NR-100x100.jpg 100w\" sizes=\"auto, (max-width: 150px) 100vw, 150px\" \/>\t\t\t\t\t<span class=\"aig-gallery-hover\">\n\t\t\t\t\t\t\t\t\t\t\t<\/span>\n\t\t\t\t\t\t\t\t\t<\/a>\n\t\t\t\t\t\t\t<\/div>\n\t\t\t\t\t\t\t\t<div class=\"qode-aig-image\">\n\t\t\t\t\t\t\t\t\t<a itemprop=\"image\" class=\"qode-aig-lightbox qode-block-drag-link\" href=\"https:\/\/thirteenstrings.ca\/wp-content\/uploads\/2024\/07\/AKR5993.jpg\" data-rel=\"prettyPhoto[image_gallery_pretty_photo-166]\" title=\"_AKR5993\">\n\t\t\t\t\t\t\t\t\t<img loading=\"lazy\" decoding=\"async\" width=\"150\" height=\"150\" src=\"https:\/\/thirteenstrings.ca\/wp-content\/uploads\/2024\/07\/AKR5993-150x150.jpg\" class=\"attachment-thumbnail size-thumbnail\" alt=\"\" srcset=\"https:\/\/thirteenstrings.ca\/wp-content\/uploads\/2024\/07\/AKR5993-150x150.jpg 150w, https:\/\/thirteenstrings.ca\/wp-content\/uploads\/2024\/07\/AKR5993-570x570.jpg 570w, https:\/\/thirteenstrings.ca\/wp-content\/uploads\/2024\/07\/AKR5993-500x500.jpg 500w, https:\/\/thirteenstrings.ca\/wp-content\/uploads\/2024\/07\/AKR5993-1000x1000.jpg 1000w, https:\/\/thirteenstrings.ca\/wp-content\/uploads\/2024\/07\/AKR5993-100x100.jpg 100w\" sizes=\"auto, (max-width: 150px) 100vw, 150px\" \/>\t\t\t\t\t<span class=\"aig-gallery-hover\">\n\t\t\t\t\t\t\t\t\t\t\t<\/span>\n\t\t\t\t\t\t\t\t\t<\/a>\n\t\t\t\t\t\t\t<\/div>\n\t\t\t\t\t\t\t\t<div class=\"qode-aig-image\">\n\t\t\t\t\t\t\t\t\t<a itemprop=\"image\" class=\"qode-aig-lightbox qode-block-drag-link\" href=\"https:\/\/thirteenstrings.ca\/wp-content\/uploads\/2024\/07\/AKR6030-1.jpg\" data-rel=\"prettyPhoto[image_gallery_pretty_photo-166]\" title=\"_AKR6030-(1)\">\n\t\t\t\t\t\t\t\t\t<img loading=\"lazy\" decoding=\"async\" width=\"150\" height=\"150\" src=\"https:\/\/thirteenstrings.ca\/wp-content\/uploads\/2024\/07\/AKR6030-1-150x150.jpg\" class=\"attachment-thumbnail size-thumbnail\" alt=\"\" srcset=\"https:\/\/thirteenstrings.ca\/wp-content\/uploads\/2024\/07\/AKR6030-1-150x150.jpg 150w, https:\/\/thirteenstrings.ca\/wp-content\/uploads\/2024\/07\/AKR6030-1-570x570.jpg 570w, https:\/\/thirteenstrings.ca\/wp-content\/uploads\/2024\/07\/AKR6030-1-500x500.jpg 500w, https:\/\/thirteenstrings.ca\/wp-content\/uploads\/2024\/07\/AKR6030-1-1000x1000.jpg 1000w, https:\/\/thirteenstrings.ca\/wp-content\/uploads\/2024\/07\/AKR6030-1-100x100.jpg 100w\" sizes=\"auto, (max-width: 150px) 100vw, 150px\" \/>\t\t\t\t\t<span class=\"aig-gallery-hover\">\n\t\t\t\t\t\t\t\t\t\t\t<\/span>\n\t\t\t\t\t\t\t\t\t<\/a>\n\t\t\t\t\t\t\t<\/div>\n\t\t\t\t\t\t\t\t<div class=\"qode-aig-image\">\n\t\t\t\t\t\t\t\t\t<a itemprop=\"image\" class=\"qode-aig-lightbox qode-block-drag-link\" href=\"https:\/\/thirteenstrings.ca\/wp-content\/uploads\/2024\/07\/AKR0212.jpg\" data-rel=\"prettyPhoto[image_gallery_pretty_photo-166]\" title=\"_AKR0212\">\n\t\t\t\t\t\t\t\t\t<img loading=\"lazy\" decoding=\"async\" width=\"150\" height=\"150\" src=\"https:\/\/thirteenstrings.ca\/wp-content\/uploads\/2024\/07\/AKR0212-150x150.jpg\" class=\"attachment-thumbnail size-thumbnail\" alt=\"\" srcset=\"https:\/\/thirteenstrings.ca\/wp-content\/uploads\/2024\/07\/AKR0212-150x150.jpg 150w, https:\/\/thirteenstrings.ca\/wp-content\/uploads\/2024\/07\/AKR0212-570x570.jpg 570w, https:\/\/thirteenstrings.ca\/wp-content\/uploads\/2024\/07\/AKR0212-500x500.jpg 500w, https:\/\/thirteenstrings.ca\/wp-content\/uploads\/2024\/07\/AKR0212-1000x1000.jpg 1000w, https:\/\/thirteenstrings.ca\/wp-content\/uploads\/2024\/07\/AKR0212-100x100.jpg 100w\" sizes=\"auto, (max-width: 150px) 100vw, 150px\" \/>\t\t\t\t\t<span class=\"aig-gallery-hover\">\n\t\t\t\t\t\t\t\t\t\t\t<\/span>\n\t\t\t\t\t\t\t\t\t<\/a>\n\t\t\t\t\t\t\t<\/div>\n\t\t\t\t\t\t\t\t<div class=\"qode-aig-image\">\n\t\t\t\t\t\t\t\t\t<a itemprop=\"image\" class=\"qode-aig-lightbox qode-block-drag-link\" href=\"https:\/\/thirteenstrings.ca\/wp-content\/uploads\/2024\/07\/AKR6095.jpg\" data-rel=\"prettyPhoto[image_gallery_pretty_photo-166]\" title=\"_AKR6095\">\n\t\t\t\t\t\t\t\t\t<img loading=\"lazy\" decoding=\"async\" width=\"150\" height=\"150\" src=\"https:\/\/thirteenstrings.ca\/wp-content\/uploads\/2024\/07\/AKR6095-150x150.jpg\" class=\"attachment-thumbnail size-thumbnail\" alt=\"\" srcset=\"https:\/\/thirteenstrings.ca\/wp-content\/uploads\/2024\/07\/AKR6095-150x150.jpg 150w, https:\/\/thirteenstrings.ca\/wp-content\/uploads\/2024\/07\/AKR6095-570x570.jpg 570w, https:\/\/thirteenstrings.ca\/wp-content\/uploads\/2024\/07\/AKR6095-500x500.jpg 500w, https:\/\/thirteenstrings.ca\/wp-content\/uploads\/2024\/07\/AKR6095-1000x1000.jpg 1000w, https:\/\/thirteenstrings.ca\/wp-content\/uploads\/2024\/07\/AKR6095-100x100.jpg 100w\" sizes=\"auto, (max-width: 150px) 100vw, 150px\" \/>\t\t\t\t\t<span class=\"aig-gallery-hover\">\n\t\t\t\t\t\t\t\t\t\t\t<\/span>\n\t\t\t\t\t\t\t\t\t<\/a>\n\t\t\t\t\t\t\t<\/div>\n\t\t\t\t\t\t\t\t<div class=\"qode-aig-image\">\n\t\t\t\t\t\t\t\t\t<a itemprop=\"image\" class=\"qode-aig-lightbox qode-block-drag-link\" href=\"https:\/\/thirteenstrings.ca\/wp-content\/uploads\/2024\/07\/AKR6188-Enhanced-NR.jpg\" data-rel=\"prettyPhoto[image_gallery_pretty_photo-166]\" title=\"_AKR6188-Enhanced-NR\">\n\t\t\t\t\t\t\t\t\t<img loading=\"lazy\" decoding=\"async\" width=\"150\" height=\"150\" src=\"https:\/\/thirteenstrings.ca\/wp-content\/uploads\/2024\/07\/AKR6188-Enhanced-NR-150x150.jpg\" class=\"attachment-thumbnail size-thumbnail\" alt=\"\" srcset=\"https:\/\/thirteenstrings.ca\/wp-content\/uploads\/2024\/07\/AKR6188-Enhanced-NR-150x150.jpg 150w, https:\/\/thirteenstrings.ca\/wp-content\/uploads\/2024\/07\/AKR6188-Enhanced-NR-570x570.jpg 570w, https:\/\/thirteenstrings.ca\/wp-content\/uploads\/2024\/07\/AKR6188-Enhanced-NR-500x500.jpg 500w, https:\/\/thirteenstrings.ca\/wp-content\/uploads\/2024\/07\/AKR6188-Enhanced-NR-1000x1000.jpg 1000w, https:\/\/thirteenstrings.ca\/wp-content\/uploads\/2024\/07\/AKR6188-Enhanced-NR-100x100.jpg 100w\" sizes=\"auto, (max-width: 150px) 100vw, 150px\" \/>\t\t\t\t\t<span class=\"aig-gallery-hover\">\n\t\t\t\t\t\t\t\t\t\t\t<\/span>\n\t\t\t\t\t\t\t\t\t<\/a>\n\t\t\t\t\t\t\t<\/div>\n\t\t\t\t\t\t\t\t<div class=\"qode-aig-image\">\n\t\t\t\t\t\t\t\t\t<a itemprop=\"image\" class=\"qode-aig-lightbox qode-block-drag-link\" href=\"https:\/\/thirteenstrings.ca\/wp-content\/uploads\/2024\/07\/AKR6239.jpg\" data-rel=\"prettyPhoto[image_gallery_pretty_photo-166]\" title=\"_AKR6239\">\n\t\t\t\t\t\t\t\t\t<img loading=\"lazy\" decoding=\"async\" width=\"150\" height=\"150\" src=\"https:\/\/thirteenstrings.ca\/wp-content\/uploads\/2024\/07\/AKR6239-150x150.jpg\" class=\"attachment-thumbnail size-thumbnail\" alt=\"\" srcset=\"https:\/\/thirteenstrings.ca\/wp-content\/uploads\/2024\/07\/AKR6239-150x150.jpg 150w, https:\/\/thirteenstrings.ca\/wp-content\/uploads\/2024\/07\/AKR6239-570x570.jpg 570w, https:\/\/thirteenstrings.ca\/wp-content\/uploads\/2024\/07\/AKR6239-500x500.jpg 500w, https:\/\/thirteenstrings.ca\/wp-content\/uploads\/2024\/07\/AKR6239-1000x1000.jpg 1000w, https:\/\/thirteenstrings.ca\/wp-content\/uploads\/2024\/07\/AKR6239-100x100.jpg 100w\" sizes=\"auto, (max-width: 150px) 100vw, 150px\" \/>\t\t\t\t\t<span class=\"aig-gallery-hover\">\n\t\t\t\t\t\t\t\t\t\t\t<\/span>\n\t\t\t\t\t\t\t\t\t<\/a>\n\t\t\t\t\t\t\t<\/div>\n\t\t\t\t\t\t\t\t<div class=\"qode-aig-image\">\n\t\t\t\t\t\t\t\t\t<a itemprop=\"image\" class=\"qode-aig-lightbox qode-block-drag-link\" href=\"https:\/\/thirteenstrings.ca\/wp-content\/uploads\/2024\/07\/AKR7028.jpg\" data-rel=\"prettyPhoto[image_gallery_pretty_photo-166]\" title=\"_AKR7028\">\n\t\t\t\t\t\t\t\t\t<img loading=\"lazy\" decoding=\"async\" width=\"150\" height=\"150\" src=\"https:\/\/thirteenstrings.ca\/wp-content\/uploads\/2024\/07\/AKR7028-150x150.jpg\" class=\"attachment-thumbnail size-thumbnail\" alt=\"\" srcset=\"https:\/\/thirteenstrings.ca\/wp-content\/uploads\/2024\/07\/AKR7028-150x150.jpg 150w, https:\/\/thirteenstrings.ca\/wp-content\/uploads\/2024\/07\/AKR7028-570x570.jpg 570w, https:\/\/thirteenstrings.ca\/wp-content\/uploads\/2024\/07\/AKR7028-500x500.jpg 500w, https:\/\/thirteenstrings.ca\/wp-content\/uploads\/2024\/07\/AKR7028-1000x1000.jpg 1000w, https:\/\/thirteenstrings.ca\/wp-content\/uploads\/2024\/07\/AKR7028-100x100.jpg 100w\" sizes=\"auto, (max-width: 150px) 100vw, 150px\" \/>\t\t\t\t\t<span class=\"aig-gallery-hover\">\n\t\t\t\t\t\t\t\t\t\t\t<\/span>\n\t\t\t\t\t\t\t\t\t<\/a>\n\t\t\t\t\t\t\t<\/div>\n\t\t\t\t\t\t\t\t<div class=\"qode-aig-image\">\n\t\t\t\t\t\t\t\t\t<a itemprop=\"image\" class=\"qode-aig-lightbox qode-block-drag-link\" href=\"https:\/\/thirteenstrings.ca\/wp-content\/uploads\/2024\/07\/AKR0118.jpg\" data-rel=\"prettyPhoto[image_gallery_pretty_photo-166]\" title=\"_AKR0118\">\n\t\t\t\t\t\t\t\t\t<img loading=\"lazy\" decoding=\"async\" width=\"150\" height=\"150\" src=\"https:\/\/thirteenstrings.ca\/wp-content\/uploads\/2024\/07\/AKR0118-150x150.jpg\" class=\"attachment-thumbnail size-thumbnail\" alt=\"\" srcset=\"https:\/\/thirteenstrings.ca\/wp-content\/uploads\/2024\/07\/AKR0118-150x150.jpg 150w, https:\/\/thirteenstrings.ca\/wp-content\/uploads\/2024\/07\/AKR0118-570x570.jpg 570w, https:\/\/thirteenstrings.ca\/wp-content\/uploads\/2024\/07\/AKR0118-500x500.jpg 500w, https:\/\/thirteenstrings.ca\/wp-content\/uploads\/2024\/07\/AKR0118-1000x1000.jpg 1000w, https:\/\/thirteenstrings.ca\/wp-content\/uploads\/2024\/07\/AKR0118-100x100.jpg 100w\" sizes=\"auto, (max-width: 150px) 100vw, 150px\" \/>\t\t\t\t\t<span class=\"aig-gallery-hover\">\n\t\t\t\t\t\t\t\t\t\t\t<\/span>\n\t\t\t\t\t\t\t\t\t<\/a>\n\t\t\t\t\t\t\t<\/div>\n\t\t\t\t\t\t\t\t<div class=\"qode-aig-image\">\n\t\t\t\t\t\t\t\t\t<a itemprop=\"image\" class=\"qode-aig-lightbox qode-block-drag-link\" href=\"https:\/\/thirteenstrings.ca\/wp-content\/uploads\/2024\/07\/AKR7036.jpg\" data-rel=\"prettyPhoto[image_gallery_pretty_photo-166]\" title=\"_AKR7036\">\n\t\t\t\t\t\t\t\t\t<img loading=\"lazy\" decoding=\"async\" width=\"150\" height=\"150\" src=\"https:\/\/thirteenstrings.ca\/wp-content\/uploads\/2024\/07\/AKR7036-150x150.jpg\" class=\"attachment-thumbnail size-thumbnail\" alt=\"\" srcset=\"https:\/\/thirteenstrings.ca\/wp-content\/uploads\/2024\/07\/AKR7036-150x150.jpg 150w, https:\/\/thirteenstrings.ca\/wp-content\/uploads\/2024\/07\/AKR7036-570x570.jpg 570w, https:\/\/thirteenstrings.ca\/wp-content\/uploads\/2024\/07\/AKR7036-500x500.jpg 500w, https:\/\/thirteenstrings.ca\/wp-content\/uploads\/2024\/07\/AKR7036-1000x1000.jpg 1000w, https:\/\/thirteenstrings.ca\/wp-content\/uploads\/2024\/07\/AKR7036-100x100.jpg 100w\" sizes=\"auto, (max-width: 150px) 100vw, 150px\" \/>\t\t\t\t\t<span class=\"aig-gallery-hover\">\n\t\t\t\t\t\t\t\t\t\t\t<\/span>\n\t\t\t\t\t\t\t\t\t<\/a>\n\t\t\t\t\t\t\t<\/div>\n\t\t\t\t\t\t\t\t<div class=\"qode-aig-image\">\n\t\t\t\t\t\t\t\t\t<a itemprop=\"image\" class=\"qode-aig-lightbox qode-block-drag-link\" href=\"https:\/\/thirteenstrings.ca\/wp-content\/uploads\/2024\/07\/AKR0030-1.jpg\" data-rel=\"prettyPhoto[image_gallery_pretty_photo-166]\" title=\"_AKR0030-(1)\">\n\t\t\t\t\t\t\t\t\t<img loading=\"lazy\" decoding=\"async\" width=\"150\" height=\"150\" src=\"https:\/\/thirteenstrings.ca\/wp-content\/uploads\/2024\/07\/AKR0030-1-150x150.jpg\" class=\"attachment-thumbnail size-thumbnail\" alt=\"\" srcset=\"https:\/\/thirteenstrings.ca\/wp-content\/uploads\/2024\/07\/AKR0030-1-150x150.jpg 150w, https:\/\/thirteenstrings.ca\/wp-content\/uploads\/2024\/07\/AKR0030-1-570x570.jpg 570w, https:\/\/thirteenstrings.ca\/wp-content\/uploads\/2024\/07\/AKR0030-1-500x500.jpg 500w, https:\/\/thirteenstrings.ca\/wp-content\/uploads\/2024\/07\/AKR0030-1-1000x1000.jpg 1000w, https:\/\/thirteenstrings.ca\/wp-content\/uploads\/2024\/07\/AKR0030-1-100x100.jpg 100w\" sizes=\"auto, (max-width: 150px) 100vw, 150px\" \/>\t\t\t\t\t<span class=\"aig-gallery-hover\">\n\t\t\t\t\t\t\t\t\t\t\t<\/span>\n\t\t\t\t\t\t\t\t\t<\/a>\n\t\t\t\t\t\t\t<\/div>\n\t\t\t\t\t\t\t\t<div class=\"qode-aig-image\">\n\t\t\t\t\t\t\t\t\t<a itemprop=\"image\" class=\"qode-aig-lightbox qode-block-drag-link\" href=\"https:\/\/thirteenstrings.ca\/wp-content\/uploads\/2024\/07\/AKR5961.jpg\" data-rel=\"prettyPhoto[image_gallery_pretty_photo-166]\" title=\"_AKR5961\">\n\t\t\t\t\t\t\t\t\t<img loading=\"lazy\" decoding=\"async\" width=\"150\" height=\"150\" src=\"https:\/\/thirteenstrings.ca\/wp-content\/uploads\/2024\/07\/AKR5961-150x150.jpg\" class=\"attachment-thumbnail size-thumbnail\" alt=\"\" srcset=\"https:\/\/thirteenstrings.ca\/wp-content\/uploads\/2024\/07\/AKR5961-150x150.jpg 150w, https:\/\/thirteenstrings.ca\/wp-content\/uploads\/2024\/07\/AKR5961-570x570.jpg 570w, https:\/\/thirteenstrings.ca\/wp-content\/uploads\/2024\/07\/AKR5961-500x500.jpg 500w, https:\/\/thirteenstrings.ca\/wp-content\/uploads\/2024\/07\/AKR5961-1000x1000.jpg 1000w, https:\/\/thirteenstrings.ca\/wp-content\/uploads\/2024\/07\/AKR5961-100x100.jpg 100w\" sizes=\"auto, (max-width: 150px) 100vw, 150px\" \/>\t\t\t\t\t<span class=\"aig-gallery-hover\">\n\t\t\t\t\t\t\t\t\t\t\t<\/span>\n\t\t\t\t\t\t\t\t\t<\/a>\n\t\t\t\t\t\t\t<\/div>\n\t\t\t\t\t\t\t\t<div class=\"qode-aig-image\">\n\t\t\t\t\t\t\t\t\t<a itemprop=\"image\" class=\"qode-aig-lightbox qode-block-drag-link\" href=\"https:\/\/thirteenstrings.ca\/wp-content\/uploads\/2024\/07\/AKR7147-1.jpg\" data-rel=\"prettyPhoto[image_gallery_pretty_photo-166]\" title=\"_AKR7147-(1)\">\n\t\t\t\t\t\t\t\t\t<img loading=\"lazy\" decoding=\"async\" width=\"150\" height=\"150\" src=\"https:\/\/thirteenstrings.ca\/wp-content\/uploads\/2024\/07\/AKR7147-1-150x150.jpg\" class=\"attachment-thumbnail size-thumbnail\" alt=\"\" srcset=\"https:\/\/thirteenstrings.ca\/wp-content\/uploads\/2024\/07\/AKR7147-1-150x150.jpg 150w, https:\/\/thirteenstrings.ca\/wp-content\/uploads\/2024\/07\/AKR7147-1-570x570.jpg 570w, https:\/\/thirteenstrings.ca\/wp-content\/uploads\/2024\/07\/AKR7147-1-500x500.jpg 500w, https:\/\/thirteenstrings.ca\/wp-content\/uploads\/2024\/07\/AKR7147-1-1000x1000.jpg 1000w, https:\/\/thirteenstrings.ca\/wp-content\/uploads\/2024\/07\/AKR7147-1-100x100.jpg 100w\" sizes=\"auto, (max-width: 150px) 100vw, 150px\" \/>\t\t\t\t\t<span class=\"aig-gallery-hover\">\n\t\t\t\t\t\t\t\t\t\t\t<\/span>\n\t\t\t\t\t\t\t\t\t<\/a>\n\t\t\t\t\t\t\t<\/div>\n\t\t\t\t\t\t\t\t<div class=\"qode-aig-image\">\n\t\t\t\t\t\t\t\t\t<a itemprop=\"image\" class=\"qode-aig-lightbox qode-block-drag-link\" href=\"https:\/\/thirteenstrings.ca\/wp-content\/uploads\/2024\/07\/AKR7200.jpg\" data-rel=\"prettyPhoto[image_gallery_pretty_photo-166]\" title=\"_AKR7200\">\n\t\t\t\t\t\t\t\t\t<img loading=\"lazy\" decoding=\"async\" width=\"150\" height=\"150\" src=\"https:\/\/thirteenstrings.ca\/wp-content\/uploads\/2024\/07\/AKR7200-150x150.jpg\" class=\"attachment-thumbnail size-thumbnail\" alt=\"\" srcset=\"https:\/\/thirteenstrings.ca\/wp-content\/uploads\/2024\/07\/AKR7200-150x150.jpg 150w, https:\/\/thirteenstrings.ca\/wp-content\/uploads\/2024\/07\/AKR7200-570x570.jpg 570w, https:\/\/thirteenstrings.ca\/wp-content\/uploads\/2024\/07\/AKR7200-500x500.jpg 500w, https:\/\/thirteenstrings.ca\/wp-content\/uploads\/2024\/07\/AKR7200-1000x1000.jpg 1000w, https:\/\/thirteenstrings.ca\/wp-content\/uploads\/2024\/07\/AKR7200-100x100.jpg 100w\" sizes=\"auto, (max-width: 150px) 100vw, 150px\" \/>\t\t\t\t\t<span class=\"aig-gallery-hover\">\n\t\t\t\t\t\t\t\t\t\t\t<\/span>\n\t\t\t\t\t\t\t\t\t<\/a>\n\t\t\t\t\t\t\t<\/div>\n\t\t\t\t\t\t\t\t<div class=\"qode-aig-image\">\n\t\t\t\t\t\t\t\t\t<a itemprop=\"image\" class=\"qode-aig-lightbox qode-block-drag-link\" href=\"https:\/\/thirteenstrings.ca\/wp-content\/uploads\/2024\/07\/AKR7334.jpg\" data-rel=\"prettyPhoto[image_gallery_pretty_photo-166]\" title=\"_AKR7334\">\n\t\t\t\t\t\t\t\t\t<img loading=\"lazy\" decoding=\"async\" width=\"150\" height=\"150\" src=\"https:\/\/thirteenstrings.ca\/wp-content\/uploads\/2024\/07\/AKR7334-150x150.jpg\" class=\"attachment-thumbnail size-thumbnail\" alt=\"\" srcset=\"https:\/\/thirteenstrings.ca\/wp-content\/uploads\/2024\/07\/AKR7334-150x150.jpg 150w, https:\/\/thirteenstrings.ca\/wp-content\/uploads\/2024\/07\/AKR7334-570x570.jpg 570w, https:\/\/thirteenstrings.ca\/wp-content\/uploads\/2024\/07\/AKR7334-500x500.jpg 500w, https:\/\/thirteenstrings.ca\/wp-content\/uploads\/2024\/07\/AKR7334-1000x1000.jpg 1000w, https:\/\/thirteenstrings.ca\/wp-content\/uploads\/2024\/07\/AKR7334-100x100.jpg 100w\" sizes=\"auto, (max-width: 150px) 100vw, 150px\" \/>\t\t\t\t\t<span class=\"aig-gallery-hover\">\n\t\t\t\t\t\t\t\t\t\t\t<\/span>\n\t\t\t\t\t\t\t\t\t<\/a>\n\t\t\t\t\t\t\t<\/div>\n\t\t\t\t\t\t<\/div>\n<\/div>[vc_empty_space][vc_empty_space][\/vc_column][\/vc_row]<\/p>\n<\/div>","protected":false},"excerpt":{"rendered":"<h4><strong>8 mai<\/strong>\u00a02025, 19 h 30<br \/>\n<a href=\"https:\/\/carleton.ca\/cdcc\/visiting\/\" target=\"_blank\" rel=\"noopener\">Carleton Dominion-Chalmers Centre<\/a><\/h4>\n<p><a href=\"https:\/\/thirteenstrings.ca\/wp-content\/uploads\/2025\/05\/Forces-of-Nature-5.5x8.5-web.pdf\">Programme du concert<\/a><\/p>\n<div class=\"separator small left qode-sp-separator\"><\/div>\n<p><strong>Alexander Weimann &#8211;<\/strong> chef d\u2019orchestre et clavecin<\/p>\n<p><strong>Magali Simard-Gald\u00e8s \u2013<\/strong> soprano<\/p>\n<p>Le chef d&rsquo;orchestre et claveciniste Alexander Weimann se joindra \u00e0 Thirteen Strings pour un programme c\u00e9l\u00e9brant la puissance et la beaut\u00e9 de la nature. La musique de ce concert repr\u00e9sente le calme et la puissance sauvage de la nature, le soleil, la lumi\u00e8re et la joie. La soprano Magali Simard-Gald\u00e8s, lou\u00e9e partout pour sa voix claire et cristalline, se joindra \u00e9galement \u00e0 Thirteen Strings pour la premi\u00e8re fois.<\/p>\n<p><a href=\"https:\/\/thirteenstrings.ca\/wp-content\/uploads\/2025\/05\/Forces-of-Nature-5.5x8.5-web.pdf\">Programme du concert<\/a><\/p>\n","protected":false},"author":2,"featured_media":33947,"template":"","meta":[],"product_brand":[],"product_cat":[117],"product_tag":[],"class_list":{"0":"post-34037","1":"product","2":"type-product","3":"status-publish","4":"has-post-thumbnail","6":"product_cat-saison-2024-25-fr","8":"first","9":"instock","10":"purchasable","11":"product-type-variable"},"_links":{"self":[{"href":"https:\/\/thirteenstrings.ca\/fr\/wp-json\/wp\/v2\/product\/34037","targetHints":{"allow":["GET"]}}],"collection":[{"href":"https:\/\/thirteenstrings.ca\/fr\/wp-json\/wp\/v2\/product"}],"about":[{"href":"https:\/\/thirteenstrings.ca\/fr\/wp-json\/wp\/v2\/types\/product"}],"author":[{"embeddable":true,"href":"https:\/\/thirteenstrings.ca\/fr\/wp-json\/wp\/v2\/users\/2"}],"wp:featuredmedia":[{"embeddable":true,"href":"https:\/\/thirteenstrings.ca\/fr\/wp-json\/wp\/v2\/media\/33947"}],"wp:attachment":[{"href":"https:\/\/thirteenstrings.ca\/fr\/wp-json\/wp\/v2\/media?parent=34037"}],"wp:term":[{"taxonomy":"product_brand","embeddable":true,"href":"https:\/\/thirteenstrings.ca\/fr\/wp-json\/wp\/v2\/product_brand?post=34037"},{"taxonomy":"product_cat","embeddable":true,"href":"https:\/\/thirteenstrings.ca\/fr\/wp-json\/wp\/v2\/product_cat?post=34037"},{"taxonomy":"product_tag","embeddable":true,"href":"https:\/\/thirteenstrings.ca\/fr\/wp-json\/wp\/v2\/product_tag?post=34037"}],"curies":[{"name":"wp","href":"https:\/\/api.w.org\/{rel}","templated":true}]}}