{"id":34027,"date":"2024-06-26T19:57:51","date_gmt":"2024-06-26T23:57:51","guid":{"rendered":"https:\/\/thirteenstrings.ca\/product\/la-slendeur-des-cordes\/"},"modified":"2025-02-19T20:53:29","modified_gmt":"2025-02-20T01:53:29","slug":"la-slendeur-des-cordes","status":"publish","type":"product","link":"https:\/\/thirteenstrings.ca\/fr\/product\/la-slendeur-des-cordes\/","title":{"rendered":"La splendeur des cordes"},"content":{"rendered":"<div class=\"wpb-content-wrapper\"><p>[vc_row css_animation=&#8221;&#8221; row_type=&#8221;row&#8221; use_row_as_full_screen_section=&#8221;no&#8221; type=&#8221;full_width&#8221; angled_section=&#8221;no&#8221; text_align=&#8221;left&#8221; background_image_as_pattern=&#8221;without_pattern&#8221;][vc_column][ultimate_heading main_heading=&#8221;Programme&#8221; alignment=&#8221;left&#8221; spacer=&#8221;line_only&#8221; spacer_position=&#8221;bottom&#8221; line_height=&#8221;3&#8243; line_color=&#8221;#f04e55&#8243; line_width=&#8221;250&#8243; spacer_margin=&#8221;margin-top:20px;margin-bottom:20px;&#8221;][\/ultimate_heading][vc_column_text css=&#8221;&#8221;]<\/p>\n<h3>La splendeur des cordes<\/h3>\n<p><strong>Jean-Fran\u00e7ois Rivest<\/strong> &#8211; chef d\u2019orchestre<\/p>\n<p style=\"font-weight: 400;\"><strong>Johannes Brahms<\/strong>\u00a0\u2013 Sextuor pour cordes no 1 en si b\u00e9mol majeur,\u00a0opus 18<\/p>\n<p style=\"font-weight: 400;\"><strong>Pyotr Iliich Tcha\u00efkovski<\/strong> \u2013 Sextuor pour cordes en r\u00e9 mineur,\u00a0<em>Souvenir de Florence<\/em>, opus 70<\/p>\n<p>[\/vc_column_text][\/vc_column][\/vc_row][vc_row css_animation=&#8221;&#8221; row_type=&#8221;row&#8221; use_row_as_full_screen_section=&#8221;no&#8221; type=&#8221;full_width&#8221; angled_section=&#8221;no&#8221; text_align=&#8221;left&#8221; background_image_as_pattern=&#8221;without_pattern&#8221; z_index=&#8221;&#8221;][vc_column][vc_empty_space height=&#8221;24px&#8221;][vc_empty_space]<div class=\"qode-advanced-image-gallery  qode-aig-carousel-type qode-tiny-space qode-has-shadow qode-image-behavior-lightbox \">\n\t<div class=\"qode-aig-slider qode-owl-slider\" data-number-of-items=\"4\" data-enable-loop=\"yes\" data-enable-autoplay=\"yes\" data-slider-speed=\"5000\" data-slider-speed-animation=\"600\" data-slider-padding=\"no\" data-enable-navigation=\"yes\" data-enable-pagination=\"no\">\n\t\t\t\t\t<div class=\"qode-aig-image\">\n\t\t\t\t\t\t\t\t\t<a itemprop=\"image\" class=\"qode-aig-lightbox qode-block-drag-link\" href=\"https:\/\/thirteenstrings.ca\/wp-content\/uploads\/2024\/07\/AKR0395.jpg\" data-rel=\"prettyPhoto[image_gallery_pretty_photo-260]\" title=\"_AKR0395\">\n\t\t\t\t\t\t\t\t\t<img loading=\"lazy\" decoding=\"async\" width=\"150\" height=\"150\" src=\"https:\/\/thirteenstrings.ca\/wp-content\/uploads\/2024\/07\/AKR0395-150x150.jpg\" class=\"attachment-thumbnail size-thumbnail\" alt=\"\" srcset=\"https:\/\/thirteenstrings.ca\/wp-content\/uploads\/2024\/07\/AKR0395-150x150.jpg 150w, https:\/\/thirteenstrings.ca\/wp-content\/uploads\/2024\/07\/AKR0395-570x570.jpg 570w, https:\/\/thirteenstrings.ca\/wp-content\/uploads\/2024\/07\/AKR0395-500x500.jpg 500w, https:\/\/thirteenstrings.ca\/wp-content\/uploads\/2024\/07\/AKR0395-1000x1000.jpg 1000w, https:\/\/thirteenstrings.ca\/wp-content\/uploads\/2024\/07\/AKR0395-100x100.jpg 100w\" sizes=\"auto, (max-width: 150px) 100vw, 150px\" \/>\t\t\t\t\t<span class=\"aig-gallery-hover\">\n\t\t\t\t\t\t\t\t\t\t\t<\/span>\n\t\t\t\t\t\t\t\t\t<\/a>\n\t\t\t\t\t\t\t<\/div>\n\t\t\t\t\t\t\t\t<div class=\"qode-aig-image\">\n\t\t\t\t\t\t\t\t\t<a itemprop=\"image\" class=\"qode-aig-lightbox qode-block-drag-link\" href=\"https:\/\/thirteenstrings.ca\/wp-content\/uploads\/2024\/07\/AKR1127-Enhanced-NR.jpg\" data-rel=\"prettyPhoto[image_gallery_pretty_photo-260]\" title=\"_AKR1127-Enhanced-NR\">\n\t\t\t\t\t\t\t\t\t<img loading=\"lazy\" decoding=\"async\" width=\"150\" height=\"150\" src=\"https:\/\/thirteenstrings.ca\/wp-content\/uploads\/2024\/07\/AKR1127-Enhanced-NR-150x150.jpg\" class=\"attachment-thumbnail size-thumbnail\" alt=\"\" srcset=\"https:\/\/thirteenstrings.ca\/wp-content\/uploads\/2024\/07\/AKR1127-Enhanced-NR-150x150.jpg 150w, https:\/\/thirteenstrings.ca\/wp-content\/uploads\/2024\/07\/AKR1127-Enhanced-NR-570x570.jpg 570w, https:\/\/thirteenstrings.ca\/wp-content\/uploads\/2024\/07\/AKR1127-Enhanced-NR-500x500.jpg 500w, https:\/\/thirteenstrings.ca\/wp-content\/uploads\/2024\/07\/AKR1127-Enhanced-NR-1000x1000.jpg 1000w, https:\/\/thirteenstrings.ca\/wp-content\/uploads\/2024\/07\/AKR1127-Enhanced-NR-100x100.jpg 100w\" sizes=\"auto, (max-width: 150px) 100vw, 150px\" \/>\t\t\t\t\t<span class=\"aig-gallery-hover\">\n\t\t\t\t\t\t\t\t\t\t\t<\/span>\n\t\t\t\t\t\t\t\t\t<\/a>\n\t\t\t\t\t\t\t<\/div>\n\t\t\t\t\t\t\t\t<div class=\"qode-aig-image\">\n\t\t\t\t\t\t\t\t\t<a itemprop=\"image\" class=\"qode-aig-lightbox qode-block-drag-link\" href=\"https:\/\/thirteenstrings.ca\/wp-content\/uploads\/2024\/07\/AKR1161-Enhanced-NR.jpg\" data-rel=\"prettyPhoto[image_gallery_pretty_photo-260]\" title=\"_AKR1161-Enhanced-NR\">\n\t\t\t\t\t\t\t\t\t<img loading=\"lazy\" decoding=\"async\" width=\"150\" height=\"150\" src=\"https:\/\/thirteenstrings.ca\/wp-content\/uploads\/2024\/07\/AKR1161-Enhanced-NR-150x150.jpg\" class=\"attachment-thumbnail size-thumbnail\" alt=\"\" srcset=\"https:\/\/thirteenstrings.ca\/wp-content\/uploads\/2024\/07\/AKR1161-Enhanced-NR-150x150.jpg 150w, https:\/\/thirteenstrings.ca\/wp-content\/uploads\/2024\/07\/AKR1161-Enhanced-NR-570x570.jpg 570w, https:\/\/thirteenstrings.ca\/wp-content\/uploads\/2024\/07\/AKR1161-Enhanced-NR-500x500.jpg 500w, https:\/\/thirteenstrings.ca\/wp-content\/uploads\/2024\/07\/AKR1161-Enhanced-NR-1000x1000.jpg 1000w, https:\/\/thirteenstrings.ca\/wp-content\/uploads\/2024\/07\/AKR1161-Enhanced-NR-100x100.jpg 100w\" sizes=\"auto, (max-width: 150px) 100vw, 150px\" \/>\t\t\t\t\t<span class=\"aig-gallery-hover\">\n\t\t\t\t\t\t\t\t\t\t\t<\/span>\n\t\t\t\t\t\t\t\t\t<\/a>\n\t\t\t\t\t\t\t<\/div>\n\t\t\t\t\t\t\t\t<div class=\"qode-aig-image\">\n\t\t\t\t\t\t\t\t\t<a itemprop=\"image\" class=\"qode-aig-lightbox qode-block-drag-link\" href=\"https:\/\/thirteenstrings.ca\/wp-content\/uploads\/2024\/07\/AKR5993.jpg\" data-rel=\"prettyPhoto[image_gallery_pretty_photo-260]\" title=\"_AKR5993\">\n\t\t\t\t\t\t\t\t\t<img loading=\"lazy\" decoding=\"async\" width=\"150\" height=\"150\" src=\"https:\/\/thirteenstrings.ca\/wp-content\/uploads\/2024\/07\/AKR5993-150x150.jpg\" class=\"attachment-thumbnail size-thumbnail\" alt=\"\" srcset=\"https:\/\/thirteenstrings.ca\/wp-content\/uploads\/2024\/07\/AKR5993-150x150.jpg 150w, https:\/\/thirteenstrings.ca\/wp-content\/uploads\/2024\/07\/AKR5993-570x570.jpg 570w, https:\/\/thirteenstrings.ca\/wp-content\/uploads\/2024\/07\/AKR5993-500x500.jpg 500w, https:\/\/thirteenstrings.ca\/wp-content\/uploads\/2024\/07\/AKR5993-1000x1000.jpg 1000w, https:\/\/thirteenstrings.ca\/wp-content\/uploads\/2024\/07\/AKR5993-100x100.jpg 100w\" sizes=\"auto, (max-width: 150px) 100vw, 150px\" \/>\t\t\t\t\t<span class=\"aig-gallery-hover\">\n\t\t\t\t\t\t\t\t\t\t\t<\/span>\n\t\t\t\t\t\t\t\t\t<\/a>\n\t\t\t\t\t\t\t<\/div>\n\t\t\t\t\t\t\t\t<div class=\"qode-aig-image\">\n\t\t\t\t\t\t\t\t\t<a itemprop=\"image\" class=\"qode-aig-lightbox qode-block-drag-link\" href=\"https:\/\/thirteenstrings.ca\/wp-content\/uploads\/2024\/07\/AKR6030-1.jpg\" data-rel=\"prettyPhoto[image_gallery_pretty_photo-260]\" title=\"_AKR6030-(1)\">\n\t\t\t\t\t\t\t\t\t<img loading=\"lazy\" decoding=\"async\" width=\"150\" height=\"150\" src=\"https:\/\/thirteenstrings.ca\/wp-content\/uploads\/2024\/07\/AKR6030-1-150x150.jpg\" class=\"attachment-thumbnail size-thumbnail\" alt=\"\" srcset=\"https:\/\/thirteenstrings.ca\/wp-content\/uploads\/2024\/07\/AKR6030-1-150x150.jpg 150w, https:\/\/thirteenstrings.ca\/wp-content\/uploads\/2024\/07\/AKR6030-1-570x570.jpg 570w, https:\/\/thirteenstrings.ca\/wp-content\/uploads\/2024\/07\/AKR6030-1-500x500.jpg 500w, https:\/\/thirteenstrings.ca\/wp-content\/uploads\/2024\/07\/AKR6030-1-1000x1000.jpg 1000w, https:\/\/thirteenstrings.ca\/wp-content\/uploads\/2024\/07\/AKR6030-1-100x100.jpg 100w\" sizes=\"auto, (max-width: 150px) 100vw, 150px\" \/>\t\t\t\t\t<span class=\"aig-gallery-hover\">\n\t\t\t\t\t\t\t\t\t\t\t<\/span>\n\t\t\t\t\t\t\t\t\t<\/a>\n\t\t\t\t\t\t\t<\/div>\n\t\t\t\t\t\t\t\t<div class=\"qode-aig-image\">\n\t\t\t\t\t\t\t\t\t<a itemprop=\"image\" class=\"qode-aig-lightbox qode-block-drag-link\" href=\"https:\/\/thirteenstrings.ca\/wp-content\/uploads\/2024\/07\/AKR0212.jpg\" data-rel=\"prettyPhoto[image_gallery_pretty_photo-260]\" title=\"_AKR0212\">\n\t\t\t\t\t\t\t\t\t<img loading=\"lazy\" decoding=\"async\" width=\"150\" height=\"150\" src=\"https:\/\/thirteenstrings.ca\/wp-content\/uploads\/2024\/07\/AKR0212-150x150.jpg\" class=\"attachment-thumbnail size-thumbnail\" alt=\"\" srcset=\"https:\/\/thirteenstrings.ca\/wp-content\/uploads\/2024\/07\/AKR0212-150x150.jpg 150w, https:\/\/thirteenstrings.ca\/wp-content\/uploads\/2024\/07\/AKR0212-570x570.jpg 570w, https:\/\/thirteenstrings.ca\/wp-content\/uploads\/2024\/07\/AKR0212-500x500.jpg 500w, https:\/\/thirteenstrings.ca\/wp-content\/uploads\/2024\/07\/AKR0212-1000x1000.jpg 1000w, https:\/\/thirteenstrings.ca\/wp-content\/uploads\/2024\/07\/AKR0212-100x100.jpg 100w\" sizes=\"auto, (max-width: 150px) 100vw, 150px\" \/>\t\t\t\t\t<span class=\"aig-gallery-hover\">\n\t\t\t\t\t\t\t\t\t\t\t<\/span>\n\t\t\t\t\t\t\t\t\t<\/a>\n\t\t\t\t\t\t\t<\/div>\n\t\t\t\t\t\t\t\t<div class=\"qode-aig-image\">\n\t\t\t\t\t\t\t\t\t<a itemprop=\"image\" class=\"qode-aig-lightbox qode-block-drag-link\" href=\"https:\/\/thirteenstrings.ca\/wp-content\/uploads\/2024\/07\/AKR6095.jpg\" data-rel=\"prettyPhoto[image_gallery_pretty_photo-260]\" title=\"_AKR6095\">\n\t\t\t\t\t\t\t\t\t<img loading=\"lazy\" decoding=\"async\" width=\"150\" height=\"150\" src=\"https:\/\/thirteenstrings.ca\/wp-content\/uploads\/2024\/07\/AKR6095-150x150.jpg\" class=\"attachment-thumbnail size-thumbnail\" alt=\"\" srcset=\"https:\/\/thirteenstrings.ca\/wp-content\/uploads\/2024\/07\/AKR6095-150x150.jpg 150w, https:\/\/thirteenstrings.ca\/wp-content\/uploads\/2024\/07\/AKR6095-570x570.jpg 570w, https:\/\/thirteenstrings.ca\/wp-content\/uploads\/2024\/07\/AKR6095-500x500.jpg 500w, https:\/\/thirteenstrings.ca\/wp-content\/uploads\/2024\/07\/AKR6095-1000x1000.jpg 1000w, https:\/\/thirteenstrings.ca\/wp-content\/uploads\/2024\/07\/AKR6095-100x100.jpg 100w\" sizes=\"auto, (max-width: 150px) 100vw, 150px\" \/>\t\t\t\t\t<span class=\"aig-gallery-hover\">\n\t\t\t\t\t\t\t\t\t\t\t<\/span>\n\t\t\t\t\t\t\t\t\t<\/a>\n\t\t\t\t\t\t\t<\/div>\n\t\t\t\t\t\t\t\t<div class=\"qode-aig-image\">\n\t\t\t\t\t\t\t\t\t<a itemprop=\"image\" class=\"qode-aig-lightbox qode-block-drag-link\" href=\"https:\/\/thirteenstrings.ca\/wp-content\/uploads\/2024\/07\/AKR6188-Enhanced-NR.jpg\" data-rel=\"prettyPhoto[image_gallery_pretty_photo-260]\" title=\"_AKR6188-Enhanced-NR\">\n\t\t\t\t\t\t\t\t\t<img loading=\"lazy\" decoding=\"async\" width=\"150\" height=\"150\" src=\"https:\/\/thirteenstrings.ca\/wp-content\/uploads\/2024\/07\/AKR6188-Enhanced-NR-150x150.jpg\" class=\"attachment-thumbnail size-thumbnail\" alt=\"\" srcset=\"https:\/\/thirteenstrings.ca\/wp-content\/uploads\/2024\/07\/AKR6188-Enhanced-NR-150x150.jpg 150w, https:\/\/thirteenstrings.ca\/wp-content\/uploads\/2024\/07\/AKR6188-Enhanced-NR-570x570.jpg 570w, https:\/\/thirteenstrings.ca\/wp-content\/uploads\/2024\/07\/AKR6188-Enhanced-NR-500x500.jpg 500w, https:\/\/thirteenstrings.ca\/wp-content\/uploads\/2024\/07\/AKR6188-Enhanced-NR-1000x1000.jpg 1000w, https:\/\/thirteenstrings.ca\/wp-content\/uploads\/2024\/07\/AKR6188-Enhanced-NR-100x100.jpg 100w\" sizes=\"auto, (max-width: 150px) 100vw, 150px\" \/>\t\t\t\t\t<span class=\"aig-gallery-hover\">\n\t\t\t\t\t\t\t\t\t\t\t<\/span>\n\t\t\t\t\t\t\t\t\t<\/a>\n\t\t\t\t\t\t\t<\/div>\n\t\t\t\t\t\t\t\t<div class=\"qode-aig-image\">\n\t\t\t\t\t\t\t\t\t<a itemprop=\"image\" class=\"qode-aig-lightbox qode-block-drag-link\" href=\"https:\/\/thirteenstrings.ca\/wp-content\/uploads\/2024\/07\/AKR6239.jpg\" data-rel=\"prettyPhoto[image_gallery_pretty_photo-260]\" title=\"_AKR6239\">\n\t\t\t\t\t\t\t\t\t<img loading=\"lazy\" decoding=\"async\" width=\"150\" height=\"150\" src=\"https:\/\/thirteenstrings.ca\/wp-content\/uploads\/2024\/07\/AKR6239-150x150.jpg\" class=\"attachment-thumbnail size-thumbnail\" alt=\"\" srcset=\"https:\/\/thirteenstrings.ca\/wp-content\/uploads\/2024\/07\/AKR6239-150x150.jpg 150w, https:\/\/thirteenstrings.ca\/wp-content\/uploads\/2024\/07\/AKR6239-570x570.jpg 570w, https:\/\/thirteenstrings.ca\/wp-content\/uploads\/2024\/07\/AKR6239-500x500.jpg 500w, https:\/\/thirteenstrings.ca\/wp-content\/uploads\/2024\/07\/AKR6239-1000x1000.jpg 1000w, https:\/\/thirteenstrings.ca\/wp-content\/uploads\/2024\/07\/AKR6239-100x100.jpg 100w\" sizes=\"auto, (max-width: 150px) 100vw, 150px\" \/>\t\t\t\t\t<span class=\"aig-gallery-hover\">\n\t\t\t\t\t\t\t\t\t\t\t<\/span>\n\t\t\t\t\t\t\t\t\t<\/a>\n\t\t\t\t\t\t\t<\/div>\n\t\t\t\t\t\t\t\t<div class=\"qode-aig-image\">\n\t\t\t\t\t\t\t\t\t<a itemprop=\"image\" class=\"qode-aig-lightbox qode-block-drag-link\" href=\"https:\/\/thirteenstrings.ca\/wp-content\/uploads\/2024\/07\/AKR7028.jpg\" data-rel=\"prettyPhoto[image_gallery_pretty_photo-260]\" title=\"_AKR7028\">\n\t\t\t\t\t\t\t\t\t<img loading=\"lazy\" decoding=\"async\" width=\"150\" height=\"150\" src=\"https:\/\/thirteenstrings.ca\/wp-content\/uploads\/2024\/07\/AKR7028-150x150.jpg\" class=\"attachment-thumbnail size-thumbnail\" alt=\"\" srcset=\"https:\/\/thirteenstrings.ca\/wp-content\/uploads\/2024\/07\/AKR7028-150x150.jpg 150w, https:\/\/thirteenstrings.ca\/wp-content\/uploads\/2024\/07\/AKR7028-570x570.jpg 570w, https:\/\/thirteenstrings.ca\/wp-content\/uploads\/2024\/07\/AKR7028-500x500.jpg 500w, https:\/\/thirteenstrings.ca\/wp-content\/uploads\/2024\/07\/AKR7028-1000x1000.jpg 1000w, https:\/\/thirteenstrings.ca\/wp-content\/uploads\/2024\/07\/AKR7028-100x100.jpg 100w\" sizes=\"auto, (max-width: 150px) 100vw, 150px\" \/>\t\t\t\t\t<span class=\"aig-gallery-hover\">\n\t\t\t\t\t\t\t\t\t\t\t<\/span>\n\t\t\t\t\t\t\t\t\t<\/a>\n\t\t\t\t\t\t\t<\/div>\n\t\t\t\t\t\t\t\t<div class=\"qode-aig-image\">\n\t\t\t\t\t\t\t\t\t<a itemprop=\"image\" class=\"qode-aig-lightbox qode-block-drag-link\" href=\"https:\/\/thirteenstrings.ca\/wp-content\/uploads\/2024\/07\/AKR0118.jpg\" data-rel=\"prettyPhoto[image_gallery_pretty_photo-260]\" title=\"_AKR0118\">\n\t\t\t\t\t\t\t\t\t<img loading=\"lazy\" decoding=\"async\" width=\"150\" height=\"150\" src=\"https:\/\/thirteenstrings.ca\/wp-content\/uploads\/2024\/07\/AKR0118-150x150.jpg\" class=\"attachment-thumbnail size-thumbnail\" alt=\"\" srcset=\"https:\/\/thirteenstrings.ca\/wp-content\/uploads\/2024\/07\/AKR0118-150x150.jpg 150w, https:\/\/thirteenstrings.ca\/wp-content\/uploads\/2024\/07\/AKR0118-570x570.jpg 570w, https:\/\/thirteenstrings.ca\/wp-content\/uploads\/2024\/07\/AKR0118-500x500.jpg 500w, https:\/\/thirteenstrings.ca\/wp-content\/uploads\/2024\/07\/AKR0118-1000x1000.jpg 1000w, https:\/\/thirteenstrings.ca\/wp-content\/uploads\/2024\/07\/AKR0118-100x100.jpg 100w\" sizes=\"auto, (max-width: 150px) 100vw, 150px\" \/>\t\t\t\t\t<span class=\"aig-gallery-hover\">\n\t\t\t\t\t\t\t\t\t\t\t<\/span>\n\t\t\t\t\t\t\t\t\t<\/a>\n\t\t\t\t\t\t\t<\/div>\n\t\t\t\t\t\t\t\t<div class=\"qode-aig-image\">\n\t\t\t\t\t\t\t\t\t<a itemprop=\"image\" class=\"qode-aig-lightbox qode-block-drag-link\" href=\"https:\/\/thirteenstrings.ca\/wp-content\/uploads\/2024\/07\/AKR7036.jpg\" data-rel=\"prettyPhoto[image_gallery_pretty_photo-260]\" title=\"_AKR7036\">\n\t\t\t\t\t\t\t\t\t<img loading=\"lazy\" decoding=\"async\" width=\"150\" height=\"150\" src=\"https:\/\/thirteenstrings.ca\/wp-content\/uploads\/2024\/07\/AKR7036-150x150.jpg\" class=\"attachment-thumbnail size-thumbnail\" alt=\"\" srcset=\"https:\/\/thirteenstrings.ca\/wp-content\/uploads\/2024\/07\/AKR7036-150x150.jpg 150w, https:\/\/thirteenstrings.ca\/wp-content\/uploads\/2024\/07\/AKR7036-570x570.jpg 570w, https:\/\/thirteenstrings.ca\/wp-content\/uploads\/2024\/07\/AKR7036-500x500.jpg 500w, https:\/\/thirteenstrings.ca\/wp-content\/uploads\/2024\/07\/AKR7036-1000x1000.jpg 1000w, https:\/\/thirteenstrings.ca\/wp-content\/uploads\/2024\/07\/AKR7036-100x100.jpg 100w\" sizes=\"auto, (max-width: 150px) 100vw, 150px\" \/>\t\t\t\t\t<span class=\"aig-gallery-hover\">\n\t\t\t\t\t\t\t\t\t\t\t<\/span>\n\t\t\t\t\t\t\t\t\t<\/a>\n\t\t\t\t\t\t\t<\/div>\n\t\t\t\t\t\t\t\t<div class=\"qode-aig-image\">\n\t\t\t\t\t\t\t\t\t<a itemprop=\"image\" class=\"qode-aig-lightbox qode-block-drag-link\" href=\"https:\/\/thirteenstrings.ca\/wp-content\/uploads\/2024\/07\/AKR0030-1.jpg\" data-rel=\"prettyPhoto[image_gallery_pretty_photo-260]\" title=\"_AKR0030-(1)\">\n\t\t\t\t\t\t\t\t\t<img loading=\"lazy\" decoding=\"async\" width=\"150\" height=\"150\" src=\"https:\/\/thirteenstrings.ca\/wp-content\/uploads\/2024\/07\/AKR0030-1-150x150.jpg\" class=\"attachment-thumbnail size-thumbnail\" alt=\"\" srcset=\"https:\/\/thirteenstrings.ca\/wp-content\/uploads\/2024\/07\/AKR0030-1-150x150.jpg 150w, https:\/\/thirteenstrings.ca\/wp-content\/uploads\/2024\/07\/AKR0030-1-570x570.jpg 570w, https:\/\/thirteenstrings.ca\/wp-content\/uploads\/2024\/07\/AKR0030-1-500x500.jpg 500w, https:\/\/thirteenstrings.ca\/wp-content\/uploads\/2024\/07\/AKR0030-1-1000x1000.jpg 1000w, https:\/\/thirteenstrings.ca\/wp-content\/uploads\/2024\/07\/AKR0030-1-100x100.jpg 100w\" sizes=\"auto, (max-width: 150px) 100vw, 150px\" \/>\t\t\t\t\t<span class=\"aig-gallery-hover\">\n\t\t\t\t\t\t\t\t\t\t\t<\/span>\n\t\t\t\t\t\t\t\t\t<\/a>\n\t\t\t\t\t\t\t<\/div>\n\t\t\t\t\t\t\t\t<div class=\"qode-aig-image\">\n\t\t\t\t\t\t\t\t\t<a itemprop=\"image\" class=\"qode-aig-lightbox qode-block-drag-link\" href=\"https:\/\/thirteenstrings.ca\/wp-content\/uploads\/2024\/07\/AKR5961.jpg\" data-rel=\"prettyPhoto[image_gallery_pretty_photo-260]\" title=\"_AKR5961\">\n\t\t\t\t\t\t\t\t\t<img loading=\"lazy\" decoding=\"async\" width=\"150\" height=\"150\" src=\"https:\/\/thirteenstrings.ca\/wp-content\/uploads\/2024\/07\/AKR5961-150x150.jpg\" class=\"attachment-thumbnail size-thumbnail\" alt=\"\" srcset=\"https:\/\/thirteenstrings.ca\/wp-content\/uploads\/2024\/07\/AKR5961-150x150.jpg 150w, https:\/\/thirteenstrings.ca\/wp-content\/uploads\/2024\/07\/AKR5961-570x570.jpg 570w, https:\/\/thirteenstrings.ca\/wp-content\/uploads\/2024\/07\/AKR5961-500x500.jpg 500w, https:\/\/thirteenstrings.ca\/wp-content\/uploads\/2024\/07\/AKR5961-1000x1000.jpg 1000w, https:\/\/thirteenstrings.ca\/wp-content\/uploads\/2024\/07\/AKR5961-100x100.jpg 100w\" sizes=\"auto, (max-width: 150px) 100vw, 150px\" \/>\t\t\t\t\t<span class=\"aig-gallery-hover\">\n\t\t\t\t\t\t\t\t\t\t\t<\/span>\n\t\t\t\t\t\t\t\t\t<\/a>\n\t\t\t\t\t\t\t<\/div>\n\t\t\t\t\t\t\t\t<div class=\"qode-aig-image\">\n\t\t\t\t\t\t\t\t\t<a itemprop=\"image\" class=\"qode-aig-lightbox qode-block-drag-link\" href=\"https:\/\/thirteenstrings.ca\/wp-content\/uploads\/2024\/07\/AKR7147-1.jpg\" data-rel=\"prettyPhoto[image_gallery_pretty_photo-260]\" title=\"_AKR7147-(1)\">\n\t\t\t\t\t\t\t\t\t<img loading=\"lazy\" decoding=\"async\" width=\"150\" height=\"150\" src=\"https:\/\/thirteenstrings.ca\/wp-content\/uploads\/2024\/07\/AKR7147-1-150x150.jpg\" class=\"attachment-thumbnail size-thumbnail\" alt=\"\" srcset=\"https:\/\/thirteenstrings.ca\/wp-content\/uploads\/2024\/07\/AKR7147-1-150x150.jpg 150w, https:\/\/thirteenstrings.ca\/wp-content\/uploads\/2024\/07\/AKR7147-1-570x570.jpg 570w, https:\/\/thirteenstrings.ca\/wp-content\/uploads\/2024\/07\/AKR7147-1-500x500.jpg 500w, https:\/\/thirteenstrings.ca\/wp-content\/uploads\/2024\/07\/AKR7147-1-1000x1000.jpg 1000w, https:\/\/thirteenstrings.ca\/wp-content\/uploads\/2024\/07\/AKR7147-1-100x100.jpg 100w\" sizes=\"auto, (max-width: 150px) 100vw, 150px\" \/>\t\t\t\t\t<span class=\"aig-gallery-hover\">\n\t\t\t\t\t\t\t\t\t\t\t<\/span>\n\t\t\t\t\t\t\t\t\t<\/a>\n\t\t\t\t\t\t\t<\/div>\n\t\t\t\t\t\t\t\t<div class=\"qode-aig-image\">\n\t\t\t\t\t\t\t\t\t<a itemprop=\"image\" class=\"qode-aig-lightbox qode-block-drag-link\" href=\"https:\/\/thirteenstrings.ca\/wp-content\/uploads\/2024\/07\/AKR7200.jpg\" data-rel=\"prettyPhoto[image_gallery_pretty_photo-260]\" title=\"_AKR7200\">\n\t\t\t\t\t\t\t\t\t<img loading=\"lazy\" decoding=\"async\" width=\"150\" height=\"150\" src=\"https:\/\/thirteenstrings.ca\/wp-content\/uploads\/2024\/07\/AKR7200-150x150.jpg\" class=\"attachment-thumbnail size-thumbnail\" alt=\"\" srcset=\"https:\/\/thirteenstrings.ca\/wp-content\/uploads\/2024\/07\/AKR7200-150x150.jpg 150w, https:\/\/thirteenstrings.ca\/wp-content\/uploads\/2024\/07\/AKR7200-570x570.jpg 570w, https:\/\/thirteenstrings.ca\/wp-content\/uploads\/2024\/07\/AKR7200-500x500.jpg 500w, https:\/\/thirteenstrings.ca\/wp-content\/uploads\/2024\/07\/AKR7200-1000x1000.jpg 1000w, https:\/\/thirteenstrings.ca\/wp-content\/uploads\/2024\/07\/AKR7200-100x100.jpg 100w\" sizes=\"auto, (max-width: 150px) 100vw, 150px\" \/>\t\t\t\t\t<span class=\"aig-gallery-hover\">\n\t\t\t\t\t\t\t\t\t\t\t<\/span>\n\t\t\t\t\t\t\t\t\t<\/a>\n\t\t\t\t\t\t\t<\/div>\n\t\t\t\t\t\t\t\t<div class=\"qode-aig-image\">\n\t\t\t\t\t\t\t\t\t<a itemprop=\"image\" class=\"qode-aig-lightbox qode-block-drag-link\" href=\"https:\/\/thirteenstrings.ca\/wp-content\/uploads\/2024\/07\/AKR7334.jpg\" data-rel=\"prettyPhoto[image_gallery_pretty_photo-260]\" title=\"_AKR7334\">\n\t\t\t\t\t\t\t\t\t<img loading=\"lazy\" decoding=\"async\" width=\"150\" height=\"150\" src=\"https:\/\/thirteenstrings.ca\/wp-content\/uploads\/2024\/07\/AKR7334-150x150.jpg\" class=\"attachment-thumbnail size-thumbnail\" alt=\"\" srcset=\"https:\/\/thirteenstrings.ca\/wp-content\/uploads\/2024\/07\/AKR7334-150x150.jpg 150w, https:\/\/thirteenstrings.ca\/wp-content\/uploads\/2024\/07\/AKR7334-570x570.jpg 570w, https:\/\/thirteenstrings.ca\/wp-content\/uploads\/2024\/07\/AKR7334-500x500.jpg 500w, https:\/\/thirteenstrings.ca\/wp-content\/uploads\/2024\/07\/AKR7334-1000x1000.jpg 1000w, https:\/\/thirteenstrings.ca\/wp-content\/uploads\/2024\/07\/AKR7334-100x100.jpg 100w\" sizes=\"auto, (max-width: 150px) 100vw, 150px\" \/>\t\t\t\t\t<span class=\"aig-gallery-hover\">\n\t\t\t\t\t\t\t\t\t\t\t<\/span>\n\t\t\t\t\t\t\t\t\t<\/a>\n\t\t\t\t\t\t\t<\/div>\n\t\t\t\t\t\t<\/div>\n<\/div>[vc_empty_space][vc_empty_space][\/vc_column][\/vc_row]<\/p>\n<\/div>","protected":false},"excerpt":{"rendered":"<h4>le dimanche 23 mars 2025 | 19 h 30<br \/>\n<a href=\"https:\/\/carleton.ca\/cdcc\/visiting\/\" target=\"_blank\" rel=\"noopener\">Carleton Dominion-Chalmers Centre<\/a><\/h4>\n<div class=\"separator small left qode-sp-separator\"><\/div>\n<p><strong>Jean-Fran\u00e7ois Rivest<\/strong> &#8211; chef d\u2019orchestre<\/p>\n<p>De la passion, de l\u2019exhub\u00e9rance et des sons de cordes riches ! Ces deux grandes oeuvres ont tout cela en commun. Et avec un orchestre \u00e0 cordes, l&#8217;effet sera amplifi\u00e9 ! Le tr\u00e8s \u00e9nergique et dynamique chef d&#8217;orchestre Jean-Fran\u00e7ois Rivest revient pour la premi\u00e8re fois diriger Thirteen Strings depuis qu&#8217;il en a \u00e9t\u00e9 le directeur musical.<\/p>\n","protected":false},"author":2,"featured_media":33932,"template":"","meta":[],"product_brand":[],"product_cat":[117],"product_tag":[],"class_list":{"0":"post-34027","1":"product","2":"type-product","3":"status-publish","4":"has-post-thumbnail","6":"product_cat-saison-2024-25-fr","8":"first","9":"instock","10":"purchasable","11":"product-type-variable"},"_links":{"self":[{"href":"https:\/\/thirteenstrings.ca\/fr\/wp-json\/wp\/v2\/product\/34027","targetHints":{"allow":["GET"]}}],"collection":[{"href":"https:\/\/thirteenstrings.ca\/fr\/wp-json\/wp\/v2\/product"}],"about":[{"href":"https:\/\/thirteenstrings.ca\/fr\/wp-json\/wp\/v2\/types\/product"}],"author":[{"embeddable":true,"href":"https:\/\/thirteenstrings.ca\/fr\/wp-json\/wp\/v2\/users\/2"}],"wp:featuredmedia":[{"embeddable":true,"href":"https:\/\/thirteenstrings.ca\/fr\/wp-json\/wp\/v2\/media\/33932"}],"wp:attachment":[{"href":"https:\/\/thirteenstrings.ca\/fr\/wp-json\/wp\/v2\/media?parent=34027"}],"wp:term":[{"taxonomy":"product_brand","embeddable":true,"href":"https:\/\/thirteenstrings.ca\/fr\/wp-json\/wp\/v2\/product_brand?post=34027"},{"taxonomy":"product_cat","embeddable":true,"href":"https:\/\/thirteenstrings.ca\/fr\/wp-json\/wp\/v2\/product_cat?post=34027"},{"taxonomy":"product_tag","embeddable":true,"href":"https:\/\/thirteenstrings.ca\/fr\/wp-json\/wp\/v2\/product_tag?post=34027"}],"curies":[{"name":"wp","href":"https:\/\/api.w.org\/{rel}","templated":true}]}}