{"id":33976,"date":"2024-06-24T13:16:40","date_gmt":"2024-06-27T16:50:53","guid":{"rendered":"https:\/\/thirteenstrings.ca\/?post_type=product&#038;p=33976"},"modified":"2024-10-21T19:26:45","modified_gmt":"2024-10-21T23:26:45","slug":"allons-au-cinema","status":"publish","type":"product","link":"https:\/\/thirteenstrings.ca\/fr\/product\/allons-au-cinema\/","title":{"rendered":"Allons au cin\u00e9ma !"},"content":{"rendered":"<div class=\"wpb-content-wrapper\"><p>[vc_row css_animation=&#8221;&#8221; row_type=&#8221;row&#8221; use_row_as_full_screen_section=&#8221;no&#8221; type=&#8221;full_width&#8221; angled_section=&#8221;no&#8221; text_align=&#8221;left&#8221; background_image_as_pattern=&#8221;without_pattern&#8221;][vc_column][ultimate_heading main_heading=&#8221;Programme&#8221; alignment=&#8221;left&#8221; spacer=&#8221;line_only&#8221; spacer_position=&#8221;bottom&#8221; line_height=&#8221;3&#8243; line_color=&#8221;#f04e55&#8243; line_width=&#8221;250&#8243; spacer_margin=&#8221;margin-top:20px;margin-bottom:20px;&#8221;][\/ultimate_heading][vc_column_text css=&#8221;&#8221;]<\/p>\n<h3 style=\"text-align: left;\">Thirteen Strings au cin\u00e9ma!<\/h3>\n<p style=\"text-align: left;\"><strong>Jean-Claude Picard &#8211;<\/strong> chef d\u2019orchestre<\/p>\n<p>&nbsp;<\/p>\n<p style=\"text-align: left;\"><strong>William Walton \u2013\u00a0<\/strong>Deux pi\u00e8ces pour cordes tir\u00e9es de\u00a0<em>Henry V: The La mort de Falstaff (Passacaille)\u00a0<\/em>&#8211;\u00a0<em>Touch her soft lips and part<\/em><\/p>\n<p style=\"text-align: left;\"><strong>Pietro Mascagni<\/strong> <strong>\u2013<\/strong> Intermezzo tir\u00e9 de <em>Cavalleria Rusticana<\/em><\/p>\n<p style=\"text-align: left;\"><strong>Bernard Herrmann \u2013<\/strong>\u00a0Une courte suite pour orchestre<\/p>\n<p style=\"text-align: left;\"><strong>Dimitri Shostakovich<\/strong> <strong>\u2013<\/strong> Valse No. 2<\/p>\n<p style=\"text-align: left;\"><strong>T\u014dru Takemitsu<\/strong> <strong>\u2013<\/strong> Valse de <em>Face of Another<\/em>.<\/p>\n<p style=\"text-align: left;\"><strong>Gustav Holst<\/strong> <strong>\u2013<\/strong><em>\u00a0Jig <\/em>tir\u00e9e de la <em>St Paul\u2019s Suite<\/em><\/p>\n<p style=\"text-align: left;\"><strong>Edward Elgar<\/strong> <strong>\u2013<\/strong> <em>Sospiri<\/em><\/p>\n<p style=\"text-align: left;\"><strong>Alexandre Desplat<\/strong> <strong>\u2013<\/strong> Deux extraits de <em>Minuit dans l&#8217;univers<\/em> (Th\u00e8me principal et <em>Iris dans les \u00e9toiles<\/em>).<\/p>\n<p style=\"text-align: left;\"><strong>Nathalie Bonin \/ \u00a0Simone Benyacar\u00a0 \u2013<\/strong>\u00a0<em>Prestigious Emblem\u00a0<\/em>(de la s\u00e9rie <em>Bridgerton<\/em> sur Netflix<em>)\u00a0<\/em><\/p>\n<p style=\"text-align: left;\"><strong>Aaron Copland \u2013 <\/strong><em>Hoe-Down<\/em> (<em>Rodeo)<\/em><\/p>\n<p style=\"text-align: left;\"><strong>Hans Zimmer \u2013 <\/strong><em>Interstellar<\/em><\/p>\n<p style=\"text-align: left;\"><strong>Johannes Brahms \u2013 <\/strong>Rondo\u00a0<em>Alla Zingarese\u00a0<\/em>(finale du Quatuor avec piano no. 1) du film\u00a0<em>Monsieur Hire<\/em>, 1989.<\/p>\n<p>[\/vc_column_text][\/vc_column][\/vc_row][vc_row css_animation=&#8221;&#8221; row_type=&#8221;row&#8221; use_row_as_full_screen_section=&#8221;no&#8221; type=&#8221;full_width&#8221; angled_section=&#8221;no&#8221; text_align=&#8221;left&#8221; background_image_as_pattern=&#8221;without_pattern&#8221; z_index=&#8221;&#8221;][vc_column][vc_empty_space height=&#8221;24px&#8221;][vc_empty_space]<div class=\"qode-advanced-image-gallery  qode-aig-carousel-type qode-tiny-space qode-has-shadow qode-image-behavior-lightbox \">\n\t<div class=\"qode-aig-slider qode-owl-slider\" data-number-of-items=\"4\" data-enable-loop=\"yes\" data-enable-autoplay=\"yes\" data-slider-speed=\"5000\" data-slider-speed-animation=\"600\" data-slider-padding=\"no\" data-enable-navigation=\"yes\" data-enable-pagination=\"no\">\n\t\t\t\t\t<div class=\"qode-aig-image\">\n\t\t\t\t\t\t\t\t\t<a itemprop=\"image\" class=\"qode-aig-lightbox qode-block-drag-link\" href=\"https:\/\/thirteenstrings.ca\/wp-content\/uploads\/2024\/07\/AKR0395.jpg\" data-rel=\"prettyPhoto[image_gallery_pretty_photo-21]\" title=\"_AKR0395\">\n\t\t\t\t\t\t\t\t\t<img loading=\"lazy\" decoding=\"async\" width=\"150\" height=\"150\" src=\"https:\/\/thirteenstrings.ca\/wp-content\/uploads\/2024\/07\/AKR0395-150x150.jpg\" class=\"attachment-thumbnail size-thumbnail\" alt=\"\" srcset=\"https:\/\/thirteenstrings.ca\/wp-content\/uploads\/2024\/07\/AKR0395-150x150.jpg 150w, https:\/\/thirteenstrings.ca\/wp-content\/uploads\/2024\/07\/AKR0395-570x570.jpg 570w, https:\/\/thirteenstrings.ca\/wp-content\/uploads\/2024\/07\/AKR0395-500x500.jpg 500w, https:\/\/thirteenstrings.ca\/wp-content\/uploads\/2024\/07\/AKR0395-1000x1000.jpg 1000w, https:\/\/thirteenstrings.ca\/wp-content\/uploads\/2024\/07\/AKR0395-100x100.jpg 100w\" sizes=\"auto, (max-width: 150px) 100vw, 150px\" \/>\t\t\t\t\t<span class=\"aig-gallery-hover\">\n\t\t\t\t\t\t\t\t\t\t\t<\/span>\n\t\t\t\t\t\t\t\t\t<\/a>\n\t\t\t\t\t\t\t<\/div>\n\t\t\t\t\t\t\t\t<div class=\"qode-aig-image\">\n\t\t\t\t\t\t\t\t\t<a itemprop=\"image\" class=\"qode-aig-lightbox qode-block-drag-link\" href=\"https:\/\/thirteenstrings.ca\/wp-content\/uploads\/2024\/07\/AKR1127-Enhanced-NR.jpg\" data-rel=\"prettyPhoto[image_gallery_pretty_photo-21]\" title=\"_AKR1127-Enhanced-NR\">\n\t\t\t\t\t\t\t\t\t<img loading=\"lazy\" decoding=\"async\" width=\"150\" height=\"150\" src=\"https:\/\/thirteenstrings.ca\/wp-content\/uploads\/2024\/07\/AKR1127-Enhanced-NR-150x150.jpg\" class=\"attachment-thumbnail size-thumbnail\" alt=\"\" srcset=\"https:\/\/thirteenstrings.ca\/wp-content\/uploads\/2024\/07\/AKR1127-Enhanced-NR-150x150.jpg 150w, https:\/\/thirteenstrings.ca\/wp-content\/uploads\/2024\/07\/AKR1127-Enhanced-NR-570x570.jpg 570w, https:\/\/thirteenstrings.ca\/wp-content\/uploads\/2024\/07\/AKR1127-Enhanced-NR-500x500.jpg 500w, https:\/\/thirteenstrings.ca\/wp-content\/uploads\/2024\/07\/AKR1127-Enhanced-NR-1000x1000.jpg 1000w, https:\/\/thirteenstrings.ca\/wp-content\/uploads\/2024\/07\/AKR1127-Enhanced-NR-100x100.jpg 100w\" sizes=\"auto, (max-width: 150px) 100vw, 150px\" \/>\t\t\t\t\t<span class=\"aig-gallery-hover\">\n\t\t\t\t\t\t\t\t\t\t\t<\/span>\n\t\t\t\t\t\t\t\t\t<\/a>\n\t\t\t\t\t\t\t<\/div>\n\t\t\t\t\t\t\t\t<div class=\"qode-aig-image\">\n\t\t\t\t\t\t\t\t\t<a itemprop=\"image\" class=\"qode-aig-lightbox qode-block-drag-link\" href=\"https:\/\/thirteenstrings.ca\/wp-content\/uploads\/2024\/07\/AKR1161-Enhanced-NR.jpg\" data-rel=\"prettyPhoto[image_gallery_pretty_photo-21]\" title=\"_AKR1161-Enhanced-NR\">\n\t\t\t\t\t\t\t\t\t<img loading=\"lazy\" decoding=\"async\" width=\"150\" height=\"150\" src=\"https:\/\/thirteenstrings.ca\/wp-content\/uploads\/2024\/07\/AKR1161-Enhanced-NR-150x150.jpg\" class=\"attachment-thumbnail size-thumbnail\" alt=\"\" srcset=\"https:\/\/thirteenstrings.ca\/wp-content\/uploads\/2024\/07\/AKR1161-Enhanced-NR-150x150.jpg 150w, https:\/\/thirteenstrings.ca\/wp-content\/uploads\/2024\/07\/AKR1161-Enhanced-NR-570x570.jpg 570w, https:\/\/thirteenstrings.ca\/wp-content\/uploads\/2024\/07\/AKR1161-Enhanced-NR-500x500.jpg 500w, https:\/\/thirteenstrings.ca\/wp-content\/uploads\/2024\/07\/AKR1161-Enhanced-NR-1000x1000.jpg 1000w, https:\/\/thirteenstrings.ca\/wp-content\/uploads\/2024\/07\/AKR1161-Enhanced-NR-100x100.jpg 100w\" sizes=\"auto, (max-width: 150px) 100vw, 150px\" \/>\t\t\t\t\t<span class=\"aig-gallery-hover\">\n\t\t\t\t\t\t\t\t\t\t\t<\/span>\n\t\t\t\t\t\t\t\t\t<\/a>\n\t\t\t\t\t\t\t<\/div>\n\t\t\t\t\t\t\t\t<div class=\"qode-aig-image\">\n\t\t\t\t\t\t\t\t\t<a itemprop=\"image\" class=\"qode-aig-lightbox qode-block-drag-link\" href=\"https:\/\/thirteenstrings.ca\/wp-content\/uploads\/2024\/07\/AKR5993.jpg\" data-rel=\"prettyPhoto[image_gallery_pretty_photo-21]\" title=\"_AKR5993\">\n\t\t\t\t\t\t\t\t\t<img loading=\"lazy\" decoding=\"async\" width=\"150\" height=\"150\" src=\"https:\/\/thirteenstrings.ca\/wp-content\/uploads\/2024\/07\/AKR5993-150x150.jpg\" class=\"attachment-thumbnail size-thumbnail\" alt=\"\" srcset=\"https:\/\/thirteenstrings.ca\/wp-content\/uploads\/2024\/07\/AKR5993-150x150.jpg 150w, https:\/\/thirteenstrings.ca\/wp-content\/uploads\/2024\/07\/AKR5993-570x570.jpg 570w, https:\/\/thirteenstrings.ca\/wp-content\/uploads\/2024\/07\/AKR5993-500x500.jpg 500w, https:\/\/thirteenstrings.ca\/wp-content\/uploads\/2024\/07\/AKR5993-1000x1000.jpg 1000w, https:\/\/thirteenstrings.ca\/wp-content\/uploads\/2024\/07\/AKR5993-100x100.jpg 100w\" sizes=\"auto, (max-width: 150px) 100vw, 150px\" \/>\t\t\t\t\t<span class=\"aig-gallery-hover\">\n\t\t\t\t\t\t\t\t\t\t\t<\/span>\n\t\t\t\t\t\t\t\t\t<\/a>\n\t\t\t\t\t\t\t<\/div>\n\t\t\t\t\t\t\t\t<div class=\"qode-aig-image\">\n\t\t\t\t\t\t\t\t\t<a itemprop=\"image\" class=\"qode-aig-lightbox qode-block-drag-link\" href=\"https:\/\/thirteenstrings.ca\/wp-content\/uploads\/2024\/07\/AKR6030-1.jpg\" data-rel=\"prettyPhoto[image_gallery_pretty_photo-21]\" title=\"_AKR6030-(1)\">\n\t\t\t\t\t\t\t\t\t<img loading=\"lazy\" decoding=\"async\" width=\"150\" height=\"150\" src=\"https:\/\/thirteenstrings.ca\/wp-content\/uploads\/2024\/07\/AKR6030-1-150x150.jpg\" class=\"attachment-thumbnail size-thumbnail\" alt=\"\" srcset=\"https:\/\/thirteenstrings.ca\/wp-content\/uploads\/2024\/07\/AKR6030-1-150x150.jpg 150w, https:\/\/thirteenstrings.ca\/wp-content\/uploads\/2024\/07\/AKR6030-1-570x570.jpg 570w, https:\/\/thirteenstrings.ca\/wp-content\/uploads\/2024\/07\/AKR6030-1-500x500.jpg 500w, https:\/\/thirteenstrings.ca\/wp-content\/uploads\/2024\/07\/AKR6030-1-1000x1000.jpg 1000w, https:\/\/thirteenstrings.ca\/wp-content\/uploads\/2024\/07\/AKR6030-1-100x100.jpg 100w\" sizes=\"auto, (max-width: 150px) 100vw, 150px\" \/>\t\t\t\t\t<span class=\"aig-gallery-hover\">\n\t\t\t\t\t\t\t\t\t\t\t<\/span>\n\t\t\t\t\t\t\t\t\t<\/a>\n\t\t\t\t\t\t\t<\/div>\n\t\t\t\t\t\t\t\t<div class=\"qode-aig-image\">\n\t\t\t\t\t\t\t\t\t<a itemprop=\"image\" class=\"qode-aig-lightbox qode-block-drag-link\" href=\"https:\/\/thirteenstrings.ca\/wp-content\/uploads\/2024\/07\/AKR0212.jpg\" data-rel=\"prettyPhoto[image_gallery_pretty_photo-21]\" title=\"_AKR0212\">\n\t\t\t\t\t\t\t\t\t<img loading=\"lazy\" decoding=\"async\" width=\"150\" height=\"150\" src=\"https:\/\/thirteenstrings.ca\/wp-content\/uploads\/2024\/07\/AKR0212-150x150.jpg\" class=\"attachment-thumbnail size-thumbnail\" alt=\"\" srcset=\"https:\/\/thirteenstrings.ca\/wp-content\/uploads\/2024\/07\/AKR0212-150x150.jpg 150w, https:\/\/thirteenstrings.ca\/wp-content\/uploads\/2024\/07\/AKR0212-570x570.jpg 570w, https:\/\/thirteenstrings.ca\/wp-content\/uploads\/2024\/07\/AKR0212-500x500.jpg 500w, https:\/\/thirteenstrings.ca\/wp-content\/uploads\/2024\/07\/AKR0212-1000x1000.jpg 1000w, https:\/\/thirteenstrings.ca\/wp-content\/uploads\/2024\/07\/AKR0212-100x100.jpg 100w\" sizes=\"auto, (max-width: 150px) 100vw, 150px\" \/>\t\t\t\t\t<span class=\"aig-gallery-hover\">\n\t\t\t\t\t\t\t\t\t\t\t<\/span>\n\t\t\t\t\t\t\t\t\t<\/a>\n\t\t\t\t\t\t\t<\/div>\n\t\t\t\t\t\t\t\t<div class=\"qode-aig-image\">\n\t\t\t\t\t\t\t\t\t<a itemprop=\"image\" class=\"qode-aig-lightbox qode-block-drag-link\" href=\"https:\/\/thirteenstrings.ca\/wp-content\/uploads\/2024\/07\/AKR6095.jpg\" data-rel=\"prettyPhoto[image_gallery_pretty_photo-21]\" title=\"_AKR6095\">\n\t\t\t\t\t\t\t\t\t<img loading=\"lazy\" decoding=\"async\" width=\"150\" height=\"150\" src=\"https:\/\/thirteenstrings.ca\/wp-content\/uploads\/2024\/07\/AKR6095-150x150.jpg\" class=\"attachment-thumbnail size-thumbnail\" alt=\"\" srcset=\"https:\/\/thirteenstrings.ca\/wp-content\/uploads\/2024\/07\/AKR6095-150x150.jpg 150w, https:\/\/thirteenstrings.ca\/wp-content\/uploads\/2024\/07\/AKR6095-570x570.jpg 570w, https:\/\/thirteenstrings.ca\/wp-content\/uploads\/2024\/07\/AKR6095-500x500.jpg 500w, https:\/\/thirteenstrings.ca\/wp-content\/uploads\/2024\/07\/AKR6095-1000x1000.jpg 1000w, https:\/\/thirteenstrings.ca\/wp-content\/uploads\/2024\/07\/AKR6095-100x100.jpg 100w\" sizes=\"auto, (max-width: 150px) 100vw, 150px\" \/>\t\t\t\t\t<span class=\"aig-gallery-hover\">\n\t\t\t\t\t\t\t\t\t\t\t<\/span>\n\t\t\t\t\t\t\t\t\t<\/a>\n\t\t\t\t\t\t\t<\/div>\n\t\t\t\t\t\t\t\t<div class=\"qode-aig-image\">\n\t\t\t\t\t\t\t\t\t<a itemprop=\"image\" class=\"qode-aig-lightbox qode-block-drag-link\" href=\"https:\/\/thirteenstrings.ca\/wp-content\/uploads\/2024\/07\/AKR6188-Enhanced-NR.jpg\" data-rel=\"prettyPhoto[image_gallery_pretty_photo-21]\" title=\"_AKR6188-Enhanced-NR\">\n\t\t\t\t\t\t\t\t\t<img loading=\"lazy\" decoding=\"async\" width=\"150\" height=\"150\" src=\"https:\/\/thirteenstrings.ca\/wp-content\/uploads\/2024\/07\/AKR6188-Enhanced-NR-150x150.jpg\" class=\"attachment-thumbnail size-thumbnail\" alt=\"\" srcset=\"https:\/\/thirteenstrings.ca\/wp-content\/uploads\/2024\/07\/AKR6188-Enhanced-NR-150x150.jpg 150w, https:\/\/thirteenstrings.ca\/wp-content\/uploads\/2024\/07\/AKR6188-Enhanced-NR-570x570.jpg 570w, https:\/\/thirteenstrings.ca\/wp-content\/uploads\/2024\/07\/AKR6188-Enhanced-NR-500x500.jpg 500w, https:\/\/thirteenstrings.ca\/wp-content\/uploads\/2024\/07\/AKR6188-Enhanced-NR-1000x1000.jpg 1000w, https:\/\/thirteenstrings.ca\/wp-content\/uploads\/2024\/07\/AKR6188-Enhanced-NR-100x100.jpg 100w\" sizes=\"auto, (max-width: 150px) 100vw, 150px\" \/>\t\t\t\t\t<span class=\"aig-gallery-hover\">\n\t\t\t\t\t\t\t\t\t\t\t<\/span>\n\t\t\t\t\t\t\t\t\t<\/a>\n\t\t\t\t\t\t\t<\/div>\n\t\t\t\t\t\t\t\t<div class=\"qode-aig-image\">\n\t\t\t\t\t\t\t\t\t<a itemprop=\"image\" class=\"qode-aig-lightbox qode-block-drag-link\" href=\"https:\/\/thirteenstrings.ca\/wp-content\/uploads\/2024\/07\/AKR6239.jpg\" data-rel=\"prettyPhoto[image_gallery_pretty_photo-21]\" title=\"_AKR6239\">\n\t\t\t\t\t\t\t\t\t<img loading=\"lazy\" decoding=\"async\" width=\"150\" height=\"150\" src=\"https:\/\/thirteenstrings.ca\/wp-content\/uploads\/2024\/07\/AKR6239-150x150.jpg\" class=\"attachment-thumbnail size-thumbnail\" alt=\"\" srcset=\"https:\/\/thirteenstrings.ca\/wp-content\/uploads\/2024\/07\/AKR6239-150x150.jpg 150w, https:\/\/thirteenstrings.ca\/wp-content\/uploads\/2024\/07\/AKR6239-570x570.jpg 570w, https:\/\/thirteenstrings.ca\/wp-content\/uploads\/2024\/07\/AKR6239-500x500.jpg 500w, https:\/\/thirteenstrings.ca\/wp-content\/uploads\/2024\/07\/AKR6239-1000x1000.jpg 1000w, https:\/\/thirteenstrings.ca\/wp-content\/uploads\/2024\/07\/AKR6239-100x100.jpg 100w\" sizes=\"auto, (max-width: 150px) 100vw, 150px\" \/>\t\t\t\t\t<span class=\"aig-gallery-hover\">\n\t\t\t\t\t\t\t\t\t\t\t<\/span>\n\t\t\t\t\t\t\t\t\t<\/a>\n\t\t\t\t\t\t\t<\/div>\n\t\t\t\t\t\t\t\t<div class=\"qode-aig-image\">\n\t\t\t\t\t\t\t\t\t<a itemprop=\"image\" class=\"qode-aig-lightbox qode-block-drag-link\" href=\"https:\/\/thirteenstrings.ca\/wp-content\/uploads\/2024\/07\/AKR7028.jpg\" data-rel=\"prettyPhoto[image_gallery_pretty_photo-21]\" title=\"_AKR7028\">\n\t\t\t\t\t\t\t\t\t<img loading=\"lazy\" decoding=\"async\" width=\"150\" height=\"150\" src=\"https:\/\/thirteenstrings.ca\/wp-content\/uploads\/2024\/07\/AKR7028-150x150.jpg\" class=\"attachment-thumbnail size-thumbnail\" alt=\"\" srcset=\"https:\/\/thirteenstrings.ca\/wp-content\/uploads\/2024\/07\/AKR7028-150x150.jpg 150w, https:\/\/thirteenstrings.ca\/wp-content\/uploads\/2024\/07\/AKR7028-570x570.jpg 570w, https:\/\/thirteenstrings.ca\/wp-content\/uploads\/2024\/07\/AKR7028-500x500.jpg 500w, https:\/\/thirteenstrings.ca\/wp-content\/uploads\/2024\/07\/AKR7028-1000x1000.jpg 1000w, https:\/\/thirteenstrings.ca\/wp-content\/uploads\/2024\/07\/AKR7028-100x100.jpg 100w\" sizes=\"auto, (max-width: 150px) 100vw, 150px\" \/>\t\t\t\t\t<span class=\"aig-gallery-hover\">\n\t\t\t\t\t\t\t\t\t\t\t<\/span>\n\t\t\t\t\t\t\t\t\t<\/a>\n\t\t\t\t\t\t\t<\/div>\n\t\t\t\t\t\t\t\t<div class=\"qode-aig-image\">\n\t\t\t\t\t\t\t\t\t<a itemprop=\"image\" class=\"qode-aig-lightbox qode-block-drag-link\" href=\"https:\/\/thirteenstrings.ca\/wp-content\/uploads\/2024\/07\/AKR0118.jpg\" data-rel=\"prettyPhoto[image_gallery_pretty_photo-21]\" title=\"_AKR0118\">\n\t\t\t\t\t\t\t\t\t<img loading=\"lazy\" decoding=\"async\" width=\"150\" height=\"150\" src=\"https:\/\/thirteenstrings.ca\/wp-content\/uploads\/2024\/07\/AKR0118-150x150.jpg\" class=\"attachment-thumbnail size-thumbnail\" alt=\"\" srcset=\"https:\/\/thirteenstrings.ca\/wp-content\/uploads\/2024\/07\/AKR0118-150x150.jpg 150w, https:\/\/thirteenstrings.ca\/wp-content\/uploads\/2024\/07\/AKR0118-570x570.jpg 570w, https:\/\/thirteenstrings.ca\/wp-content\/uploads\/2024\/07\/AKR0118-500x500.jpg 500w, https:\/\/thirteenstrings.ca\/wp-content\/uploads\/2024\/07\/AKR0118-1000x1000.jpg 1000w, https:\/\/thirteenstrings.ca\/wp-content\/uploads\/2024\/07\/AKR0118-100x100.jpg 100w\" sizes=\"auto, (max-width: 150px) 100vw, 150px\" \/>\t\t\t\t\t<span class=\"aig-gallery-hover\">\n\t\t\t\t\t\t\t\t\t\t\t<\/span>\n\t\t\t\t\t\t\t\t\t<\/a>\n\t\t\t\t\t\t\t<\/div>\n\t\t\t\t\t\t\t\t<div class=\"qode-aig-image\">\n\t\t\t\t\t\t\t\t\t<a itemprop=\"image\" class=\"qode-aig-lightbox qode-block-drag-link\" href=\"https:\/\/thirteenstrings.ca\/wp-content\/uploads\/2024\/07\/AKR7036.jpg\" data-rel=\"prettyPhoto[image_gallery_pretty_photo-21]\" title=\"_AKR7036\">\n\t\t\t\t\t\t\t\t\t<img loading=\"lazy\" decoding=\"async\" width=\"150\" height=\"150\" src=\"https:\/\/thirteenstrings.ca\/wp-content\/uploads\/2024\/07\/AKR7036-150x150.jpg\" class=\"attachment-thumbnail size-thumbnail\" alt=\"\" srcset=\"https:\/\/thirteenstrings.ca\/wp-content\/uploads\/2024\/07\/AKR7036-150x150.jpg 150w, https:\/\/thirteenstrings.ca\/wp-content\/uploads\/2024\/07\/AKR7036-570x570.jpg 570w, https:\/\/thirteenstrings.ca\/wp-content\/uploads\/2024\/07\/AKR7036-500x500.jpg 500w, https:\/\/thirteenstrings.ca\/wp-content\/uploads\/2024\/07\/AKR7036-1000x1000.jpg 1000w, https:\/\/thirteenstrings.ca\/wp-content\/uploads\/2024\/07\/AKR7036-100x100.jpg 100w\" sizes=\"auto, (max-width: 150px) 100vw, 150px\" \/>\t\t\t\t\t<span class=\"aig-gallery-hover\">\n\t\t\t\t\t\t\t\t\t\t\t<\/span>\n\t\t\t\t\t\t\t\t\t<\/a>\n\t\t\t\t\t\t\t<\/div>\n\t\t\t\t\t\t\t\t<div class=\"qode-aig-image\">\n\t\t\t\t\t\t\t\t\t<a itemprop=\"image\" class=\"qode-aig-lightbox qode-block-drag-link\" href=\"https:\/\/thirteenstrings.ca\/wp-content\/uploads\/2024\/07\/AKR0030-1.jpg\" data-rel=\"prettyPhoto[image_gallery_pretty_photo-21]\" title=\"_AKR0030-(1)\">\n\t\t\t\t\t\t\t\t\t<img loading=\"lazy\" decoding=\"async\" width=\"150\" height=\"150\" src=\"https:\/\/thirteenstrings.ca\/wp-content\/uploads\/2024\/07\/AKR0030-1-150x150.jpg\" class=\"attachment-thumbnail size-thumbnail\" alt=\"\" srcset=\"https:\/\/thirteenstrings.ca\/wp-content\/uploads\/2024\/07\/AKR0030-1-150x150.jpg 150w, https:\/\/thirteenstrings.ca\/wp-content\/uploads\/2024\/07\/AKR0030-1-570x570.jpg 570w, https:\/\/thirteenstrings.ca\/wp-content\/uploads\/2024\/07\/AKR0030-1-500x500.jpg 500w, https:\/\/thirteenstrings.ca\/wp-content\/uploads\/2024\/07\/AKR0030-1-1000x1000.jpg 1000w, https:\/\/thirteenstrings.ca\/wp-content\/uploads\/2024\/07\/AKR0030-1-100x100.jpg 100w\" sizes=\"auto, (max-width: 150px) 100vw, 150px\" \/>\t\t\t\t\t<span class=\"aig-gallery-hover\">\n\t\t\t\t\t\t\t\t\t\t\t<\/span>\n\t\t\t\t\t\t\t\t\t<\/a>\n\t\t\t\t\t\t\t<\/div>\n\t\t\t\t\t\t\t\t<div class=\"qode-aig-image\">\n\t\t\t\t\t\t\t\t\t<a itemprop=\"image\" class=\"qode-aig-lightbox qode-block-drag-link\" href=\"https:\/\/thirteenstrings.ca\/wp-content\/uploads\/2024\/07\/AKR5961.jpg\" data-rel=\"prettyPhoto[image_gallery_pretty_photo-21]\" title=\"_AKR5961\">\n\t\t\t\t\t\t\t\t\t<img loading=\"lazy\" decoding=\"async\" width=\"150\" height=\"150\" src=\"https:\/\/thirteenstrings.ca\/wp-content\/uploads\/2024\/07\/AKR5961-150x150.jpg\" class=\"attachment-thumbnail size-thumbnail\" alt=\"\" srcset=\"https:\/\/thirteenstrings.ca\/wp-content\/uploads\/2024\/07\/AKR5961-150x150.jpg 150w, https:\/\/thirteenstrings.ca\/wp-content\/uploads\/2024\/07\/AKR5961-570x570.jpg 570w, https:\/\/thirteenstrings.ca\/wp-content\/uploads\/2024\/07\/AKR5961-500x500.jpg 500w, https:\/\/thirteenstrings.ca\/wp-content\/uploads\/2024\/07\/AKR5961-1000x1000.jpg 1000w, https:\/\/thirteenstrings.ca\/wp-content\/uploads\/2024\/07\/AKR5961-100x100.jpg 100w\" sizes=\"auto, (max-width: 150px) 100vw, 150px\" \/>\t\t\t\t\t<span class=\"aig-gallery-hover\">\n\t\t\t\t\t\t\t\t\t\t\t<\/span>\n\t\t\t\t\t\t\t\t\t<\/a>\n\t\t\t\t\t\t\t<\/div>\n\t\t\t\t\t\t\t\t<div class=\"qode-aig-image\">\n\t\t\t\t\t\t\t\t\t<a itemprop=\"image\" class=\"qode-aig-lightbox qode-block-drag-link\" href=\"https:\/\/thirteenstrings.ca\/wp-content\/uploads\/2024\/07\/AKR7147-1.jpg\" data-rel=\"prettyPhoto[image_gallery_pretty_photo-21]\" title=\"_AKR7147-(1)\">\n\t\t\t\t\t\t\t\t\t<img loading=\"lazy\" decoding=\"async\" width=\"150\" height=\"150\" src=\"https:\/\/thirteenstrings.ca\/wp-content\/uploads\/2024\/07\/AKR7147-1-150x150.jpg\" class=\"attachment-thumbnail size-thumbnail\" alt=\"\" srcset=\"https:\/\/thirteenstrings.ca\/wp-content\/uploads\/2024\/07\/AKR7147-1-150x150.jpg 150w, https:\/\/thirteenstrings.ca\/wp-content\/uploads\/2024\/07\/AKR7147-1-570x570.jpg 570w, https:\/\/thirteenstrings.ca\/wp-content\/uploads\/2024\/07\/AKR7147-1-500x500.jpg 500w, https:\/\/thirteenstrings.ca\/wp-content\/uploads\/2024\/07\/AKR7147-1-1000x1000.jpg 1000w, https:\/\/thirteenstrings.ca\/wp-content\/uploads\/2024\/07\/AKR7147-1-100x100.jpg 100w\" sizes=\"auto, (max-width: 150px) 100vw, 150px\" \/>\t\t\t\t\t<span class=\"aig-gallery-hover\">\n\t\t\t\t\t\t\t\t\t\t\t<\/span>\n\t\t\t\t\t\t\t\t\t<\/a>\n\t\t\t\t\t\t\t<\/div>\n\t\t\t\t\t\t\t\t<div class=\"qode-aig-image\">\n\t\t\t\t\t\t\t\t\t<a itemprop=\"image\" class=\"qode-aig-lightbox qode-block-drag-link\" href=\"https:\/\/thirteenstrings.ca\/wp-content\/uploads\/2024\/07\/AKR7200.jpg\" data-rel=\"prettyPhoto[image_gallery_pretty_photo-21]\" title=\"_AKR7200\">\n\t\t\t\t\t\t\t\t\t<img loading=\"lazy\" decoding=\"async\" width=\"150\" height=\"150\" src=\"https:\/\/thirteenstrings.ca\/wp-content\/uploads\/2024\/07\/AKR7200-150x150.jpg\" class=\"attachment-thumbnail size-thumbnail\" alt=\"\" srcset=\"https:\/\/thirteenstrings.ca\/wp-content\/uploads\/2024\/07\/AKR7200-150x150.jpg 150w, https:\/\/thirteenstrings.ca\/wp-content\/uploads\/2024\/07\/AKR7200-570x570.jpg 570w, https:\/\/thirteenstrings.ca\/wp-content\/uploads\/2024\/07\/AKR7200-500x500.jpg 500w, https:\/\/thirteenstrings.ca\/wp-content\/uploads\/2024\/07\/AKR7200-1000x1000.jpg 1000w, https:\/\/thirteenstrings.ca\/wp-content\/uploads\/2024\/07\/AKR7200-100x100.jpg 100w\" sizes=\"auto, (max-width: 150px) 100vw, 150px\" \/>\t\t\t\t\t<span class=\"aig-gallery-hover\">\n\t\t\t\t\t\t\t\t\t\t\t<\/span>\n\t\t\t\t\t\t\t\t\t<\/a>\n\t\t\t\t\t\t\t<\/div>\n\t\t\t\t\t\t\t\t<div class=\"qode-aig-image\">\n\t\t\t\t\t\t\t\t\t<a itemprop=\"image\" class=\"qode-aig-lightbox qode-block-drag-link\" href=\"https:\/\/thirteenstrings.ca\/wp-content\/uploads\/2024\/07\/AKR7334.jpg\" data-rel=\"prettyPhoto[image_gallery_pretty_photo-21]\" title=\"_AKR7334\">\n\t\t\t\t\t\t\t\t\t<img loading=\"lazy\" decoding=\"async\" width=\"150\" height=\"150\" src=\"https:\/\/thirteenstrings.ca\/wp-content\/uploads\/2024\/07\/AKR7334-150x150.jpg\" class=\"attachment-thumbnail size-thumbnail\" alt=\"\" srcset=\"https:\/\/thirteenstrings.ca\/wp-content\/uploads\/2024\/07\/AKR7334-150x150.jpg 150w, https:\/\/thirteenstrings.ca\/wp-content\/uploads\/2024\/07\/AKR7334-570x570.jpg 570w, https:\/\/thirteenstrings.ca\/wp-content\/uploads\/2024\/07\/AKR7334-500x500.jpg 500w, https:\/\/thirteenstrings.ca\/wp-content\/uploads\/2024\/07\/AKR7334-1000x1000.jpg 1000w, https:\/\/thirteenstrings.ca\/wp-content\/uploads\/2024\/07\/AKR7334-100x100.jpg 100w\" sizes=\"auto, (max-width: 150px) 100vw, 150px\" \/>\t\t\t\t\t<span class=\"aig-gallery-hover\">\n\t\t\t\t\t\t\t\t\t\t\t<\/span>\n\t\t\t\t\t\t\t\t\t<\/a>\n\t\t\t\t\t\t\t<\/div>\n\t\t\t\t\t\t<\/div>\n<\/div>[vc_empty_space][vc_empty_space][\/vc_column][\/vc_row]<\/p>\n<\/div>","protected":false},"excerpt":{"rendered":"<h3>22 octobre 2024, 19h30<br \/>\n<a href=\"https:\/\/carleton.ca\/cdcc\/visiting\/\" target=\"_blank\" rel=\"noopener\">Carleton Dominion-Chalmers Centre<\/a><\/h3>\n<p><strong>Jean-Claude Picard \u2013<\/strong>\u00a0chef d\u2019orchestre<\/p>\n<p>Que serait le grand \u00e9cran sans musique ? Ce concert pr\u00e9sentera une grande vari\u00e9t\u00e9 de compositeurs et d&#8217;\u0153uvres tir\u00e9es de films que vous avez peut-\u00eatre vus, ou que vous souhaitez d\u00e9couvrir. Passion, frissons et sensations fortes seront au rendez-vous de cette soir\u00e9e survolt\u00e9e avec Thirteen Strings, orgue, piano et harpe !<\/p>\n<p><a href=\"\/faq\" target=\"_blank\" rel=\"noopener\">FAQ<\/a><\/p>\n","protected":false},"author":2,"featured_media":33879,"template":"","meta":[],"product_brand":[],"product_cat":[117],"product_tag":[],"class_list":{"0":"post-33976","1":"product","2":"type-product","3":"status-publish","4":"has-post-thumbnail","6":"product_cat-saison-2024-25-fr","8":"first","9":"instock","10":"purchasable","11":"product-type-variable"},"_links":{"self":[{"href":"https:\/\/thirteenstrings.ca\/fr\/wp-json\/wp\/v2\/product\/33976","targetHints":{"allow":["GET"]}}],"collection":[{"href":"https:\/\/thirteenstrings.ca\/fr\/wp-json\/wp\/v2\/product"}],"about":[{"href":"https:\/\/thirteenstrings.ca\/fr\/wp-json\/wp\/v2\/types\/product"}],"author":[{"embeddable":true,"href":"https:\/\/thirteenstrings.ca\/fr\/wp-json\/wp\/v2\/users\/2"}],"wp:featuredmedia":[{"embeddable":true,"href":"https:\/\/thirteenstrings.ca\/fr\/wp-json\/wp\/v2\/media\/33879"}],"wp:attachment":[{"href":"https:\/\/thirteenstrings.ca\/fr\/wp-json\/wp\/v2\/media?parent=33976"}],"wp:term":[{"taxonomy":"product_brand","embeddable":true,"href":"https:\/\/thirteenstrings.ca\/fr\/wp-json\/wp\/v2\/product_brand?post=33976"},{"taxonomy":"product_cat","embeddable":true,"href":"https:\/\/thirteenstrings.ca\/fr\/wp-json\/wp\/v2\/product_cat?post=33976"},{"taxonomy":"product_tag","embeddable":true,"href":"https:\/\/thirteenstrings.ca\/fr\/wp-json\/wp\/v2\/product_tag?post=33976"}],"curies":[{"name":"wp","href":"https:\/\/api.w.org\/{rel}","templated":true}]}}