{"id":25722,"date":"2023-09-01T20:17:00","date_gmt":"2022-09-02T00:17:01","guid":{"rendered":"https:\/\/thirteenstrings.ca\/?post_type=product&#038;p=25722"},"modified":"2024-02-15T19:30:48","modified_gmt":"2024-02-16T00:30:48","slug":"cordes-romantiques","status":"publish","type":"product","link":"https:\/\/thirteenstrings.ca\/fr\/product\/cordes-romantiques\/","title":{"rendered":"Cordes romantiques !"},"content":{"rendered":"<div class=\"wpb-content-wrapper\"><p>[vc_row][vc_column][vc_column_text]Un v\u00e9ritable festin de musique romantique pour cordes ! L&#8217;Introduction et Allegro pour cordes, opus 47, d&#8217;Edward Elgar, a \u00e9t\u00e9 compos\u00e9e en 1905 pour un quatuor \u00e0 cordes et un orchestre \u00e0 cordes. Elgar l&#8217;a compos\u00e9e pour mettre en valeur la virtuosit\u00e9 des musiciens, en particulier l&#8217;extraordinaire virtuosit\u00e9 technique des parties de violon. La <em>Fantaisie sur un th\u00e8me de Thomas Tallis<\/em> de Ralph Vaughan Williams, \u00e9galement connue sous le nom de Fantaisie de Tallis, a \u00e9t\u00e9 jou\u00e9e pour la premi\u00e8re fois en 1910 et est l&#8217;une des \u0153uvres les plus durables du compositeur. Elle est bas\u00e9e sur un air du compositeur anglais du XVIe si\u00e8cle Thomas Tallis, que Ralph Vaughan Williams avait d\u00e9couvert lors de l&#8217;\u00e9dition de l&#8217;<em>English Hymnal,<\/em> publi\u00e9 en 1906.<\/p>\n<p>Le Quatuor \u00e0 cordes en mi mineur de Giuseppe Verdi a \u00e9t\u00e9 \u00e9crit au printemps 1873 pendant une production d&#8217;A\u00efda \u00e0 Naples. C&#8217;est la seule \u0153uvre de musique de chambre qui subsiste dans le catalogue de Verdi. En r\u00e9alit\u00e9, il s&#8217;agit d&#8217;un nouveau type de Verdi. Au lieu des grandes structures musicales des op\u00e9ras, expressives et souvent \u00e9loquentes, nous entendons la r\u00e9p\u00e9tition et la manipulation de cellules th\u00e9matiques et rythmiques r\u00e9duites, qui nous rappellent les quatuors tardifs de Beethoven. L&#8217;\u0153uvre est pr\u00e9sent\u00e9e dans une partition pour grand orchestre \u00e0 cordes, intitul\u00e9e &#8220;symphonie&#8221; par Kevin Mallon.<\/p>\n<p>L&#8217;Adagio pour cordes de Barber est sans doute son \u0153uvre la plus connue. Il s&#8217;agit d&#8217;un arrangement pour orchestre \u00e0 cordes du deuxi\u00e8me mouvement de son Quatuor \u00e0 cordes, op. 11. Barber a termin\u00e9 l&#8217;arrangement en 1936, l&#8217;ann\u00e9e m\u00eame o\u00f9 il a \u00e9crit le quatuor. L&#8217;\u0153uvre a \u00e9t\u00e9 jou\u00e9e pour la premi\u00e8re fois le 5 novembre 1938 par Arturo Toscanini \u00e0 la t\u00eate de l&#8217;orchestre symphonique de la NBC lors d&#8217;une \u00e9mission radiophonique. L&#8217;Adagio part d&#8217;un th\u00e8me simple pour aboutir \u00e0 de longues phrases pleines de pathos et de passion cathartique.[\/vc_column_text][\/vc_column][\/vc_row]<\/p>\n<\/div>","protected":false},"excerpt":{"rendered":"<p>Vendredi le <strong>16 f\u00e9vrier 2024<\/strong><\/p>\n<p>19h30 au <a href=\"https:\/\/carleton.ca\/cdcc\/visiting\/\" target=\"_blank\" rel=\"noopener\"><strong>Carleton Dominion-Chalmers Centre <\/strong><\/a><\/p>\n<p>355 Cooper St, Ottawa, ON K2P 0G8<\/p>\n<ul>\n<li><strong>Edward Elgar:<\/strong> Introduction et Allegro pour cordes, op 47<\/li>\n<li><strong>Ralph Vaughan Williams:<\/strong> Fantaisie sur un th\u00e8me de Thomas Tallis<\/li>\n<li><strong>Giuseppe Verdi:<\/strong> Symphonie pour cordes<\/li>\n<li><strong>Samuel Barber:<\/strong> Adagio<\/li>\n<\/ul>\n<p>Sans entracte<\/p>\n<p><!--\n<a href=\"#\" target=\"_blank\" rel=\"noopener\">L\u2019information pour le concert<\/a>\n--><br \/>\n<a href=\"https:\/\/thirteenstrings.ca\/fr\/faq\" target=\"_blank\" rel=\"noopener\">FAQ<\/a><\/p>\n<p>&nbsp;<\/p>\n","protected":false},"author":2,"featured_media":30937,"template":"","meta":[],"product_brand":[],"product_cat":[110],"product_tag":[],"class_list":{"0":"post-25722","1":"product","2":"type-product","3":"status-publish","4":"has-post-thumbnail","6":"product_cat-saison-2023-24","8":"first","9":"instock","10":"purchasable","11":"product-type-variable"},"_links":{"self":[{"href":"https:\/\/thirteenstrings.ca\/fr\/wp-json\/wp\/v2\/product\/25722","targetHints":{"allow":["GET"]}}],"collection":[{"href":"https:\/\/thirteenstrings.ca\/fr\/wp-json\/wp\/v2\/product"}],"about":[{"href":"https:\/\/thirteenstrings.ca\/fr\/wp-json\/wp\/v2\/types\/product"}],"author":[{"embeddable":true,"href":"https:\/\/thirteenstrings.ca\/fr\/wp-json\/wp\/v2\/users\/2"}],"wp:featuredmedia":[{"embeddable":true,"href":"https:\/\/thirteenstrings.ca\/fr\/wp-json\/wp\/v2\/media\/30937"}],"wp:attachment":[{"href":"https:\/\/thirteenstrings.ca\/fr\/wp-json\/wp\/v2\/media?parent=25722"}],"wp:term":[{"taxonomy":"product_brand","embeddable":true,"href":"https:\/\/thirteenstrings.ca\/fr\/wp-json\/wp\/v2\/product_brand?post=25722"},{"taxonomy":"product_cat","embeddable":true,"href":"https:\/\/thirteenstrings.ca\/fr\/wp-json\/wp\/v2\/product_cat?post=25722"},{"taxonomy":"product_tag","embeddable":true,"href":"https:\/\/thirteenstrings.ca\/fr\/wp-json\/wp\/v2\/product_tag?post=25722"}],"curies":[{"name":"wp","href":"https:\/\/api.w.org\/{rel}","templated":true}]}}