{"id":708,"date":"2019-06-05T19:11:45","date_gmt":"2019-06-05T19:11:45","guid":{"rendered":"https:\/\/thirteenstrings.ca\/?page_id=708"},"modified":"2019-09-12T02:49:32","modified_gmt":"2019-09-12T02:49:32","slug":"les-camerata-junior-strings","status":"publish","type":"page","link":"https:\/\/thirteenstrings.ca\/fr\/les-camerata-junior-strings\/","title":{"rendered":"Les Camerata Junior Strings"},"content":{"rendered":"<div class=\"wpb-content-wrapper\"><p>[vc_row css_animation=\u00a0\u00bb\u00a0\u00bb row_type=\u00a0\u00bbrow\u00a0\u00bb use_row_as_full_screen_section=\u00a0\u00bbno\u00a0\u00bb type=\u00a0\u00bbfull_width\u00a0\u00bb angled_section=\u00a0\u00bbno\u00a0\u00bb text_align=\u00a0\u00bbleft\u00a0\u00bb background_image_as_pattern=\u00a0\u00bbwithout_pattern\u00a0\u00bb][vc_column css=\u00a0\u00bb.vc_custom_1558377370190{padding-bottom: 50px !important;}\u00a0\u00bb][vc_column_text css=\u00a0\u00bb.vc_custom_1568256482355{margin-bottom: 30px !important;}\u00a0\u00bb]<\/p>\n<h3>Les Camerata Junior Strings<\/h3>\n<p>[\/vc_column_text][vc_column_text]Le programme \u00e9ducatif de l\u2019Orchestre de chambre Thirteen Strings offre \u00e0 de jeunes instrumentistes \u00e0 cordes l\u2019opportunit\u00e9 unique de jouer avec l\u2019orchestre. Apr\u00e8s une audition, les jeunes instrumentistes choisis sont invit\u00e9s \u00e0 jouer un concert avec Thirteen Strings durant la saison r\u00e9guli\u00e8re. Le programme donne aussi la chance aux jeunes musiciens de participer \u00e0 des ateliers avec les chefs de pupitres de l\u2019orchestre et avec le chef d\u2019orchestre Kevin Mallon. Les Junior Thirteen Strings ont aussi jou\u00e9 pour le Bal d\u2019hiver viennois d\u2019Ottawa, \u00e0 l\u2019Ambassade d\u2019Autriche lors de la f\u00eate champ\u00eatre de l\u2019orchestre et plusieurs fois dans le cadre du festival Musique et Autres Mondes \u2013 \u00e0 la Ottawa Family Music Expo, un \u00e9v\u00e9nement pour les jeunes et lors d\u2019un concert en soir\u00e9e avec les membres professionnels de Thirteen Strings.<\/p>\n<p>[vc_separator type=&rsquo;transparent&rsquo; position=&rsquo;center&rsquo; color=\u00a0\u00bb thickness=\u00a0\u00bb up=&rsquo;10&rsquo; down=&rsquo;10&rsquo;]<\/p>\n<p><img loading=\"lazy\" decoding=\"async\" class=\"aligncenter size-large wp-image-288\" src=\"https:\/\/thirteenstrings.ca\/wp-content\/uploads\/2019\/05\/13-strings-junior-VWB-2017-1024x768-1-1024x768.jpg\" alt=\"\" width=\"1024\" height=\"768\" srcset=\"https:\/\/thirteenstrings.ca\/wp-content\/uploads\/2019\/05\/13-strings-junior-VWB-2017-1024x768-1.jpg 1024w, https:\/\/thirteenstrings.ca\/wp-content\/uploads\/2019\/05\/13-strings-junior-VWB-2017-1024x768-1-300x225.jpg 300w, https:\/\/thirteenstrings.ca\/wp-content\/uploads\/2019\/05\/13-strings-junior-VWB-2017-1024x768-1-768x576.jpg 768w, https:\/\/thirteenstrings.ca\/wp-content\/uploads\/2019\/05\/13-strings-junior-VWB-2017-1024x768-1-800x600.jpg 800w, https:\/\/thirteenstrings.ca\/wp-content\/uploads\/2019\/05\/13-strings-junior-VWB-2017-1024x768-1-700x525.jpg 700w, https:\/\/thirteenstrings.ca\/wp-content\/uploads\/2019\/05\/13-strings-junior-VWB-2017-1024x768-1-600x450.jpg 600w\" sizes=\"auto, (max-width: 1024px) 100vw, 1024px\" \/><\/p>\n<p>&nbsp;<\/p>\n<p>[\/vc_column_text][vc_empty_space height=\u00a0\u00bb50px\u00a0\u00bb][\/vc_column][\/vc_row]<\/p>\n<\/div>","protected":false},"excerpt":{"rendered":"<p>[vc_row css_animation=\u00a0\u00bb\u00a0\u00bb row_type=\u00a0\u00bbrow\u00a0\u00bb use_row_as_full_screen_section=\u00a0\u00bbno\u00a0\u00bb type=\u00a0\u00bbfull_width\u00a0\u00bb angled_section=\u00a0\u00bbno\u00a0\u00bb text_align=\u00a0\u00bbleft\u00a0\u00bb background_image_as_pattern=\u00a0\u00bbwithout_pattern\u00a0\u00bb][vc_column css=\u00a0\u00bb.vc_custom_1558377370190{padding-bottom: 50px !important;}\u00a0\u00bb][vc_column_text css=\u00a0\u00bb.vc_custom_1568256482355{margin-bottom: 30px !important;}\u00a0\u00bb] Les Camerata Junior Strings [\/vc_column_text][vc_column_text]Le programme \u00e9ducatif de l\u2019Orchestre de chambre Thirteen Strings offre \u00e0 de jeunes instrumentistes \u00e0 cordes l\u2019opportunit\u00e9 unique de jouer avec l\u2019orchestre. Apr\u00e8s une audition, les jeunes&#8230;<\/p>\n","protected":false},"author":2,"featured_media":0,"parent":0,"menu_order":0,"comment_status":"closed","ping_status":"closed","template":"","meta":{"footnotes":""},"class_list":["post-708","page","type-page","status-publish","hentry"],"_links":{"self":[{"href":"https:\/\/thirteenstrings.ca\/fr\/wp-json\/wp\/v2\/pages\/708","targetHints":{"allow":["GET"]}}],"collection":[{"href":"https:\/\/thirteenstrings.ca\/fr\/wp-json\/wp\/v2\/pages"}],"about":[{"href":"https:\/\/thirteenstrings.ca\/fr\/wp-json\/wp\/v2\/types\/page"}],"author":[{"embeddable":true,"href":"https:\/\/thirteenstrings.ca\/fr\/wp-json\/wp\/v2\/users\/2"}],"replies":[{"embeddable":true,"href":"https:\/\/thirteenstrings.ca\/fr\/wp-json\/wp\/v2\/comments?post=708"}],"version-history":[{"count":3,"href":"https:\/\/thirteenstrings.ca\/fr\/wp-json\/wp\/v2\/pages\/708\/revisions"}],"predecessor-version":[{"id":810,"href":"https:\/\/thirteenstrings.ca\/fr\/wp-json\/wp\/v2\/pages\/708\/revisions\/810"}],"wp:attachment":[{"href":"https:\/\/thirteenstrings.ca\/fr\/wp-json\/wp\/v2\/media?parent=708"}],"curies":[{"name":"wp","href":"https:\/\/api.w.org\/{rel}","templated":true}]}}