{"id":703,"date":"2019-06-05T19:05:10","date_gmt":"2019-06-05T19:05:10","guid":{"rendered":"https:\/\/thirteenstrings.ca\/?page_id=703"},"modified":"2024-07-11T15:14:14","modified_gmt":"2024-07-11T19:14:14","slug":"a-propos-de-nous","status":"publish","type":"page","link":"https:\/\/thirteenstrings.ca\/fr\/a-propos-de-nous\/","title":{"rendered":"\u00c0 propos de nous"},"content":{"rendered":"<div class=\"wpb-content-wrapper\"><p>[vc_row css_animation=\u00a0\u00bb\u00a0\u00bb row_type=\u00a0\u00bbrow\u00a0\u00bb use_row_as_full_screen_section=\u00a0\u00bbno\u00a0\u00bb type=\u00a0\u00bbfull_width\u00a0\u00bb angled_section=\u00a0\u00bbno\u00a0\u00bb text_align=\u00a0\u00bbleft\u00a0\u00bb background_image_as_pattern=\u00a0\u00bbwithout_pattern\u00a0\u00bb css=\u00a0\u00bb.vc_custom_1558376892032{padding-bottom: 50px !important;}\u00a0\u00bb z_index=\u00a0\u00bb\u00a0\u00bb][vc_column][vc_column_text css=\u00a0\u00bb.vc_custom_1559761445149{margin-bottom: 30px !important;}\u00a0\u00bb]<\/p>\n<h3>\u00c0 propos de nous<\/h3>\n<p>[\/vc_column_text][vc_column_text]L\u2019Orchestre de chambre Thirteen Strings, l\u2019orchestre de chambre professionnel de premier plan d\u2019Ottawa, a \u00e9t\u00e9 fond\u00e9 en 1976 par le chef d\u2019orchestre Brian Law et quelques instrumentistes \u00e0 cordes de l\u2019Orchestre du Centre national des arts.<\/p>\n<p>L\u2019orchestre profite d\u2019un r\u00e9pertoire diversifi\u00e9 \u2013 allant de la musique baroque jusqu\u2019\u00e0 celle du XXIe si\u00e8cle \u2013 ayant m\u00eame command\u00e9 une centaine de nouvelles oeuvres de compositeurs canadiens. Le coeur de l\u2019orchestre est form\u00e9 de treize instrumentistes \u00e0 cordes auxquels s\u2019ajoutent r\u00e9guli\u00e8rement des artistes invit\u00e9s. Que ce soit des barytons ou des sopranos, des jours de marimba ou des sp\u00e9cialistes du Klezmer, les artistes invit\u00e9s ont contribu\u00e9 au d\u00e9veloppement des Thirteen Strings comme l\u2019un des orchestres de chambre des plus r\u00e9put\u00e9s et des plus \u00e9clectiques du Canada.<\/p>\n<p>L\u2019Orchestre de chambre Thirteen Strings pr\u00e9sente sa propre s\u00e9rie de concerts sur abonnement et a collabor\u00e9 avec de nombreuses organisations artistiques d\u2019Ottawa. Au nombre de celles-ci, mentionnons Le Festival de musique sacr\u00e9e, la chorale Seventeen Voyces d\u2019Ottawa, le Festival Musique et autres mondes, les Cantata Singers, le Bal viennois d\u2019Ottawa, le festival de rue West Fest et l\u2019Orchestre de chambre McGill. En d\u00e9cembre 2013, le concert annuel de No\u00ebl avait \u00e9t\u00e9 enregistr\u00e9 et t\u00e9l\u00e9vis\u00e9 dans plus de 140 pays sur le r\u00e9seau EWTN. Plusieurs de ses concerts ont \u00e9t\u00e9 radiodiffus\u00e9s \u00e0 l\u2019\u00e9chelle canadienne sur les r\u00e9seaux radiophoniques anglais et fran\u00e7ais de CBC\/Radio-Canada.<\/p>\n<p>Le projet \u00e9ducatif de l\u2019orchestre, les Junior Thirteen Strings r\u00e9unit de jeunes musiciens talentueux pour qu\u2019ils puissent travailler avec les membres professionnels de l\u2019Orchestre de chambre Thirteen Strings.<\/p>\n<p>En juin 2014, l\u2019Orchestre de chambre Thirteen Strings a enregistr\u00e9 pour la premi\u00e8re fois sur l\u2019\u00e9tiquette Naxos, avec un enregistrement des six symphonies, opus 2, de Franz Beck. Un deuxi\u00e8me enregistrement a \u00e9t\u00e9 lanc\u00e9 en ao\u00fbt 2022 avec des oeuvres du compositeur ontarien John Burge.<\/p>\n<p>&nbsp;<\/p>\n<p><strong>Mandat et mission des Thirteen Strings<\/strong><\/p>\n<p>L\u2019orchestre Thirteen Strings consacre ses efforts \u00e0 l\u2019excellence de l\u2019expression artistique par la prestation de musique pour ensemble \u00e0 cordes allant du baroque au contemporain, et pour un public de partout par des concerts ou des enregistrements. Notre mission est d\u2019offrir \u00e0 notre public de la musique de sc\u00e8ne de pointe, de la musique classique qui associe un r\u00e9pertoire raffin\u00e9 \u00e0 des performances \u00e9nergiques et de qualit\u00e9 sup\u00e9rieure.<\/p>\n<p>L\u2019objectif des Thirteen Strings est le suivant\u00a0:<\/p>\n<ul>\n<li>Attirer de jeunes instrumentistes \u00e0 cordes professionnels canadiens et leur procurer une sc\u00e8ne afin qu\u2019ils puissent pr\u00e9senter des concerts de musique compos\u00e9e pour un petit ensemble \u00e0 cordes, en plus de susciter des possibilit\u00e9s pour des solistes avec l\u2019orchestre;<\/li>\n<li>Offrir un cadre d\u2019orchestre de chambre \u00e0 Ottawa pour les artistes de renomm\u00e9e mondiale, qu\u2019ils soient de la sc\u00e8ne locale ou nationale;<\/li>\n<li>Encourager le d\u00e9veloppement de jeunes musiciens et de compositeurs;<\/li>\n<li>Encourager la composition et la prestation d\u2019un r\u00e9pertoire canadien dans le style d\u2019un orchestre de chambre;<\/li>\n<li>Collaborer avec d\u2019autres organisations li\u00e9es aux arts;<\/li>\n<li>Offrir de l\u2019excellente musique \u00e0 la communaut\u00e9 \u00e0 des prix accessibles (par ex. 10\u00a0$ pour des \u00e9tudiants et des remises pour les a\u00een\u00e9s), ce qui peut int\u00e9resser un public \u00e9largi et plus diversifi\u00e9;<\/li>\n<\/ul>\n<p>Maintenir sa r\u00e9putation de soci\u00e9t\u00e9 \u00e0 but non lucratif bien g\u00e9r\u00e9e et financi\u00e8rement responsable[\/vc_column_text][\/vc_column][\/vc_row]<\/p>\n<\/div>","protected":false},"excerpt":{"rendered":"<p>[vc_row css_animation=\u00a0\u00bb\u00a0\u00bb row_type=\u00a0\u00bbrow\u00a0\u00bb use_row_as_full_screen_section=\u00a0\u00bbno\u00a0\u00bb type=\u00a0\u00bbfull_width\u00a0\u00bb angled_section=\u00a0\u00bbno\u00a0\u00bb text_align=\u00a0\u00bbleft\u00a0\u00bb background_image_as_pattern=\u00a0\u00bbwithout_pattern\u00a0\u00bb css=\u00a0\u00bb.vc_custom_1558376892032{padding-bottom: 50px !important;}\u00a0\u00bb z_index=\u00a0\u00bb\u00a0\u00bb][vc_column][vc_column_text css=\u00a0\u00bb.vc_custom_1559761445149{margin-bottom: 30px !important;}\u00a0\u00bb] \u00c0 propos de nous [\/vc_column_text][vc_column_text]L\u2019Orchestre de chambre Thirteen Strings, l\u2019orchestre de chambre professionnel de premier plan d\u2019Ottawa, a \u00e9t\u00e9 fond\u00e9 en 1976 par le chef d\u2019orchestre Brian Law et quelques&#8230;<\/p>\n","protected":false},"author":2,"featured_media":0,"parent":0,"menu_order":0,"comment_status":"closed","ping_status":"closed","template":"","meta":{"footnotes":""},"class_list":["post-703","page","type-page","status-publish","hentry"],"_links":{"self":[{"href":"https:\/\/thirteenstrings.ca\/fr\/wp-json\/wp\/v2\/pages\/703","targetHints":{"allow":["GET"]}}],"collection":[{"href":"https:\/\/thirteenstrings.ca\/fr\/wp-json\/wp\/v2\/pages"}],"about":[{"href":"https:\/\/thirteenstrings.ca\/fr\/wp-json\/wp\/v2\/types\/page"}],"author":[{"embeddable":true,"href":"https:\/\/thirteenstrings.ca\/fr\/wp-json\/wp\/v2\/users\/2"}],"replies":[{"embeddable":true,"href":"https:\/\/thirteenstrings.ca\/fr\/wp-json\/wp\/v2\/comments?post=703"}],"version-history":[{"count":5,"href":"https:\/\/thirteenstrings.ca\/fr\/wp-json\/wp\/v2\/pages\/703\/revisions"}],"predecessor-version":[{"id":34161,"href":"https:\/\/thirteenstrings.ca\/fr\/wp-json\/wp\/v2\/pages\/703\/revisions\/34161"}],"wp:attachment":[{"href":"https:\/\/thirteenstrings.ca\/fr\/wp-json\/wp\/v2\/media?parent=703"}],"curies":[{"name":"wp","href":"https:\/\/api.w.org\/{rel}","templated":true}]}}