{"id":599,"date":"2019-06-05T17:53:08","date_gmt":"2019-06-05T17:53:08","guid":{"rendered":"https:\/\/thirteenstrings.ca\/?page_id=599"},"modified":"2022-09-12T18:47:50","modified_gmt":"2022-09-12T22:47:50","slug":"benevoles","status":"publish","type":"page","link":"https:\/\/thirteenstrings.ca\/fr\/benevoles\/","title":{"rendered":"B\u00e9n\u00e9voles"},"content":{"rendered":"<div class=\"wpb-content-wrapper\"><p>[vc_row row_type=&#8221;row&#8221; use_row_as_full_screen_section=&#8221;no&#8221; type=&#8221;full_width&#8221; angled_section=&#8221;no&#8221; text_align=&#8221;left&#8221; background_image_as_pattern=&#8221;without_pattern&#8221;][vc_column width=&#8221;1\/3&#8243;][vc_single_image image=&#8221;668&#8243; img_size=&#8221;full&#8221; alignment=&#8221;center&#8221; qode_css_animation=&#8221;&#8221;][vc_column_text]\n<div class=\"wpcf7 no-js\" id=\"wpcf7-f607-o1\" lang=\"en\" dir=\"ltr\" data-wpcf7-id=\"607\">\n<div class=\"screen-reader-response\"><p role=\"status\" aria-live=\"polite\" aria-atomic=\"true\"><\/p> <ul><\/ul><\/div>\n<form action=\"\/fr\/wp-json\/wp\/v2\/pages\/599#wpcf7-f607-o1\" method=\"post\" class=\"wpcf7-form init\" aria-label=\"Formulaire de contact\" novalidate=\"novalidate\" data-status=\"init\">\n<fieldset class=\"hidden-fields-container\"><input type=\"hidden\" name=\"_wpcf7\" value=\"607\" \/><input type=\"hidden\" name=\"_wpcf7_version\" value=\"6.1.5\" \/><input type=\"hidden\" name=\"_wpcf7_locale\" value=\"en\" \/><input type=\"hidden\" name=\"_wpcf7_unit_tag\" value=\"wpcf7-f607-o1\" \/><input type=\"hidden\" name=\"_wpcf7_container_post\" value=\"0\" \/><input type=\"hidden\" name=\"_wpcf7_posted_data_hash\" value=\"\" \/>\n<\/fieldset>\n<p><label> Nom : (obligatoire)<br \/>\n<span class=\"wpcf7-form-control-wrap\" data-name=\"your-name\"><input size=\"40\" maxlength=\"400\" class=\"wpcf7-form-control wpcf7-text wpcf7-validates-as-required\" aria-required=\"true\" aria-invalid=\"false\" value=\"\" type=\"text\" name=\"your-name\" \/><\/span> <\/label>\n<\/p>\n<p><label> Courriel : (obligatoire)<br \/>\n<span class=\"wpcf7-form-control-wrap\" data-name=\"your-email\"><input size=\"40\" maxlength=\"400\" class=\"wpcf7-form-control wpcf7-email wpcf7-validates-as-required wpcf7-text wpcf7-validates-as-email\" aria-required=\"true\" aria-invalid=\"false\" value=\"\" type=\"email\" name=\"your-email\" \/><\/span> <\/label>\n<\/p>\n<p><label> Objet :<br \/>\n<span class=\"wpcf7-form-control-wrap\" data-name=\"your-subject\"><input size=\"40\" maxlength=\"400\" class=\"wpcf7-form-control wpcf7-text\" aria-invalid=\"false\" value=\"\" type=\"text\" name=\"your-subject\" \/><\/span> <\/label>\n<\/p>\n<p><label> Message :<br \/>\n<span class=\"wpcf7-form-control-wrap\" data-name=\"your-message\"><textarea cols=\"40\" rows=\"10\" maxlength=\"2000\" class=\"wpcf7-form-control wpcf7-textarea\" aria-invalid=\"false\" name=\"your-message\"><\/textarea><\/span> <\/label><br \/>\n<label><br \/>\n<span class=\"wpcf7-form-control-wrap\" data-name=\"quiz-920\"><label><span class=\"wpcf7-quiz-label\">7+5=<\/span> <input size=\"40\" class=\"wpcf7-form-control wpcf7-quiz\" autocomplete=\"off\" aria-required=\"true\" aria-invalid=\"false\" type=\"text\" name=\"quiz-920\" \/><\/label><input type=\"hidden\" name=\"_wpcf7_quiz_answer_quiz-920\" value=\"ccae5abf07b87216ee550a61192e8ed9\" \/><\/span><\/label>\n<\/p>\n<p><input class=\"wpcf7-form-control wpcf7-submit has-spinner\" type=\"submit\" value=\"Envoyer\" \/>\n<\/p><div class=\"wpcf7-response-output\" aria-hidden=\"true\"><\/div>\n<\/form>\n<\/div>\n[\/vc_column_text][\/vc_column][vc_column width=&#8221;2\/3&#8243; css=&#8221;.vc_custom_1559754704882{margin-left: 25px !important;}&#8221;][vc_column_text]<\/p>\n<h3>Contactez-nous<\/h3>\n<p>[\/vc_column_text][vc_empty_space height=&#8221;22px&#8221;][vc_column_text]<strong>Thirteen Strings accueille toujours de nouveaux b\u00e9n\u00e9voles pour sa saison de concerts.<\/strong><\/p>\n<p>&nbsp;<\/p>\n<p>[vc_separator type=&#8217;normal&#8217; position=&#8217;center&#8217; color=&#8221; thickness=&#8221; up=&#8217;10&#8217; down=&#8217;10&#8217;]<\/p>\n<p>DESCRIPTION DES DIFF\u00c9RENTS POSTES DE B\u00c9N\u00c9VOLES<\/p>\n<p>[\/vc_column_text][vc_column_text][vc_separator type=&#8217;normal&#8217; position=&#8217;center&#8217; color=&#8221; thickness=&#8221; up=&#8217;10&#8217; down=&#8217;10&#8217;]<br \/>\n<strong>Ouvreur \/ Ouvreuse<\/strong><\/p>\n<ul>\n<li>Vous \u00eates le premier point de contact des spectateurs pour les aider \u00e0 trouver leurs places, r\u00e9pondre \u00e0 leurs questions au sujet du spectacle en particulier ou de Thirteen Strings en g\u00e9n\u00e9ral.<\/li>\n<li>Aimable, vous aimez dialoguer avec des personnes de tous les milieux.<\/li>\n<li>Vous \u00eates capable de suivre les instructions du chef de salle.<\/li>\n<li>Vous \u00eates capable de travailler sans supervision\u00a0et d\u2019adapter votre personnalit\u00e9 \u00e0 celle des autres b\u00e9n\u00e9voles.<\/li>\n<\/ul>\n<p>[vc_separator type=&#8217;normal&#8217; position=&#8217;center&#8217; color=&#8221; thickness=&#8221; up=&#8217;10&#8217; down=&#8217;10&#8217;]<\/p>\n<p><strong>Machiniste<\/strong><\/p>\n<ul>\n<li>Vous \u00eates le premier\u00a0point de contact de tous les artistes.<\/li>\n<li>Vous \u00eates capable de suivre les instructions du r\u00e9gisseur ou de la r\u00e9gisseuse.<\/li>\n<li>Vous \u00eates capable de soulever et de porter facilement du mat\u00e9riel pesant jusqu\u2019\u00e0 40 livres.<\/li>\n<li>Vous aimez dialoguer avec les artistes et savez rester professionnel(-le) \u00e0 tous moments.<\/li>\n<li>Vous \u00eates capable de travailler sans supervision\u00a0et d\u2019adapter votre personnalit\u00e9 \u00e0 celle des autres b\u00e9n\u00e9voles.<\/li>\n<\/ul>\n<p>[vc_separator type=&#8217;normal&#8217; position=&#8217;center&#8217; color=&#8221; thickness=&#8221; up=&#8217;10&#8217; down=&#8217;10&#8217;]<\/p>\n<p><strong>Pr\u00e9pos\u00e9(-e) \u00e0 la billetterie et \u00e0 la vente de CD\u00a0<\/strong><\/p>\n<ul>\n<li>Vous \u00eates le premier\u00a0point de contact de tous les artistes, spectateurs et b\u00e9n\u00e9voles.<\/li>\n<li>Ponctuel(-le), minutieux(-se) et organis\u00e9(-e), vous avez de l\u2019exp\u00e9rience dans le domaine de la billetterie ou du service \u00e0 la client\u00e8le.<\/li>\n<li>Vous connaissez Thirteen Strings.<\/li>\n<li>Vous \u00eates\u00a0capable de compter et d\u2019\u00e9quilibrer les fonds de caisse\u00a0ainsi que\u00a0de noter tous les \u00e9carts pour les soumettre\u00a0\u00e0 notre comptable.<\/li>\n<\/ul>\n<p>[vc_separator type=&#8217;normal&#8217; position=&#8217;center&#8217; color=&#8221; thickness=&#8221; up=&#8217;10&#8217; down=&#8217;10&#8217;]<\/p>\n<p><strong>Soutien de bureau\u00a0<\/strong><\/p>\n<p><em>* Y compris avant et apr\u00e8s un \u00e9v\u00e9nement\u00a0<\/em><\/p>\n<ul>\n<li>Ponctuel(-le), minutieux(-se) et organis\u00e9(-e).<\/li>\n<li>Vous\u00a0connaissez Thirteen Strings.<\/li>\n<li>Vous aimez travailler dans un bureau o\u00f9 vous aurez pour mission de vous occuper du mat\u00e9riel \u00e0 distribuer, de pr\u00e9parer du mat\u00e9riel pour les concerts et de vous acquitter d\u2019autres t\u00e2ches administratives g\u00e9n\u00e9rales.<\/li>\n<li>Vous \u00eates capable de travailler sans supervision, selon les n\u00e9cessit\u00e9s, et savez adapter votre personnalit\u00e9 \u00e0 celle des autres b\u00e9n\u00e9voles.<\/li>\n<\/ul>\n<p>[vc_separator type=&#8217;normal&#8217; position=&#8217;center&#8217; color=&#8221; thickness=&#8221; up=&#8217;10&#8217; down=&#8217;10&#8217;]<\/p>\n<p><strong>Photographe \/ Vid\u00e9ographe<\/strong><\/p>\n<p><em>*Postes limit\u00e9s : la priorit\u00e9 sera accord\u00e9e aux b\u00e9n\u00e9voles avec de l\u2019exp\u00e9rience<\/em><\/p>\n<ul>\n<li>Vous aimez la photographie et\u00a0 avez votre propre appareil-photo et votre propre tr\u00e9pied.<\/li>\n<li>Vous aimez cr\u00e9er des vid\u00e9os\u00a0 et filmer des spectacles en direct. Vous avez votre propre mat\u00e9riel vid\u00e9o.<\/li>\n<li>Vous \u00eates pr\u00eat(-e) \u00e0\u00a0travailler avec une feuille de route (<em>fournie \u00e0 l\u2019avance<\/em>) et \u00e0\u00a0r\u00e9viser et soumettre les dossiers \/ vid\u00e9os dans des d\u00e9lais serr\u00e9s (<em>g\u00e9n\u00e9ralement dans les 24 heures<\/em>) \u00e0 des fins de marketing.<\/li>\n<\/ul>\n<p>[vc_separator type=&#8217;normal&#8217; position=&#8217;center&#8217; color=&#8221; thickness=&#8221; up=&#8217;10&#8217; down=&#8217;10&#8217;]<\/p>\n<p><strong>Adjoint(e) responsable des m\u00e9dias sociaux<\/strong><\/p>\n<ul>\n<li>Vous ADOREZ les plateformes de m\u00e9dia social (Facebook, Twitter, Instagram).<\/li>\n<li>Vous avez votre propre t\u00e9l\u00e9phone intelligent et n\u2019h\u00e9sitez pas \u00e0 l\u2019utiliser pour les besoins de Thirteen Strings.<\/li>\n<li>Vous \u00eates pr\u00eat(-e) \u00e0 travailler dans les param\u00e8tres \u00e9tablis par Thirteen Strings pour assurer que les \u00a0images,\u00a0le langage et les #mots-clics affich\u00e9s sont appropri\u00e9s.\u00a0<em>*Il faudra suivre des directives tr\u00e8s strictes, vu que toute publication d\u00e9favorable peut entra\u00eener une action en justice. \u00a0<\/em><\/li>\n<\/ul>\n<p>[vc_separator type=&#8217;normal&#8217; position=&#8217;center&#8217; color=&#8221; thickness=&#8221; up=&#8217;10&#8217; down=&#8217;10&#8217;]<\/p>\n<p>Si vous souhaitez faire du b\u00e9n\u00e9volat pendant avec Thirteen Strings, veuillez communiquer avec nous.[\/vc_column_text][\/vc_column][\/vc_row][vc_row][vc_column][vc_empty_space][\/vc_column][\/vc_row]<\/p>\n<\/div>","protected":false},"excerpt":{"rendered":"<p>[vc_row row_type=&#8221;row&#8221; use_row_as_full_screen_section=&#8221;no&#8221; type=&#8221;full_width&#8221; angled_section=&#8221;no&#8221; text_align=&#8221;left&#8221; background_image_as_pattern=&#8221;without_pattern&#8221;][vc_column width=&#8221;1\/3&#8243;][vc_single_image image=&#8221;668&#8243; img_size=&#8221;full&#8221; alignment=&#8221;center&#8221; qode_css_animation=&#8221;&#8221;][vc_column_text][\/vc_column_text][\/vc_column][vc_column width=&#8221;2\/3&#8243; css=&#8221;.vc_custom_1559754704882{margin-left: 25px !important;}&#8221;][vc_column_text] Contactez-nous [\/vc_column_text][vc_empty_space height=&#8221;22px&#8221;][vc_column_text]Thirteen Strings accueille toujours de nouveaux b\u00e9n\u00e9voles pour sa saison de concerts. &nbsp; [vc_separator type=&#8217;normal&#8217; position=&#8217;center&#8217; color=&#8221; thickness=&#8221; up=&#8217;10&#8217; down=&#8217;10&#8217;] DESCRIPTION DES DIFF\u00c9RENTS POSTES DE B\u00c9N\u00c9VOLES [\/vc_column_text][vc_column_text][vc_separator&#8230;<\/p>\n","protected":false},"author":2,"featured_media":0,"parent":0,"menu_order":0,"comment_status":"closed","ping_status":"closed","template":"","meta":{"footnotes":""},"class_list":["post-599","page","type-page","status-publish","hentry"],"_links":{"self":[{"href":"https:\/\/thirteenstrings.ca\/fr\/wp-json\/wp\/v2\/pages\/599","targetHints":{"allow":["GET"]}}],"collection":[{"href":"https:\/\/thirteenstrings.ca\/fr\/wp-json\/wp\/v2\/pages"}],"about":[{"href":"https:\/\/thirteenstrings.ca\/fr\/wp-json\/wp\/v2\/types\/page"}],"author":[{"embeddable":true,"href":"https:\/\/thirteenstrings.ca\/fr\/wp-json\/wp\/v2\/users\/2"}],"replies":[{"embeddable":true,"href":"https:\/\/thirteenstrings.ca\/fr\/wp-json\/wp\/v2\/comments?post=599"}],"version-history":[{"count":9,"href":"https:\/\/thirteenstrings.ca\/fr\/wp-json\/wp\/v2\/pages\/599\/revisions"}],"predecessor-version":[{"id":25916,"href":"https:\/\/thirteenstrings.ca\/fr\/wp-json\/wp\/v2\/pages\/599\/revisions\/25916"}],"wp:attachment":[{"href":"https:\/\/thirteenstrings.ca\/fr\/wp-json\/wp\/v2\/media?parent=599"}],"curies":[{"name":"wp","href":"https:\/\/api.w.org\/{rel}","templated":true}]}}