{"id":37732,"date":"2025-10-22T14:31:58","date_gmt":"2025-10-22T18:31:58","guid":{"rendered":"https:\/\/thirteenstrings.ca\/?page_id=37732"},"modified":"2025-10-22T14:36:25","modified_gmt":"2025-10-22T18:36:25","slug":"personnel","status":"publish","type":"page","link":"https:\/\/thirteenstrings.ca\/fr\/personnel\/","title":{"rendered":"Personnel"},"content":{"rendered":"<div class=\"wpb-content-wrapper\"><p>[vc_row css_animation=&#8221;&#8221; row_type=&#8221;row&#8221; use_row_as_full_screen_section=&#8221;no&#8221; type=&#8221;full_width&#8221; angled_section=&#8221;no&#8221; text_align=&#8221;left&#8221; background_image_as_pattern=&#8221;without_pattern&#8221;][vc_column css=&#8221;.vc_custom_1558377370190{padding-bottom: 50px !important;}&#8221;][vc_column_text css=&#8221;.vc_custom_1761158120028{margin-bottom: 30px !important;}&#8221;]<\/p>\n<h3 style=\"text-align: left;\">Personnel<\/h3>\n<p>[\/vc_column_text][vc_column_text css=&#8221;&#8221;]<strong>Guylaine Lemaire <\/strong><br \/>\nDirectrice g\u00e9n\u00e9rale et Directrice de la planification artistique<\/p>\n<p><strong>Brigitte Amyot<\/strong><br \/>\nG\u00e9rante du personnel<\/p>\n<p><strong>Solange Tremblay <\/strong><br \/>\nMusicoth\u00e9caire<\/p>\n<p><strong>Kita Szpak<\/strong><br \/>\nConsultante m\u00e9dias et publicit\u00e9<\/p>\n<p><strong>Sabrina Pound<\/strong><br \/>\nAssistante \u00e0 la billetterie et aux dons<\/p>\n<p><strong>Dianne Wadden<\/strong><br \/>\nAssistante \u00e0 la billetterie et r\u00e9ceptions<\/p>\n<p><strong>Anastasia Krachkovskaya<\/strong><br \/>\nConception du site Web et graphisme<\/p>\n<p><strong>Ryan MacGrath (The Arts Firm)<\/strong><br \/>\nConsultant m\u00e9dias sociaux[\/vc_column_text][\/vc_column][\/vc_row]<\/p>\n<\/div>","protected":false},"excerpt":{"rendered":"<p>[vc_row css_animation=&#8221;&#8221; row_type=&#8221;row&#8221; use_row_as_full_screen_section=&#8221;no&#8221; type=&#8221;full_width&#8221; angled_section=&#8221;no&#8221; text_align=&#8221;left&#8221; background_image_as_pattern=&#8221;without_pattern&#8221;][vc_column css=&#8221;.vc_custom_1558377370190{padding-bottom: 50px !important;}&#8221;][vc_column_text css=&#8221;.vc_custom_1761158120028{margin-bottom: 30px !important;}&#8221;] Personnel [\/vc_column_text][vc_column_text css=&#8221;&#8221;]Guylaine Lemaire Directrice g\u00e9n\u00e9rale et Directrice de la planification artistique Brigitte Amyot G\u00e9rante du personnel Solange Tremblay Musicoth\u00e9caire Kita Szpak Consultante m\u00e9dias et publicit\u00e9 Sabrina Pound Assistante \u00e0 la&#8230;<\/p>\n","protected":false},"author":2,"featured_media":0,"parent":0,"menu_order":0,"comment_status":"closed","ping_status":"closed","template":"","meta":{"footnotes":""},"class_list":["post-37732","page","type-page","status-publish","hentry"],"_links":{"self":[{"href":"https:\/\/thirteenstrings.ca\/fr\/wp-json\/wp\/v2\/pages\/37732","targetHints":{"allow":["GET"]}}],"collection":[{"href":"https:\/\/thirteenstrings.ca\/fr\/wp-json\/wp\/v2\/pages"}],"about":[{"href":"https:\/\/thirteenstrings.ca\/fr\/wp-json\/wp\/v2\/types\/page"}],"author":[{"embeddable":true,"href":"https:\/\/thirteenstrings.ca\/fr\/wp-json\/wp\/v2\/users\/2"}],"replies":[{"embeddable":true,"href":"https:\/\/thirteenstrings.ca\/fr\/wp-json\/wp\/v2\/comments?post=37732"}],"version-history":[{"count":3,"href":"https:\/\/thirteenstrings.ca\/fr\/wp-json\/wp\/v2\/pages\/37732\/revisions"}],"predecessor-version":[{"id":37735,"href":"https:\/\/thirteenstrings.ca\/fr\/wp-json\/wp\/v2\/pages\/37732\/revisions\/37735"}],"wp:attachment":[{"href":"https:\/\/thirteenstrings.ca\/fr\/wp-json\/wp\/v2\/media?parent=37732"}],"curies":[{"name":"wp","href":"https:\/\/api.w.org\/{rel}","templated":true}]}}