{"id":37711,"date":"2025-10-21T22:19:08","date_gmt":"2025-10-22T02:19:08","guid":{"rendered":"https:\/\/thirteenstrings.ca\/?page_id=37711"},"modified":"2026-03-30T15:06:25","modified_gmt":"2026-03-30T19:06:25","slug":"conseil-dadministration","status":"publish","type":"page","link":"https:\/\/thirteenstrings.ca\/fr\/conseil-dadministration\/","title":{"rendered":"Conseil d\u2019administration"},"content":{"rendered":"<div class=\"wpb-content-wrapper\"><p>[vc_row css_animation=&#8221;&#8221; row_type=&#8221;row&#8221; use_row_as_full_screen_section=&#8221;no&#8221; type=&#8221;full_width&#8221; angled_section=&#8221;no&#8221; text_align=&#8221;left&#8221; background_image_as_pattern=&#8221;without_pattern&#8221;][vc_column css=&#8221;.vc_custom_1558377370190{padding-bottom: 50px !important;}&#8221;][vc_column_text css=&#8221;.vc_custom_1761099581665{margin-bottom: 30px !important;}&#8221;]<\/p>\n<h3 style=\"text-align: center;\">Conseil d\u2019administration<\/h3>\n<p>[\/vc_column_text][vc_column_text css=&#8221;&#8221;]<\/p>\n<p style=\"text-align: center;\"><strong>Pr\u00e9sident<\/strong><br \/>\nRobert MacDonald<\/p>\n<p style=\"text-align: center;\"><strong>Vice-pr\u00e9sidents<\/strong><br \/>\nJasmin Hu<br \/>\nVincent Klassen<\/p>\n<p style=\"text-align: center;\"><strong>Tr\u00e9sorier<\/strong><br \/>\nChristian Perry<\/p>\n<p style=\"text-align: center;\"><strong>Secr\u00e9taire<\/strong><br \/>\nIsabelle Tooker<\/p>\n<p style=\"text-align: center;\">Charles Birchall<br \/>\nAlyssa English<br \/>\nPierre Gratton<br \/>\nAshley Vekeman<br \/>\nPamela Miller<br \/>\nDenis Tang<br \/>\nShanna\u00a0Oss\u00e9<\/p>\n<p>[\/vc_column_text][\/vc_column][\/vc_row]<\/p>\n<\/div>","protected":false},"excerpt":{"rendered":"<p>[vc_row css_animation=&#8221;&#8221; row_type=&#8221;row&#8221; use_row_as_full_screen_section=&#8221;no&#8221; type=&#8221;full_width&#8221; angled_section=&#8221;no&#8221; text_align=&#8221;left&#8221; background_image_as_pattern=&#8221;without_pattern&#8221;][vc_column css=&#8221;.vc_custom_1558377370190{padding-bottom: 50px !important;}&#8221;][vc_column_text css=&#8221;.vc_custom_1761099581665{margin-bottom: 30px !important;}&#8221;] Conseil d\u2019administration [\/vc_column_text][vc_column_text css=&#8221;&#8221;] Pr\u00e9sident Robert MacDonald Vice-pr\u00e9sidents Jasmin Hu Vincent Klassen Tr\u00e9sorier Christian Perry Secr\u00e9taire Isabelle Tooker Charles Birchall Alyssa English Pierre Gratton Ashley Vekeman Pamela Miller Denis Tang Shanna\u00a0Oss\u00e9&#8230;<\/p>\n","protected":false},"author":2,"featured_media":0,"parent":0,"menu_order":0,"comment_status":"closed","ping_status":"closed","template":"","meta":{"footnotes":""},"class_list":["post-37711","page","type-page","status-publish","hentry"],"_links":{"self":[{"href":"https:\/\/thirteenstrings.ca\/fr\/wp-json\/wp\/v2\/pages\/37711","targetHints":{"allow":["GET"]}}],"collection":[{"href":"https:\/\/thirteenstrings.ca\/fr\/wp-json\/wp\/v2\/pages"}],"about":[{"href":"https:\/\/thirteenstrings.ca\/fr\/wp-json\/wp\/v2\/types\/page"}],"author":[{"embeddable":true,"href":"https:\/\/thirteenstrings.ca\/fr\/wp-json\/wp\/v2\/users\/2"}],"replies":[{"embeddable":true,"href":"https:\/\/thirteenstrings.ca\/fr\/wp-json\/wp\/v2\/comments?post=37711"}],"version-history":[{"count":7,"href":"https:\/\/thirteenstrings.ca\/fr\/wp-json\/wp\/v2\/pages\/37711\/revisions"}],"predecessor-version":[{"id":39509,"href":"https:\/\/thirteenstrings.ca\/fr\/wp-json\/wp\/v2\/pages\/37711\/revisions\/39509"}],"wp:attachment":[{"href":"https:\/\/thirteenstrings.ca\/fr\/wp-json\/wp\/v2\/media?parent=37711"}],"curies":[{"name":"wp","href":"https:\/\/api.w.org\/{rel}","templated":true}]}}