{"id":37439,"date":"2025-09-25T21:38:34","date_gmt":"2025-09-26T01:38:34","guid":{"rendered":"https:\/\/thirteenstrings.ca\/?page_id=37439"},"modified":"2026-04-28T21:24:32","modified_gmt":"2026-04-29T01:24:32","slug":"concerts-a-venir","status":"publish","type":"page","link":"https:\/\/thirteenstrings.ca\/fr\/concerts-a-venir\/","title":{"rendered":"Concerts \u00e0 venir"},"content":{"rendered":"<div class=\"wpb-content-wrapper\"><p>[vc_row css_animation=\u00a0\u00bb\u00a0\u00bb row_type=\u00a0\u00bbrow\u00a0\u00bb use_row_as_full_screen_section=\u00a0\u00bbno\u00a0\u00bb type=\u00a0\u00bbfull_width\u00a0\u00bb angled_section=\u00a0\u00bbno\u00a0\u00bb text_align=\u00a0\u00bbleft\u00a0\u00bb background_image_as_pattern=\u00a0\u00bbwithout_pattern\u00a0\u00bb][vc_column][vc_column_text css=\u00a0\u00bb\u00a0\u00bb]<\/p>\n<h1>Concerts \u00e0 venir<\/h1>\n<p>[\/vc_column_text][\/vc_column][\/vc_row][vc_row css_animation=\u00a0\u00bb\u00a0\u00bb row_type=\u00a0\u00bbrow\u00a0\u00bb use_row_as_full_screen_section=\u00a0\u00bbno\u00a0\u00bb type=\u00a0\u00bbfull_width\u00a0\u00bb angled_section=\u00a0\u00bbno\u00a0\u00bb text_align=\u00a0\u00bbleft\u00a0\u00bb background_image_as_pattern=\u00a0\u00bbwithout_pattern\u00a0\u00bb][vc_column][vc_empty_space][\/vc_column][\/vc_row][vc_row css_animation=\u00a0\u00bb\u00a0\u00bb row_type=\u00a0\u00bbrow\u00a0\u00bb use_row_as_full_screen_section=\u00a0\u00bbno\u00a0\u00bb type=\u00a0\u00bbfull_width\u00a0\u00bb angled_section=\u00a0\u00bbno\u00a0\u00bb text_align=\u00a0\u00bbleft\u00a0\u00bb background_image_as_pattern=\u00a0\u00bbwithout_pattern\u00a0\u00bb][vc_column width=\u00a0\u00bb1\/3&Prime;][vc_single_image image=\u00a0\u00bb37331&Prime; img_size=\u00a0\u00bbfull\u00a0\u00bb style=\u00a0\u00bbvc_box_rounded\u00a0\u00bb onclick=\u00a0\u00bbcustom_link\u00a0\u00bb css=\u00a0\u00bb\u00a0\u00bb qode_css_animation=\u00a0\u00bb\u00a0\u00bb link=\u00a0\u00bbhttps:\/\/thirteenstrings.ca\/fr\/product\/vivaldi-rencontre-piazzolla\/\u00a0\u00bb][vc_empty_space height=\u00a0\u00bb20&Prime;][vc_column_text css=\u00a0\u00bb\u00a0\u00bb]<\/p>\n<h4><em>Vivaldi rencontre Piazzolla<\/em><\/h4>\n<p>Mercredi le 13 mai 2026 | 19 h 30<\/p>\n<p><small>Carleton Dominion-Chalmers Centre<br \/>\n<em>355 rue Cooper, Ottawa (entr\u00e9e sur la rue Lisgar)<\/em><br \/>\n<\/small>[\/vc_column_text][vc_empty_space][\/vc_column][vc_column width=\u00a0\u00bb1\/6&Prime;][\/vc_column][vc_column width=\u00a0\u00bb1\/3&Prime;][vc_single_image image=\u00a0\u00bb39852&Prime; img_size=\u00a0\u00bbfull\u00a0\u00bb style=\u00a0\u00bbvc_box_rounded\u00a0\u00bb onclick=\u00a0\u00bbcustom_link\u00a0\u00bb css=\u00a0\u00bb\u00a0\u00bb qode_css_animation=\u00a0\u00bb\u00a0\u00bb link=\u00a0\u00bbhttps:\/\/thirteenstrings.ca\/fr\/product\/fundraising-reception-for-thirteen-strings\/\u00a0\u00bb][vc_empty_space height=\u00a0\u00bb20&Prime;][vc_column_text css=\u00a0\u00bb\u00a0\u00bb]<\/p>\n<h4><em>R\u00e9ception-b\u00e9n\u00e9fice pour Thirteen Strings<\/em><\/h4>\n<p>Jeudi 11 juin 2026 | 18 h \u2013 20 h<\/p>\n<p><small>\u00c0 l\u2019Ambassade de France, Ottawa<br \/>\n<em>342 promenade Sussex, Ottawa<br \/>\nOntario K1M 2C9<\/em><br \/>\n<\/small>[\/vc_column_text][vc_empty_space][\/vc_column][vc_column width=\u00a0\u00bb1\/6&Prime;][\/vc_column][\/vc_row][vc_row css_animation=\u00a0\u00bb\u00a0\u00bb row_type=\u00a0\u00bbrow\u00a0\u00bb use_row_as_full_screen_section=\u00a0\u00bbno\u00a0\u00bb type=\u00a0\u00bbfull_width\u00a0\u00bb angled_section=\u00a0\u00bbno\u00a0\u00bb text_align=\u00a0\u00bbleft\u00a0\u00bb background_image_as_pattern=\u00a0\u00bbwithout_pattern\u00a0\u00bb][vc_column][\/vc_column][\/vc_row]<\/p>\n<\/div>","protected":false},"excerpt":{"rendered":"<p>[vc_row css_animation=\u00a0\u00bb\u00a0\u00bb row_type=\u00a0\u00bbrow\u00a0\u00bb use_row_as_full_screen_section=\u00a0\u00bbno\u00a0\u00bb type=\u00a0\u00bbfull_width\u00a0\u00bb angled_section=\u00a0\u00bbno\u00a0\u00bb text_align=\u00a0\u00bbleft\u00a0\u00bb background_image_as_pattern=\u00a0\u00bbwithout_pattern\u00a0\u00bb][vc_column][vc_column_text css=\u00a0\u00bb\u00a0\u00bb] Concerts \u00e0 venir [\/vc_column_text][\/vc_column][\/vc_row][vc_row css_animation=\u00a0\u00bb\u00a0\u00bb row_type=\u00a0\u00bbrow\u00a0\u00bb use_row_as_full_screen_section=\u00a0\u00bbno\u00a0\u00bb type=\u00a0\u00bbfull_width\u00a0\u00bb angled_section=\u00a0\u00bbno\u00a0\u00bb text_align=\u00a0\u00bbleft\u00a0\u00bb background_image_as_pattern=\u00a0\u00bbwithout_pattern\u00a0\u00bb][vc_column][vc_empty_space][\/vc_column][\/vc_row][vc_row css_animation=\u00a0\u00bb\u00a0\u00bb row_type=\u00a0\u00bbrow\u00a0\u00bb use_row_as_full_screen_section=\u00a0\u00bbno\u00a0\u00bb type=\u00a0\u00bbfull_width\u00a0\u00bb angled_section=\u00a0\u00bbno\u00a0\u00bb text_align=\u00a0\u00bbleft\u00a0\u00bb background_image_as_pattern=\u00a0\u00bbwithout_pattern\u00a0\u00bb][vc_column width=\u00a0\u00bb1\/3&Prime;][vc_single_image image=\u00a0\u00bb37331&Prime; img_size=\u00a0\u00bbfull\u00a0\u00bb style=\u00a0\u00bbvc_box_rounded\u00a0\u00bb onclick=\u00a0\u00bbcustom_link\u00a0\u00bb css=\u00a0\u00bb\u00a0\u00bb qode_css_animation=\u00a0\u00bb\u00a0\u00bb link=\u00a0\u00bbhttps:\/\/thirteenstrings.ca\/fr\/product\/vivaldi-rencontre-piazzolla\/\u00a0\u00bb][vc_empty_space height=\u00a0\u00bb20&Prime;][vc_column_text css=\u00a0\u00bb\u00a0\u00bb] Vivaldi rencontre Piazzolla Mercredi le 13 mai 2026&#8230;<\/p>\n","protected":false},"author":2,"featured_media":0,"parent":0,"menu_order":0,"comment_status":"closed","ping_status":"closed","template":"","meta":{"footnotes":""},"class_list":["post-37439","page","type-page","status-publish","hentry"],"_links":{"self":[{"href":"https:\/\/thirteenstrings.ca\/fr\/wp-json\/wp\/v2\/pages\/37439","targetHints":{"allow":["GET"]}}],"collection":[{"href":"https:\/\/thirteenstrings.ca\/fr\/wp-json\/wp\/v2\/pages"}],"about":[{"href":"https:\/\/thirteenstrings.ca\/fr\/wp-json\/wp\/v2\/types\/page"}],"author":[{"embeddable":true,"href":"https:\/\/thirteenstrings.ca\/fr\/wp-json\/wp\/v2\/users\/2"}],"replies":[{"embeddable":true,"href":"https:\/\/thirteenstrings.ca\/fr\/wp-json\/wp\/v2\/comments?post=37439"}],"version-history":[{"count":15,"href":"https:\/\/thirteenstrings.ca\/fr\/wp-json\/wp\/v2\/pages\/37439\/revisions"}],"predecessor-version":[{"id":39972,"href":"https:\/\/thirteenstrings.ca\/fr\/wp-json\/wp\/v2\/pages\/37439\/revisions\/39972"}],"wp:attachment":[{"href":"https:\/\/thirteenstrings.ca\/fr\/wp-json\/wp\/v2\/media?parent=37439"}],"curies":[{"name":"wp","href":"https:\/\/api.w.org\/{rel}","templated":true}]}}