{"id":28447,"date":"2023-02-13T09:36:51","date_gmt":"2023-02-13T14:36:51","guid":{"rendered":"https:\/\/thirteenstrings.ca\/?page_id=28447"},"modified":"2025-03-27T14:11:45","modified_gmt":"2025-03-27T18:11:45","slug":"donateurs","status":"publish","type":"page","link":"https:\/\/thirteenstrings.ca\/fr\/donateurs\/","title":{"rendered":"Donateurs"},"content":{"rendered":"<div class=\"wpb-content-wrapper\"><p>[vc_row css_animation=&#8221;&#8221; row_type=&#8221;row&#8221; use_row_as_full_screen_section=&#8221;no&#8221; type=&#8221;full_width&#8221; angled_section=&#8221;no&#8221; text_align=&#8221;left&#8221; background_image_as_pattern=&#8221;without_pattern&#8221;][vc_column][vc_column_text css=&#8221;.vc_custom_1676298972440{padding-bottom: 30px !important;}&#8221;]<\/p>\n<h3>Nos donateurs<\/h3>\n<p>[\/vc_column_text][\/vc_column][\/vc_row][vc_row css_animation=&#8221;&#8221; row_type=&#8221;row&#8221; use_row_as_full_screen_section=&#8221;no&#8221; type=&#8221;full_width&#8221; angled_section=&#8221;no&#8221; text_align=&#8221;left&#8221; background_image_as_pattern=&#8221;without_pattern&#8221;][vc_column][vc_column_text]<\/p>\n<p class=\"p1\"><span class=\"s1\">Nos sinc\u00e8res remerciements \u00e0 tous nos <\/span>donateurs des derniers 18 mois dont le soutien est indispensable \u00e0 la r\u00e9alisation de nos concerts.<\/p>\n<p>[\/vc_column_text][\/vc_column][\/vc_row][vc_row css_animation=&#8221;&#8221; row_type=&#8221;row&#8221; use_row_as_full_screen_section=&#8221;no&#8221; type=&#8221;full_width&#8221; angled_section=&#8221;no&#8221; text_align=&#8221;left&#8221; background_image_as_pattern=&#8221;without_pattern&#8221;][vc_column][vc_empty_space][\/vc_column][\/vc_row][vc_row css_animation=&#8221;&#8221; row_type=&#8221;row&#8221; use_row_as_full_screen_section=&#8221;no&#8221; type=&#8221;full_width&#8221; angled_section=&#8221;no&#8221; text_align=&#8221;left&#8221; background_image_as_pattern=&#8221;without_pattern&#8221;][vc_column][vc_row_inner row_type=&#8221;row&#8221; type=&#8221;full_width&#8221; text_align=&#8221;left&#8221; css_animation=&#8221;&#8221;][vc_column_inner width=&#8221;1\/4&#8243;][vc_column_text css=&#8221;&#8221;]<\/p>\n<p class=\"p1\"><span class=\"s1\"><b>Bienfaiteur (1 000 $ ou plus)<\/b><\/span><\/p>\n<p>Hilary Geller &amp; Charles Birchall<br \/>\nMargaret &amp; John Coleman<br \/>\nAllison &amp; Jim Dingle<br \/>\nDr. Sharon Kuder<br \/>\n(Principal Cello chair sponsor)<br \/>\nPierre Gratton<br \/>\nMarina Kun<br \/>\nClaire &amp; Robert MacDonald<br \/>\nLise Ouimet &amp; John McPherson<br \/>\nMay Morpaw<br \/>\nChristian Perry<br \/>\nAndr\u00e9e &amp; Torrance Wylie<br \/>\nThe Estate of Richard G. Page[\/vc_column_text][vc_column_text css=&#8221;&#8221;]<strong>Chef (500 $ \u00e0 999 $)<\/strong><\/p>\n<p>Graham Carpenter<br \/>\nDr. Elaine Keillor<br \/>\nFr\u00e9d\u00e9rique Tsai-Klassen &amp; Vincent Klassen<br \/>\nFred &amp; Dorothy Perry<br \/>\nJudy and Peter Rinfret<br \/>\nMary Wilson Trider<\/p>\n<p><strong>Partisan (250 $ \u00e0 499 $)<\/strong><\/p>\n<p>John G Armstrong<br \/>\nJean B\u00e9dard<br \/>\nSylvia Gazsi Gill<br \/>\nHelen Griffin<br \/>\nGilles Morier<br \/>\nMichael Par\u00e9<br \/>\nHeather Seabrook<br \/>\nBruce and Ginny Thomson<br \/>\nJane Waterston[\/vc_column_text][\/vc_column_inner][vc_column_inner width=&#8221;1\/4&#8243;][vc_column_text css=&#8221;&#8221;]<strong>M\u00e9c\u00e8ne (100 $ 249 $)<\/strong><\/p>\n<p>Claudia Rosianu &amp; Christian Cojocaru<br \/>\nJan-Francois Grabowiecki &amp;<br \/>\nVeronique Nobert<br \/>\nKerry Abel<br \/>\nJeannine &amp; Sylvain Belanger<br \/>\nJanet Still &amp; Benedykt Syposz<br \/>\nKevin Bosch<br \/>\nDaniel Brunet<br \/>\nBarrie Burns<br \/>\nKevin Burns<br \/>\nJanet Campbell<br \/>\nMarg Campbell<br \/>\nGillian Chaloner-Larsson<br \/>\nCarol Chamberlain<br \/>\nBarbara Clubb<br \/>\nLucille Collard<br \/>\nPatrick Leblond &amp; Constanza Musu<br \/>\nRobert Craig<br \/>\nGilles Morier &amp; Danielle M\u00e9nard<br \/>\nElizabeth Sanderson &amp; Didier Delahousse<br \/>\nSharon Day-Newman &amp; Don Newman<br \/>\nBrenda Cutler &amp; Thomas Douglis<br \/>\nChristiane Laframboise &amp; Dr. Patrick Roy<br \/>\nChantal Biro &amp; Dr. St\u00e9phane Laframboise<br \/>\nGinette Fortune<br \/>\nRonald-Frans Melchers &amp; Francis Bull<br \/>\nColleen &amp; Donald Fraser<br \/>\nDon &amp; Colleen Fraser<br \/>\nPierre Gratton<br \/>\nRobert Hage<br \/>\nGlenn Hawley<br \/>\nCatherine Helwig<br \/>\nGraeme Hendry<br \/>\nMengjie Jasmin Hu<br \/>\nPhotinie Koutsavlis &amp; Jeff Labont\u00e9<br \/>\nMark Pearson &amp; Kelly Cooper<br \/>\nChantelle Komm[\/vc_column_text][\/vc_column_inner][vc_column_inner width=&#8221;1\/4&#8243;][vc_column_text css=&#8221;&#8221;]<strong>M\u00e9c\u00e8ne (100 $ 249 $)<\/strong><\/p>\n<p>Louise Lafleur<br \/>\nTimothy and Rosemary Lane<br \/>\nVictor J &amp; Marilyn Lantis<br \/>\nJustyna Laurie-Lean<br \/>\nLilian Le<br \/>\nPatrick Leblond<br \/>\nMonica Lega<br \/>\nJocelyn Lubczuk<br \/>\nMurray MacDonald<br \/>\nJocelyn Mallett<br \/>\nRoozbeh Matin<br \/>\nGrant McDonald<br \/>\nPamela &amp; David Miller<br \/>\nClaire Mullen<br \/>\nChrista Dickenson &amp; Nicolle Arams<br \/>\nGillian Chaloner-Larsson &amp; Nils Larsson<br \/>\nRod Paterson<br \/>\nGordon Platt<br \/>\nMarian Power<br \/>\nMaurice Prevost<br \/>\nUrsula Rapp &amp; William McKim<br \/>\nRoxanne Dub\u00e9 &amp; Richard Ladouceur<br \/>\nJohanne Blais &amp; Robert Dales<br \/>\nDaniel Robinson<br \/>\nNobina Robinson<br \/>\nThomas Larouche &amp; Saba Khwaja<br \/>\nJennifer Hicks &amp; Sandy Waddell<br \/>\nRobin Segal<br \/>\nThomas Shaw Stiffel<br \/>\nNira Shearer<br \/>\nGalina Shostakovsky<br \/>\nBarbara Shuh<br \/>\nSara Southey<br \/>\nLeonard Surges<br \/>\nAsel Syzdykova- Wardale<br \/>\nDianne &amp; Dugald Topshee<br \/>\nHakan Tunc<br \/>\nMarie Danielle Vachon<br \/>\nAshley Vekeman<br \/>\nEvadne Wallace<br \/>\nSandra Webster[\/vc_column_text][\/vc_column_inner][vc_column_inner width=&#8221;1\/4&#8243;][vc_column_text css=&#8221;&#8221;]<strong>Ami(e) (10 $ \u00e0 99 $)<\/strong><\/p>\n<p>Patricia Archer<br \/>\nColin Ashford<br \/>\nMorgana Asselin<br \/>\nLynne Balcom<br \/>\nPatricia Balcom<br \/>\nAdam Barratt<br \/>\nMich\u00e8le Bazley<br \/>\nDiane Boisjoli<br \/>\nKarla Cisneros Rosado<br \/>\nEithne Considind<br \/>\nJudith Cox<br \/>\nPeter Devenyi<br \/>\nJudith Dowler<br \/>\nBarbara Duggan<br \/>\nAlyssa English<br \/>\nBill Fuller<br \/>\nMonique Gatner<br \/>\nMicheline Gautreau<br \/>\nMarc-Olivier Girard<br \/>\nBibi Hakim<br \/>\nLucy Hargreaves<br \/>\nRick Hartrick<br \/>\nCelina Hawkins<br \/>\nLinda Hoad<br \/>\nCarolyn Inch<br \/>\nAlyssa English &amp; James Granger<br \/>\nNils Larsson<br \/>\nMarie-Reine Lawrence<br \/>\nCatherine Lonie<br \/>\nJulia Loveless<br \/>\nWilliam Loveless<br \/>\nJanet McLaine<br \/>\nRobert &amp; Joan Mott<br \/>\nLeanne Moussa<br \/>\nRosemary O\u2019Shaughnessy<br \/>\nElspeth Ross<br \/>\nStephen Rouble<br \/>\nJo\u00eblle Sanderson<br \/>\nClifford Sosnow<br \/>\nKaryn Standen<br \/>\nAsel Syzdykova<br \/>\nIsabelle Tooker<br \/>\nGlenys Webster<br \/>\nSnowden Zeng<br \/>\n[\/vc_column_text][\/vc_column_inner][\/vc_row_inner][\/vc_column][\/vc_row][vc_row css_animation=&#8221;&#8221; row_type=&#8221;row&#8221; use_row_as_full_screen_section=&#8221;no&#8221; type=&#8221;full_width&#8221; angled_section=&#8221;no&#8221; text_align=&#8221;left&#8221; background_image_as_pattern=&#8221;without_pattern&#8221;][vc_column][vc_empty_space height=&#8221;64px&#8221;][\/vc_column][\/vc_row]<\/p>\n<\/div>","protected":false},"excerpt":{"rendered":"<p>[vc_row css_animation=&#8221;&#8221; row_type=&#8221;row&#8221; use_row_as_full_screen_section=&#8221;no&#8221; type=&#8221;full_width&#8221; angled_section=&#8221;no&#8221; text_align=&#8221;left&#8221; background_image_as_pattern=&#8221;without_pattern&#8221;][vc_column][vc_column_text css=&#8221;.vc_custom_1676298972440{padding-bottom: 30px !important;}&#8221;] Nos donateurs [\/vc_column_text][\/vc_column][\/vc_row][vc_row css_animation=&#8221;&#8221; row_type=&#8221;row&#8221; use_row_as_full_screen_section=&#8221;no&#8221; type=&#8221;full_width&#8221; angled_section=&#8221;no&#8221; text_align=&#8221;left&#8221; background_image_as_pattern=&#8221;without_pattern&#8221;][vc_column][vc_column_text] Nos sinc\u00e8res remerciements \u00e0 tous nos donateurs des derniers 18 mois dont le soutien est indispensable \u00e0 la r\u00e9alisation de nos concerts. [\/vc_column_text][\/vc_column][\/vc_row][vc_row css_animation=&#8221;&#8221;&#8230;<\/p>\n","protected":false},"author":2,"featured_media":0,"parent":0,"menu_order":0,"comment_status":"closed","ping_status":"closed","template":"","meta":{"footnotes":""},"class_list":["post-28447","page","type-page","status-publish","hentry"],"_links":{"self":[{"href":"https:\/\/thirteenstrings.ca\/fr\/wp-json\/wp\/v2\/pages\/28447","targetHints":{"allow":["GET"]}}],"collection":[{"href":"https:\/\/thirteenstrings.ca\/fr\/wp-json\/wp\/v2\/pages"}],"about":[{"href":"https:\/\/thirteenstrings.ca\/fr\/wp-json\/wp\/v2\/types\/page"}],"author":[{"embeddable":true,"href":"https:\/\/thirteenstrings.ca\/fr\/wp-json\/wp\/v2\/users\/2"}],"replies":[{"embeddable":true,"href":"https:\/\/thirteenstrings.ca\/fr\/wp-json\/wp\/v2\/comments?post=28447"}],"version-history":[{"count":6,"href":"https:\/\/thirteenstrings.ca\/fr\/wp-json\/wp\/v2\/pages\/28447\/revisions"}],"predecessor-version":[{"id":36396,"href":"https:\/\/thirteenstrings.ca\/fr\/wp-json\/wp\/v2\/pages\/28447\/revisions\/36396"}],"wp:attachment":[{"href":"https:\/\/thirteenstrings.ca\/fr\/wp-json\/wp\/v2\/media?parent=28447"}],"curies":[{"name":"wp","href":"https:\/\/api.w.org\/{rel}","templated":true}]}}