{"id":26742,"date":"2022-11-13T19:09:27","date_gmt":"2022-11-14T00:09:27","guid":{"rendered":"https:\/\/thirteenstrings.ca\/faire-un-don\/"},"modified":"2024-12-30T14:14:45","modified_gmt":"2024-12-30T19:14:45","slug":"faire-un-don","status":"publish","type":"page","link":"https:\/\/thirteenstrings.ca\/fr\/faire-un-don\/","title":{"rendered":"Faire un don"},"content":{"rendered":"<div class=\"wpb-content-wrapper\"><p>[vc_row css_animation=&#8221;&#8221; row_type=&#8221;row&#8221; use_row_as_full_screen_section=&#8221;no&#8221; type=&#8221;full_width&#8221; angled_section=&#8221;no&#8221; text_align=&#8221;left&#8221; background_image_as_pattern=&#8221;without_pattern&#8221;][vc_column width=&#8221;1\/2&#8243;][vc_single_image image=&#8221;667&#8243; img_size=&#8221;full&#8221; alignment=&#8221;center&#8221; qode_css_animation=&#8221;&#8221;][\/vc_column][vc_column width=&#8221;1\/2&#8243;][vc_column_text]<\/p>\n<h3>NOUS SOMMES RECONNAISSANTS DE VOTRE APPUI !<\/h3>\n<p>La r\u00e9ussite des Thirteen Strings r\u00e9sulte de l\u2019appui de nos g\u00e9n\u00e9reux parrains. En plus d\u2019acheter nos billets, vos dons nous permettent d\u2019attirer les meilleurs talents du monde pour jouer avec notre orchestre de niveau international.[\/vc_column_text][vc_empty_space][vc_raw_html]W3dkcGdrX2RvbmF0aW9uXQ==[\/vc_raw_html][vc_empty_space][vc_column_text css=&#8221;&#8221;]<strong>Cat\u00e9gories de donateur\/donatrice<\/strong><br \/>\nBienfaiteur (1 000 $ ou plus)<br \/>\nChef (500 $ \u00e0 999 $)<br \/>\nPartisan (250 $ \u00e0 499 $)<br \/>\nM\u00e9c\u00e8ne (100 $ 249 $)<br \/>\nAmi(e) (10 $ \u00e0 99 $)<\/p>\n<p><strong>Vous pouvez aussi commanditer nos instrumentistes principaux:<\/strong><br \/>\nViolon solo (4 000 $)<br \/>\nDeuxi\u00e8me violon solo (2 000 $)<br \/>\nAlto solo (2 000 $)<br \/>\nVioloncelle solo (2 000 $) &#8211; Commandit\u00e9[\/vc_column_text][vc_separator type=&#8221;normal&#8221;][vc_column_text css=&#8221;&#8221;]<\/p>\n<h3>Une autre option pour faire un don<\/h3>\n<p>[\/vc_column_text][vc_empty_space height=&#8221;16&#8243;][vc_btn title=&#8221;CANADAHELPS.ORG&#8221; style=&#8221;flat&#8221; shape=&#8221;square&#8221; color=&#8221;info&#8221; size=&#8221;lg&#8221; i_align=&#8221;right&#8221; i_icon_fontawesome=&#8221;far fa-heart&#8221; css=&#8221;.vc_custom_1735586036198{margin-bottom: 3px !important;}&#8221; add_icon=&#8221;true&#8221; link=&#8221;url:https%3A%2F%2Fwww.canadahelps.org%2Fen%2Fdn%2F66818|target:_blank|&#8221;][vc_column_text css=&#8221;&#8221;]<a href=\"https:\/\/www.canadahelps.org\/en\/charities\/thirteen-strings-chamber-orchestra\/\" target=\"_blank\" rel=\"noopener\">https:\/\/www.canadahelps.org\/en\/charities\/thirteen-strings-chamber-orchestra\/<\/a>[\/vc_column_text][vc_separator type=&#8221;normal&#8221;][vc_column_text css=&#8221;&#8221;]Thirteen Strings est un organisme de bienfaisance enregistr\u00e9 au Canada et des re\u00e7us seront \u00e9mis pour tous les dons de 20 $ ou plus.<\/p>\n<p>Nous vous remercions sinc\u00e8rement au nom de Thirteen Strings. Des contributions comme la v\u00f4tre \u00e0 notre organisation permettent vraiment de tout rendre possible.<\/p>\n<p><strong>Num\u00e9ro d\u2019enregistrement de l\u2019organisme de bienfaisance : 119263309RR0001<\/strong>[\/vc_column_text][vc_empty_space][vc_empty_space][\/vc_column][\/vc_row]<\/p>\n<\/div>","protected":false},"excerpt":{"rendered":"<p>[vc_row css_animation=&#8221;&#8221; row_type=&#8221;row&#8221; use_row_as_full_screen_section=&#8221;no&#8221; type=&#8221;full_width&#8221; angled_section=&#8221;no&#8221; text_align=&#8221;left&#8221; background_image_as_pattern=&#8221;without_pattern&#8221;][vc_column width=&#8221;1\/2&#8243;][vc_single_image image=&#8221;667&#8243; img_size=&#8221;full&#8221; alignment=&#8221;center&#8221; qode_css_animation=&#8221;&#8221;][\/vc_column][vc_column width=&#8221;1\/2&#8243;][vc_column_text] NOUS SOMMES RECONNAISSANTS DE VOTRE APPUI ! La r\u00e9ussite des Thirteen Strings r\u00e9sulte de l\u2019appui de nos g\u00e9n\u00e9reux parrains. En plus d\u2019acheter nos billets, vos dons nous permettent d\u2019attirer les meilleurs&#8230;<\/p>\n","protected":false},"author":2,"featured_media":0,"parent":0,"menu_order":0,"comment_status":"closed","ping_status":"closed","template":"","meta":{"footnotes":""},"class_list":["post-26742","page","type-page","status-publish","hentry"],"_links":{"self":[{"href":"https:\/\/thirteenstrings.ca\/fr\/wp-json\/wp\/v2\/pages\/26742","targetHints":{"allow":["GET"]}}],"collection":[{"href":"https:\/\/thirteenstrings.ca\/fr\/wp-json\/wp\/v2\/pages"}],"about":[{"href":"https:\/\/thirteenstrings.ca\/fr\/wp-json\/wp\/v2\/types\/page"}],"author":[{"embeddable":true,"href":"https:\/\/thirteenstrings.ca\/fr\/wp-json\/wp\/v2\/users\/2"}],"replies":[{"embeddable":true,"href":"https:\/\/thirteenstrings.ca\/fr\/wp-json\/wp\/v2\/comments?post=26742"}],"version-history":[{"count":10,"href":"https:\/\/thirteenstrings.ca\/fr\/wp-json\/wp\/v2\/pages\/26742\/revisions"}],"predecessor-version":[{"id":35401,"href":"https:\/\/thirteenstrings.ca\/fr\/wp-json\/wp\/v2\/pages\/26742\/revisions\/35401"}],"wp:attachment":[{"href":"https:\/\/thirteenstrings.ca\/fr\/wp-json\/wp\/v2\/media?parent=26742"}],"curies":[{"name":"wp","href":"https:\/\/api.w.org\/{rel}","templated":true}]}}