{"id":23170,"date":"2021-11-20T19:24:10","date_gmt":"2021-11-21T00:24:10","guid":{"rendered":"https:\/\/thirteenstrings.ca\/?page_id=23170"},"modified":"2024-07-04T14:32:08","modified_gmt":"2024-07-04T18:32:08","slug":"faq","status":"publish","type":"page","link":"https:\/\/thirteenstrings.ca\/fr\/faq\/","title":{"rendered":"FAQ"},"content":{"rendered":"<div class=\"wpb-content-wrapper\"><p>[vc_row css_animation=&#8221;&#8221; row_type=&#8221;row&#8221; use_row_as_full_screen_section=&#8221;no&#8221; type=&#8221;full_width&#8221; angled_section=&#8221;no&#8221; text_align=&#8221;left&#8221; background_image_as_pattern=&#8221;without_pattern&#8221;][vc_column][vc_column_text css=&#8221;&#8221;]<\/p>\n<h3>FAQ<\/h3>\n<p><strong>Quand les spectateurs doivent-ils arriver?<br \/>\n<\/strong>Le concert durera 1 \u00bd heure. Les portes ouvriront 45 minutes avant l\u2019heure de d\u00e9but indiqu\u00e9e sur votre billet et nous encourageons les invit\u00e9s \u00e0 venir au moins 30 minutes avant l\u2019heure de d\u00e9but, car les places sont attribu\u00e9es selon le principe du premier arriv\u00e9, premier servi dans votre zone.<\/p>\n<p><strong>La salle est-elle accessible en fauteuil roulant?<br \/>\n<\/strong>Oui, la salle est accessible en fauteuil roulant.<\/p>\n<p><strong>Y a-t-il de la nourriture et des boissons sur place?<br \/>\n<\/strong>Il n\u2019y aura pas de nourriture ni de boissons sur place. Il est \u00e9galement interdit d\u2019apporter de la nourriture ou des boissons.<\/p>\n<p><strong>Puis-je acheter un billet au concert?<br \/>\n<\/strong>Oui, vous pouvez acheter des billets \u00e0 l\u2019entr\u00e9e du concert. Vous pouvez aussi acheter vos billets en ligne au www.thirteenstrings.ca avant d\u2019arriver au concert.[\/vc_column_text][\/vc_column][\/vc_row][vc_row css_animation=&#8221;&#8221; row_type=&#8221;row&#8221; use_row_as_full_screen_section=&#8221;no&#8221; type=&#8221;full_width&#8221; angled_section=&#8221;no&#8221; text_align=&#8221;left&#8221; background_image_as_pattern=&#8221;without_pattern&#8221;][vc_column][vc_empty_space height=&#8221;64px&#8221;][\/vc_column][\/vc_row]<\/p>\n<\/div>","protected":false},"excerpt":{"rendered":"<p>[vc_row css_animation=&#8221;&#8221; row_type=&#8221;row&#8221; use_row_as_full_screen_section=&#8221;no&#8221; type=&#8221;full_width&#8221; angled_section=&#8221;no&#8221; text_align=&#8221;left&#8221; background_image_as_pattern=&#8221;without_pattern&#8221;][vc_column][vc_column_text css=&#8221;&#8221;] FAQ Quand les spectateurs doivent-ils arriver? Le concert durera 1 \u00bd heure. Les portes ouvriront 45 minutes avant l\u2019heure de d\u00e9but indiqu\u00e9e sur votre billet et nous encourageons les invit\u00e9s \u00e0 venir au moins 30 minutes&#8230;<\/p>\n","protected":false},"author":2,"featured_media":0,"parent":0,"menu_order":0,"comment_status":"closed","ping_status":"closed","template":"","meta":{"footnotes":""},"class_list":["post-23170","page","type-page","status-publish","hentry"],"_links":{"self":[{"href":"https:\/\/thirteenstrings.ca\/fr\/wp-json\/wp\/v2\/pages\/23170","targetHints":{"allow":["GET"]}}],"collection":[{"href":"https:\/\/thirteenstrings.ca\/fr\/wp-json\/wp\/v2\/pages"}],"about":[{"href":"https:\/\/thirteenstrings.ca\/fr\/wp-json\/wp\/v2\/types\/page"}],"author":[{"embeddable":true,"href":"https:\/\/thirteenstrings.ca\/fr\/wp-json\/wp\/v2\/users\/2"}],"replies":[{"embeddable":true,"href":"https:\/\/thirteenstrings.ca\/fr\/wp-json\/wp\/v2\/comments?post=23170"}],"version-history":[{"count":3,"href":"https:\/\/thirteenstrings.ca\/fr\/wp-json\/wp\/v2\/pages\/23170\/revisions"}],"predecessor-version":[{"id":33995,"href":"https:\/\/thirteenstrings.ca\/fr\/wp-json\/wp\/v2\/pages\/23170\/revisions\/33995"}],"wp:attachment":[{"href":"https:\/\/thirteenstrings.ca\/fr\/wp-json\/wp\/v2\/media?parent=23170"}],"curies":[{"name":"wp","href":"https:\/\/api.w.org\/{rel}","templated":true}]}}