{"id":23106,"date":"2021-11-07T17:02:49","date_gmt":"2021-11-07T22:02:49","guid":{"rendered":"https:\/\/thirteenstrings.ca\/?page_id=23106"},"modified":"2024-07-05T14:55:05","modified_gmt":"2024-07-05T18:55:05","slug":"guylaine-lemaire-directrice-generale","status":"publish","type":"page","link":"https:\/\/thirteenstrings.ca\/fr\/guylaine-lemaire-directrice-generale\/","title":{"rendered":"Guylaine Lemaire, Directrice g\u00e9n\u00e9rale"},"content":{"rendered":"<div class=\"wpb-content-wrapper\"><p>[vc_row css_animation=&#8221;&#8221; row_type=&#8221;row&#8221; use_row_as_full_screen_section=&#8221;no&#8221; type=&#8221;full_width&#8221; angled_section=&#8221;no&#8221; text_align=&#8221;left&#8221; background_image_as_pattern=&#8221;without_pattern&#8221; css=&#8221;.vc_custom_1558375225937{margin-top: 35px !important;margin-bottom: 50px !important;}&#8221; z_index=&#8221;&#8221;][vc_column][vc_column_text css=&#8221;.vc_custom_1720205474780{margin-bottom: 20px !important;}&#8221;]<\/p>\n<h3>Directrice g\u00e9n\u00e9rale et Directrice de la planification artistique<\/h3>\n<p>[\/vc_column_text][\/vc_column][vc_column width=&#8221;3\/4&#8243;][vc_column_text]Comptant plus de 20 ans de carri\u00e8re se produisant avec plusieurs parmi les meilleurs musiciens, ensembles et orchestres du Canada, Guylaine Lemaire est une violoniste, altiste et administratrice artistique. En 2013, Guylaine Lemaire a \u00e9t\u00e9 nomm\u00e9e Directrice g\u00e9n\u00e9rale de Thirteen Strings, l\u2019un des quelques orchestres de chambre professionnels au Canada. Depuis 2017, elle est aussi Directrice artistique du Centre musical CAMMAC, situ\u00e9 pr\u00e8s du lac MacDonald, dans la tr\u00e8s belle r\u00e9gion des Laurentides. Elle a particip\u00e9 \u00e0 la plupart des grands festivals de musique du Canada dont le Festival de Lanaudi\u00e8re, Festival of the Sound, le Festival de musique de Lachine, Musique de chambre \u00e0 Ste-P\u00e9tronille, le Festival international du Domaine Forget, le festival du Centre d\u2019art de Banff, Festival Canada au Centre national des Arts et le Festival Musique et Autres Mondes \u00e0 Ottawa.<\/p>\n<p>Ses enregistrements avec les Chambristes du Canada ont fait les \u00e9loges de la critique tant au Canada qu\u2019\u00e0 l\u2019\u00e9tranger. On les entend fr\u00e9quemment \u00e0 la radio. Elle a pris part aux tourn\u00e9es canadiennes et internationales de l\u2019Orchestre du Centre National des Arts dans les sections des premier violons, deuxi\u00e8me violons et d\u2019altos. Elle a aussi jou\u00e9 avec l\u2019Orchestre Symphonique de Montr\u00e9al et avec l\u2019orchestre de chambre Thirteen Strings. Elle est tr\u00e8s en demande comme membre de comit\u00e9s pour des jurys au Conseil des Arts du Canada et au Conseil des Arts de l\u2019Ontario. Elle est mari\u00e9e au violoncelliste Julian Armour, le Directeur g\u00e9n\u00e9ral et artistique du festival Musique et Autres Mondes \u00e0 Ottawa (et violoncelle solo de Thirteen Strings), et aussi professeur adjoint \u00e0 la Sprott School of Business de l\u2019universit\u00e9 Carleton o\u00f9 il enseigne le cours \u201cManaging the Arts\u201d. Ils ont une vie familiale tr\u00e8s active avec leurs quatre fils: Francis, Pascal, Mathis et Philippe.<\/p>\n<p>[vc_separator type=&#8217;transparent&#8217; position=&#8217;center&#8217; color=&#8221; thickness=&#8221; up=&#8217;10&#8217; down=&#8217;10&#8217;][\/vc_column_text][\/vc_column][vc_column width=&#8221;1\/4&#8243;][vc_single_image image=&#8221;23102&#8243; img_size=&#8221;full&#8221; alignment=&#8221;center&#8221; qode_css_animation=&#8221;&#8221;][\/vc_column][\/vc_row]<\/p>\n<\/div>","protected":false},"excerpt":{"rendered":"<p>[vc_row css_animation=&#8221;&#8221; row_type=&#8221;row&#8221; use_row_as_full_screen_section=&#8221;no&#8221; type=&#8221;full_width&#8221; angled_section=&#8221;no&#8221; text_align=&#8221;left&#8221; background_image_as_pattern=&#8221;without_pattern&#8221; css=&#8221;.vc_custom_1558375225937{margin-top: 35px !important;margin-bottom: 50px !important;}&#8221; z_index=&#8221;&#8221;][vc_column][vc_column_text css=&#8221;.vc_custom_1720205474780{margin-bottom: 20px !important;}&#8221;] Directrice g\u00e9n\u00e9rale et Directrice de la planification artistique [\/vc_column_text][\/vc_column][vc_column width=&#8221;3\/4&#8243;][vc_column_text]Comptant plus de 20 ans de carri\u00e8re se produisant avec plusieurs parmi les meilleurs musiciens, ensembles et orchestres du&#8230;<\/p>\n","protected":false},"author":2,"featured_media":0,"parent":0,"menu_order":0,"comment_status":"closed","ping_status":"closed","template":"","meta":{"footnotes":""},"class_list":["post-23106","page","type-page","status-publish","hentry"],"_links":{"self":[{"href":"https:\/\/thirteenstrings.ca\/fr\/wp-json\/wp\/v2\/pages\/23106","targetHints":{"allow":["GET"]}}],"collection":[{"href":"https:\/\/thirteenstrings.ca\/fr\/wp-json\/wp\/v2\/pages"}],"about":[{"href":"https:\/\/thirteenstrings.ca\/fr\/wp-json\/wp\/v2\/types\/page"}],"author":[{"embeddable":true,"href":"https:\/\/thirteenstrings.ca\/fr\/wp-json\/wp\/v2\/users\/2"}],"replies":[{"embeddable":true,"href":"https:\/\/thirteenstrings.ca\/fr\/wp-json\/wp\/v2\/comments?post=23106"}],"version-history":[{"count":4,"href":"https:\/\/thirteenstrings.ca\/fr\/wp-json\/wp\/v2\/pages\/23106\/revisions"}],"predecessor-version":[{"id":34111,"href":"https:\/\/thirteenstrings.ca\/fr\/wp-json\/wp\/v2\/pages\/23106\/revisions\/34111"}],"wp:attachment":[{"href":"https:\/\/thirteenstrings.ca\/fr\/wp-json\/wp\/v2\/media?parent=23106"}],"curies":[{"name":"wp","href":"https:\/\/api.w.org\/{rel}","templated":true}]}}